{"id":7098,"date":"2016-11-28T23:36:00","date_gmt":"2016-11-29T01:36:00","guid":{"rendered":"https:\/\/www.anamt.org.br\/portal\/?page_id=7098"},"modified":"2021-05-14T13:15:32","modified_gmt":"2021-05-14T16:15:32","slug":"relacao-especialistas","status":"publish","type":"page","link":"https:\/\/www.anamt.org.br\/portal\/relacao-especialistas\/","title":{"rendered":"Rela\u00e7\u00e3o de M\u00e9dicos do Trabalho com T\u00edtulo de Especialista ANAMT\/AMB"},"content":{"rendered":"\n\t\t\t\t<form action=\"\" method=\"post\" class=\"searchandfilter\">\n\t\t\t\t\t<div><ul><li><h4>Especialista<\/h4><input type=\"text\" name=\"ofsearch\" placeholder=\"Digite um nome...\" value=\"\"><\/li><li><h4>Estado<\/h4><select  name='ofcategory' id='ofcategory' class='postform'>\n\t<option value='0' selected='selected'>Todos<\/option>\n\t<option class=\"level-0\" value=\"139\">Acre<\/option>\n\t<option class=\"level-0\" value=\"140\">Alagoas<\/option>\n\t<option class=\"level-0\" value=\"197\">\u00c1lcool e Droga no Trabalho<\/option>\n\t<option class=\"level-0\" value=\"141\">Amap\u00e1<\/option>\n\t<option class=\"level-0\" value=\"142\">Amazonas<\/option>\n\t<option class=\"level-0\" value=\"89\">Artigos<\/option>\n\t<option class=\"level-0\" value=\"199\">Assistente T\u00e9cnico<\/option>\n\t<option class=\"level-0\" value=\"198\">Atestado de Sa\u00fade Ocupacional<\/option>\n\t<option class=\"level-0\" value=\"143\">Bahia<\/option>\n\t<option class=\"level-0\" value=\"200\">Campos Eletromagn\u00e9ticos<\/option>\n\t<option class=\"level-0\" value=\"201\">CAT &#8211; Preenchimento<\/option>\n\t<option class=\"level-0\" value=\"144\">Cear\u00e1<\/option>\n\t<option class=\"level-0\" value=\"120\">C\u00f3digos<\/option>\n\t<option class=\"level-0\" value=\"86\">Coluna da presidente<\/option>\n\t<option class=\"level-0\" value=\"263\">Coluna do presidente<\/option>\n\t<option class=\"level-0\" value=\"272\">Congresso ANAMT<\/option>\n\t<option class=\"level-0\" value=\"112\">Decretos<\/option>\n\t<option class=\"level-0\" value=\"267\">Defesa Profissional<\/option>\n\t<option class=\"level-0\" value=\"202\">Deficiente Auditivo<\/option>\n\t<option class=\"level-0\" value=\"203\">Deficiente Fisico<\/option>\n\t<option class=\"level-0\" value=\"145\">Distrito Federal<\/option>\n\t<option class=\"level-0\" value=\"196\">D\u00favidas Frequentes<\/option>\n\t<option class=\"level-0\" value=\"269\">Elei\u00e7\u00f5es<\/option>\n\t<option class=\"level-0\" value=\"220\">Elei\u00e7\u00f5es 2019<\/option>\n\t<option class=\"level-0\" value=\"83\">Ensino e forma\u00e7\u00e3o<\/option>\n\t<option class=\"level-0\" value=\"204\">Espa\u00e7o Confinado<\/option>\n\t<option class=\"level-0\" value=\"229\">Especial Coronav\u00edrus (COVID-19)<\/option>\n\t<option class=\"level-0\" value=\"138\">Especialistas<\/option>\n\t<option class=\"level-0\" value=\"146\">Espirito Santo<\/option>\n\t<option class=\"level-0\" value=\"122\">Estudos e documentos<\/option>\n\t<option class=\"level-0\" value=\"75\">Eventos<\/option>\n\t<option class=\"level-0\" value=\"78\">Eventos<\/option>\n\t<option class=\"level-0\" value=\"271\">Eventos ANAMT<\/option>\n\t<option class=\"level-0\" value=\"270\">Eventos Federadas<\/option>\n\t<option class=\"level-0\" value=\"189\">Eventos internacionais<\/option>\n\t<option class=\"level-0\" value=\"190\">Eventos nacionais<\/option>\n\t<option class=\"level-0\" value=\"205\">Exame M\u00e9dico<\/option>\n\t<option class=\"level-0\" value=\"217\">Federadas<\/option>\n\t<option class=\"level-0\" value=\"206\">Garantia de emprego<\/option>\n\t<option class=\"level-0\" value=\"147\">Goi\u00e1s<\/option>\n\t<option class=\"level-0\" value=\"82\">Inclus\u00e3o e diversidade<\/option>\n\t<option class=\"level-0\" value=\"231\">Informativos Jur\u00eddicos<\/option>\n\t<option class=\"level-0\" value=\"77\">Institucional<\/option>\n\t<option class=\"level-0\" value=\"113\">Instru\u00e7\u00f5es normativas<\/option>\n\t<option class=\"level-0\" value=\"79\">Legisla\u00e7\u00e3o<\/option>\n\t<option class=\"level-0\" value=\"111\">Leis<\/option>\n\t<option class=\"level-0\" value=\"148\">Maranh\u00e3o<\/option>\n\t<option class=\"level-0\" value=\"149\">Mato Grosso<\/option>\n\t<option class=\"level-0\" value=\"150\">Mato Grosso do Sul<\/option>\n\t<option class=\"level-0\" value=\"151\">Minas Gerais<\/option>\n\t<option class=\"level-0\" value=\"114\">Normas regulamentadoras<\/option>\n\t<option class=\"level-0\" value=\"119\">Notas t\u00e9cnicas<\/option>\n\t<option class=\"level-0\" value=\"8\">Not\u00edcias<\/option>\n\t<option class=\"level-0\" value=\"207\">NR7 &#8211; Exames Complementares<\/option>\n\t<option class=\"level-0\" value=\"209\">Pair e Voz Profissional<\/option>\n\t<option class=\"level-0\" value=\"152\">Par\u00e1<\/option>\n\t<option class=\"level-0\" value=\"153\">Paraiba<\/option>\n\t<option class=\"level-0\" value=\"154\">Paran\u00e1<\/option>\n\t<option class=\"level-0\" value=\"117\">Pareceres<\/option>\n\t<option class=\"level-0\" value=\"81\">Per\u00edcia m\u00e9dica<\/option>\n\t<option class=\"level-0\" value=\"155\">Pernambuco<\/option>\n\t<option class=\"level-0\" value=\"156\">Piau\u00ed<\/option>\n\t<option class=\"level-0\" value=\"242\">Podcast<\/option>\n\t<option class=\"level-0\" value=\"109\">Pr\u00e1tica m\u00e9dica<\/option>\n\t<option class=\"level-0\" value=\"216\">Recomenda\u00e7\u00f5es ANAMT<\/option>\n\t<option class=\"level-0\" value=\"121\">Recomenda\u00e7\u00f5es outras entidades<\/option>\n\t<option class=\"level-0\" value=\"115\">Resolu\u00e7\u00f5es<\/option>\n\t<option class=\"level-0\" value=\"116\">Resolu\u00e7\u00f5es do CFM<\/option>\n\t<option class=\"level-0\" value=\"157\">Rio de Janeiro<\/option>\n\t<option class=\"level-0\" value=\"158\">Rio Grande do Norte<\/option>\n\t<option class=\"level-0\" value=\"159\">Rio Grande do Sul<\/option>\n\t<option class=\"level-0\" value=\"160\">Rond\u00f4nia<\/option>\n\t<option class=\"level-0\" value=\"161\">Roraima<\/option>\n\t<option class=\"level-0\" value=\"208\">Ru\u00eddo<\/option>\n\t<option class=\"level-0\" value=\"162\">Santa Catarina<\/option>\n\t<option class=\"level-0\" value=\"163\">S\u00e3o Paulo<\/option>\n\t<option class=\"level-0\" value=\"80\">Sa\u00fade no trabalho<\/option>\n\t<option class=\"level-0\" value=\"1\">Sem categoria<\/option>\n\t<option class=\"level-0\" value=\"164\">Sergipe<\/option>\n\t<option class=\"level-0\" value=\"165\">Tocantis<\/option>\n\t<option class=\"level-0\" value=\"210\">Toxicologia Ocupacional<\/option>\n\t<option class=\"level-0\" value=\"211\">Trabalho em Hospital<\/option>\n\t<option class=\"level-0\" value=\"212\">Trabalho noturno e em turnos<\/option>\n\t<option class=\"level-0\" value=\"213\">Vacina\u00e7\u00e3o dos Trabalhadores<\/option>\n\t<option class=\"level-0\" value=\"88\">Vitrine<\/option>\n<\/select>\n<input type=\"hidden\" name=\"ofcategory_operator\" value=\"and\" \/><\/li><li><h4>Ano<\/h4><select  name='ofpost_tag' id='ofpost_tag' class='postform'>\n\t<option value='0' selected='selected'>Todos<\/option>\n\t<option class=\"level-0\" value=\"175\">1977<\/option>\n\t<option class=\"level-0\" value=\"180\">1981<\/option>\n\t<option class=\"level-0\" value=\"171\">1984<\/option>\n\t<option class=\"level-0\" value=\"184\">1985<\/option>\n\t<option class=\"level-0\" value=\"178\">1987<\/option>\n\t<option class=\"level-0\" value=\"134\">1988<\/option>\n\t<option class=\"level-0\" value=\"135\">1989<\/option>\n\t<option class=\"level-0\" value=\"174\">1990<\/option>\n\t<option class=\"level-0\" value=\"136\">1991<\/option>\n\t<option class=\"level-0\" value=\"179\">1992<\/option>\n\t<option class=\"level-0\" value=\"176\">1993<\/option>\n\t<option class=\"level-0\" value=\"170\">1994<\/option>\n\t<option class=\"level-0\" value=\"177\">1995<\/option>\n\t<option class=\"level-0\" value=\"169\">1996<\/option>\n\t<option class=\"level-0\" value=\"187\">1997<\/option>\n\t<option class=\"level-0\" value=\"186\">1998<\/option>\n\t<option class=\"level-0\" value=\"129\">1999<\/option>\n\t<option class=\"level-0\" value=\"181\">2000<\/option>\n\t<option class=\"level-0\" value=\"172\">2001<\/option>\n\t<option class=\"level-0\" value=\"182\">2002<\/option>\n\t<option class=\"level-0\" value=\"168\">2003<\/option>\n\t<option class=\"level-0\" value=\"130\">2004<\/option>\n\t<option class=\"level-0\" value=\"173\">2005<\/option>\n\t<option class=\"level-0\" value=\"131\">2006<\/option>\n\t<option class=\"level-0\" value=\"132\">2007<\/option>\n\t<option class=\"level-0\" value=\"133\">2008<\/option>\n\t<option class=\"level-0\" value=\"108\">2009<\/option>\n\t<option class=\"level-0\" value=\"125\">2010<\/option>\n\t<option class=\"level-0\" value=\"126\">2011<\/option>\n\t<option class=\"level-0\" value=\"127\">2012<\/option>\n\t<option class=\"level-0\" value=\"128\">2013<\/option>\n\t<option class=\"level-0\" value=\"124\">2014<\/option>\n\t<option class=\"level-0\" value=\"123\">2015<\/option>\n\t<option class=\"level-0\" value=\"96\">2016<\/option>\n\t<option class=\"level-0\" value=\"218\">2017<\/option>\n\t<option class=\"level-0\" value=\"219\">2018<\/option>\n\t<option class=\"level-0\" value=\"226\">2019<\/option>\n\t<option class=\"level-0\" value=\"232\">2020<\/option>\n\t<option class=\"level-0\" value=\"239\">2021<\/option>\n\t<option class=\"level-0\" value=\"240\">2022<\/option>\n\t<option class=\"level-0\" value=\"264\">2023<\/option>\n\t<option class=\"level-0\" value=\"268\">2024<\/option>\n\t<option class=\"level-0\" value=\"273\">2025<\/option>\n\t<option class=\"level-0\" value=\"274\">interc\u00e2mbio<\/option>\n<\/select>\n<input type=\"hidden\" name=\"ofpost_tag_operator\" value=\"and\" \/><\/li><li><input type=\"hidden\" name=\"ofsubmitted\" value=\"1\"><input type=\"submit\" value=\"Buscar\"><\/li><\/ul><\/div><\/form>\n","protected":false},"excerpt":{"rendered":"","protected":false},"author":1,"featured_media":0,"parent":0,"menu_order":0,"comment_status":"closed","ping_status":"closed","template":"","meta":{"footnotes":""},"_links":{"self":[{"href":"https:\/\/www.anamt.org.br\/portal\/wp-json\/wp\/v2\/pages\/7098"}],"collection":[{"href":"https:\/\/www.anamt.org.br\/portal\/wp-json\/wp\/v2\/pages"}],"about":[{"href":"https:\/\/www.anamt.org.br\/portal\/wp-json\/wp\/v2\/types\/page"}],"author":[{"embeddable":true,"href":"https:\/\/www.anamt.org.br\/portal\/wp-json\/wp\/v2\/users\/1"}],"replies":[{"embeddable":true,"href":"https:\/\/www.anamt.org.br\/portal\/wp-json\/wp\/v2\/comments?post=7098"}],"version-history":[{"count":0,"href":"https:\/\/www.anamt.org.br\/portal\/wp-json\/wp\/v2\/pages\/7098\/revisions"}],"wp:attachment":[{"href":"https:\/\/www.anamt.org.br\/portal\/wp-json\/wp\/v2\/media?parent=7098"}],"curies":[{"name":"wp","href":"https:\/\/api.w.org\/{rel}","templated":true}]}}