{"id":51959,"date":"2025-06-20T09:39:22","date_gmt":"2025-06-20T12:39:22","guid":{"rendered":"https:\/\/www.anamt.org.br\/portal\/?page_id=51959"},"modified":"2025-06-20T09:39:22","modified_gmt":"2025-06-20T12:39:22","slug":"diagnostico-acolhimento-e-tratamento-o-passo-a-passo-do-acompanhamento-do-trabalhador-com-dort-e-o-impacto-nos-afastamentos-previdenciarios","status":"publish","type":"page","link":"https:\/\/www.anamt.org.br\/portal\/diagnostico-acolhimento-e-tratamento-o-passo-a-passo-do-acompanhamento-do-trabalhador-com-dort-e-o-impacto-nos-afastamentos-previdenciarios\/","title":{"rendered":"Diagn\u00f3stico, acolhimento e tratamento: o passo a passo do acompanhamento do trabalhador com DORT e o impacto nos afastamentos previdenci\u00e1rios"},"content":{"rendered":"\n\t<div class=\"swpm-post-not-logged-in-msg\">\n\t<p>A \u00e1rea restrita do site \u00e9 exclusiva aos associados da ANAMT. \n\tSe voc\u00ea j\u00e1 \u00e9 s\u00f3cio, basta inserir nos campos ao lado o seu CPF e senha para fazer o login. \n\tCaso n\u00e3o lembre da sua senha, voc\u00ea pode \n\t<a href=\"https:\/\/www.anamt.org.br\/portal\/painel-do-associado\/area-externa\/?url=https%3a%2f%2fsistemasanamt.org.br%2fanamt%2fassociados%2fesqueci_minha_senha.aspx\">\n\trecuper\u00e1-la aqui.<\/a> <\/p>\n\t\n\t<p>Se n\u00e3o \u00e9 associado, mas quer ter acesso ao nosso conte\u00fado exclusivo, incluindo videoaulas e materiais ricos de \n\tapresenta\u00e7\u00f5es e palestras realizadas em congressos e semin\u00e1rios, \n\t<a href=\"https:\/\/sistemasanamt.org.br\/anamt\/associados\/cad_inscricao.aspx\" target=\"_blank\">\n\tfa\u00e7a aqui a sua ades\u00e3o.<\/a><\/p>\n\t\n\t<p>Conhe\u00e7a tamb\u00e9m <a href=\"http:\/\/www.anamt.org.br\/portal\/beneficios-para-associados\/\">outros benef\u00edcios<\/a> \n\te fa\u00e7a parte da maior associa\u00e7\u00e3o de M\u00e9dicos do Trabalho da Am\u00e9rica Latina.<\/p>\n\t<\/div>","protected":false},"excerpt":{"rendered":"<p>A \u00e1rea restrita do site \u00e9 exclusiva aos associados da ANAMT. Se voc\u00ea j\u00e1 \u00e9 s\u00f3cio, basta inserir nos campos ao lado o seu CPF e senha para fazer o login. Caso n\u00e3o lembre da sua senha, voc\u00ea pode recuper\u00e1-la aqui. Se n\u00e3o \u00e9 associado, mas quer ter acesso ao nosso conte\u00fado exclusivo, incluindo videoaulas [&hellip;]<\/p>\n","protected":false},"author":5,"featured_media":0,"parent":0,"menu_order":0,"comment_status":"closed","ping_status":"closed","template":"100-width.php","meta":{"footnotes":""},"_links":{"self":[{"href":"https:\/\/www.anamt.org.br\/portal\/wp-json\/wp\/v2\/pages\/51959"}],"collection":[{"href":"https:\/\/www.anamt.org.br\/portal\/wp-json\/wp\/v2\/pages"}],"about":[{"href":"https:\/\/www.anamt.org.br\/portal\/wp-json\/wp\/v2\/types\/page"}],"author":[{"embeddable":true,"href":"https:\/\/www.anamt.org.br\/portal\/wp-json\/wp\/v2\/users\/5"}],"replies":[{"embeddable":true,"href":"https:\/\/www.anamt.org.br\/portal\/wp-json\/wp\/v2\/comments?post=51959"}],"version-history":[{"count":1,"href":"https:\/\/www.anamt.org.br\/portal\/wp-json\/wp\/v2\/pages\/51959\/revisions"}],"predecessor-version":[{"id":51960,"href":"https:\/\/www.anamt.org.br\/portal\/wp-json\/wp\/v2\/pages\/51959\/revisions\/51960"}],"wp:attachment":[{"href":"https:\/\/www.anamt.org.br\/portal\/wp-json\/wp\/v2\/media?parent=51959"}],"curies":[{"name":"wp","href":"https:\/\/api.w.org\/{rel}","templated":true}]}}