{"id":48069,"date":"2023-08-15T23:21:09","date_gmt":"2023-08-16T02:21:09","guid":{"rendered":"https:\/\/www.anamt.org.br\/portal\/?page_id=48069"},"modified":"2023-08-15T23:24:51","modified_gmt":"2023-08-16T02:24:51","slug":"tutoriais-prova-de-titulo-de-especialista-em-medicina-do-trabalho","status":"publish","type":"page","link":"https:\/\/www.anamt.org.br\/portal\/tutoriais-prova-de-titulo-de-especialista-em-medicina-do-trabalho\/","title":{"rendered":"Tutoriais &#8211; Prova de T\u00edtulo de Especialista em Medicina do Trabalho"},"content":{"rendered":"<p>Tutoriais &#8211; Prova de T\u00edtulo de Especialista em Medicina do Trabalho<\/p>\n<ul>\n<li><a href=\"https:\/\/sistemasanamt.org.br\/anamt\/site\/videos\/001-tutorial-pre-requisitos-prova-titulo.mp4\" target=\"_blank\" rel=\"noopener\">Inscri\u00e7\u00e3o e pr\u00e9-requisitos;<\/a><\/li>\n<\/ul>\n","protected":false},"excerpt":{"rendered":"<p>Tutoriais &#8211; Prova de T\u00edtulo de Especialista em Medicina do Trabalho Inscri\u00e7\u00e3o e pr\u00e9-requisitos;<\/p>\n","protected":false},"author":5,"featured_media":0,"parent":0,"menu_order":0,"comment_status":"closed","ping_status":"closed","template":"","meta":{"footnotes":""},"_links":{"self":[{"href":"https:\/\/www.anamt.org.br\/portal\/wp-json\/wp\/v2\/pages\/48069"}],"collection":[{"href":"https:\/\/www.anamt.org.br\/portal\/wp-json\/wp\/v2\/pages"}],"about":[{"href":"https:\/\/www.anamt.org.br\/portal\/wp-json\/wp\/v2\/types\/page"}],"author":[{"embeddable":true,"href":"https:\/\/www.anamt.org.br\/portal\/wp-json\/wp\/v2\/users\/5"}],"replies":[{"embeddable":true,"href":"https:\/\/www.anamt.org.br\/portal\/wp-json\/wp\/v2\/comments?post=48069"}],"version-history":[{"count":1,"href":"https:\/\/www.anamt.org.br\/portal\/wp-json\/wp\/v2\/pages\/48069\/revisions"}],"predecessor-version":[{"id":48070,"href":"https:\/\/www.anamt.org.br\/portal\/wp-json\/wp\/v2\/pages\/48069\/revisions\/48070"}],"wp:attachment":[{"href":"https:\/\/www.anamt.org.br\/portal\/wp-json\/wp\/v2\/media?parent=48069"}],"curies":[{"name":"wp","href":"https:\/\/api.w.org\/{rel}","templated":true}]}}