{"id":40761,"date":"2020-07-08T12:12:45","date_gmt":"2020-07-08T15:12:45","guid":{"rendered":"https:\/\/www.anamt.org.br\/portal\/?page_id=40761"},"modified":"2020-07-08T12:14:37","modified_gmt":"2020-07-08T15:14:37","slug":"podcast-anamt-alteracoes-decorrentes-do-decreto-10-410-de-30-de-junho-de-2020","status":"publish","type":"page","link":"https:\/\/www.anamt.org.br\/portal\/painel-do-associado\/podcast-anamt\/podcast-anamt-alteracoes-decorrentes-do-decreto-10-410-de-30-de-junho-de-2020\/","title":{"rendered":"Podcast ANAMT: Altera\u00e7\u00f5es decorrentes do Decreto 10.410, de 30 de junho de 2020"},"content":{"rendered":"<p>Foi publicado no Di\u00e1rio Oficial da Uni\u00e3o o\u00a0<a href=\"http:\/\/www.in.gov.br\/en\/web\/dou\/-\/decreto-n-10.410-de-30-de-junho-de-2020-264503344\" target=\"_blank\" rel=\"noreferrer noopener\">Decreto\u00a0<\/a><a href=\"https:\/\/www.jusbrasil.com.br\/legislacao\/869047437\/decreto-10410-20\">10.410<\/a>\u00a0que promove uma ampla atualiza\u00e7\u00e3o no regulamento que disciplina a aplica\u00e7\u00e3o dos planos de custeio e de benef\u00edcios da Previd\u00eancia Social.<\/p>\n<p>Foi necess\u00e1ria a sua publica\u00e7\u00e3o ap\u00f3s a aprova\u00e7\u00e3o da Reforma da Previd\u00eancia (<a href=\"http:\/\/www.planalto.gov.br\/ccivil_03\/constituicao\/emendas\/emc\/emc103.htm\" target=\"_blank\" rel=\"noreferrer noopener\">Emenda Constitucional n\u00ba 103<\/a>\u00a0de 2019) e consolida altera\u00e7\u00f5es na legisla\u00e7\u00e3o dos \u00faltimos dez anos. Isso se mostra importante para tamb\u00e9m eliminar o avan\u00e7ado n\u00famero de portarias administrativas regulamentadoras que tivemos nos \u00faltimos meses.<\/p>\n<p>Para auxiliar os nossos associados nessas altera\u00e7\u00f5es, o novo Podcast da ANAMT aborda as principais altera\u00e7\u00f5es provocadas pela legisla\u00e7\u00e3o. O programa pode ser ouvido a seguir:<\/p>\n<!--[if lt IE 9]><script>document.createElement('audio');<\/script><![endif]-->\n<audio class=\"wp-audio-shortcode\" id=\"audio-40761-1\" preload=\"none\" style=\"width: 100%;\" controls=\"controls\"><source type=\"audio\/mpeg\" src=\"https:\/\/www.sistemasanamt.org.br\/anamt\/site\/downloads\/podcast-anamt-08072020-01.mp3?_=1\" \/><a href=\"https:\/\/www.sistemasanamt.org.br\/anamt\/site\/downloads\/podcast-anamt-08072020-01.mp3\">https:\/\/www.sistemasanamt.org.br\/anamt\/site\/downloads\/podcast-anamt-08072020-01.mp3<\/a><\/audio>\n<p>O texto desta edi\u00e7\u00e3o est\u00e1 dispon\u00edvel abaixo:<\/p>\n<p style=\"text-align: center;\"><strong>Altera\u00e7\u00f5es decorrentes do Decreto 10.410, de 30 de junho de 2020<\/strong><\/p>\n<p>O Decreto 10.410, publicado em 30 de junho de 2020, atualiza o regulamento da previd\u00eancia social detalhado no Decreto 3.048 de maio de 1999.\u00a0 Essas altera\u00e7\u00f5es foram necess\u00e1rias devido a emenda constitucional 103\/2019, que possibilitou a reforma da previd\u00eancia.\u00a0 Abordaremos aqui, as altera\u00e7\u00f5es que tenham rela\u00e7\u00e3o com a atividade m\u00e9dica.<\/p>\n<p>Dentre as altera\u00e7\u00f5es ocorridas, chamamos aten\u00e7\u00e3o para a mudan\u00e7a da nomenclatura que envolve os benef\u00edcios associados a sa\u00fade do trabalhador. Deixa-se de utilizar os termos \u201c<em>doen\u00e7a<\/em>\u201d e \u201c<em>invalidez<\/em>\u201d e s\u00e3o adotados os termos \u201cincapacidade tempor\u00e1ria ou permanente\u201d para o trabalho. Tal altera\u00e7\u00e3o, j\u00e1 pleiteada a algum tempo pela Per\u00edcia M\u00e9dica Federal, desfaz poss\u00edveis erros de interpreta\u00e7\u00e3o na concess\u00e3o dos benef\u00edcios previdenci\u00e1rios.<\/p>\n<p>A constata\u00e7\u00e3o de uma doen\u00e7a n\u00e3o \u00e9 sin\u00f4nimo de afastamento do trabalho. Por esse motivo o termo \u201c<em>aux\u00edlio doen\u00e7a<\/em>\u201d era inapropriado. O trabalhador s\u00f3 deve ser afastado quando uma patologia o impossibilita de atuar na atividade para qual foi contratado, pois nesses casos fica evidenciado a incapacidade. A outra an\u00e1lise feita \u00e9 se a incapacidade \u00e9 de car\u00e1ter tempor\u00e1rio ou permanente.<\/p>\n<p>Para melhor esclarecermos, podemos usar o exemplo de um trabalhador que teve o diagn\u00f3stico de <em>Diabetes Mellitus<\/em>. O simples fato do diagn\u00f3stico n\u00e3o o afastar\u00e1 do trabalho automaticamente. Deve-se avaliar do ponto de vista m\u00e9dico, qual a repercuss\u00e3o da doen\u00e7a na vida deste trabalhador. Deve-se buscar respostas que satisfa\u00e7am minimamente aos seguintes questionamentos: A doen\u00e7a est\u00e1 controlada? A doen\u00e7a deixou sequelas? Quais os tipos de sequelas? Qual a atividade exercida pelo trabalhador? Esta atividade sofre influ\u00eancia no seu desempenho devido a <em>Diabetes<\/em>? Dependendo de cada caso, caminhos diferentes podem ser tra\u00e7ados.<\/p>\n<p>Um trabalhador com diagn\u00f3stico de <em>Diabetes Mellitus, <\/em>mas que tem a doen\u00e7a controlada n\u00e3o \u00e9 considerado incapaz e, portanto, n\u00e3o faz jus ao benef\u00edcio por incapacidade. Vejam como o termo \u201c<em>aux\u00edlio doen\u00e7a<\/em>\u201d era inapropriado. Se este trabalhador apresenta sequela e essa sequela impede a realiza\u00e7\u00e3o da sua atividade, o caminho a ser seguido aponta para a necessidade de adapta\u00e7\u00e3o no trabalho, em atividade onde a sequela n\u00e3o interfira na sua realiza\u00e7\u00e3o. Entretanto se a sequela apresentada for importante ao ponto de torna-lo incapaz para qualquer atividade de forma permanente, ele ser\u00e1 considerado \u201c<em>incapaz permanente<\/em>\u201d e n\u00e3o \u201c<em>inv\u00e1lido<\/em>\u201d que denota um conceito com dimens\u00e3o maior que a do campo do trabalho.<\/p>\n<p>Essas situa\u00e7\u00f5es est\u00e3o presentes frequentemente na atua\u00e7\u00e3o do m\u00e9dico do trabalho. Diante destes casos onde a incapacidade ultrapassar 15 dias, o trabalhador deve ser encaminhado ao INSS. Relat\u00f3rios m\u00e9dicos devem ser elaborados com descri\u00e7\u00e3o da atividade exercida, da patologia, da conduta terap\u00eautica, do progn\u00f3stico e das poss\u00edveis consequ\u00eancias \u00e0 sa\u00fade do trabalhador.<\/p>\n<p>&nbsp;<\/p>\n","protected":false},"excerpt":{"rendered":"<p>Foi publicado no Di\u00e1rio Oficial da Uni\u00e3o o\u00a0Decreto\u00a010.410\u00a0que promove uma ampla atualiza\u00e7\u00e3o no regulamento que disciplina a aplica\u00e7\u00e3o dos planos de custeio e de benef\u00edcios da Previd\u00eancia Social. Foi necess\u00e1ria a sua publica\u00e7\u00e3o ap\u00f3s a aprova\u00e7\u00e3o da Reforma da Previd\u00eancia (Emenda Constitucional n\u00ba 103\u00a0de 2019) e consolida altera\u00e7\u00f5es na legisla\u00e7\u00e3o dos \u00faltimos dez anos. Isso [&hellip;]<\/p>\n","protected":false},"author":1,"featured_media":0,"parent":39659,"menu_order":0,"comment_status":"closed","ping_status":"closed","template":"","meta":{"footnotes":""},"_links":{"self":[{"href":"https:\/\/www.anamt.org.br\/portal\/wp-json\/wp\/v2\/pages\/40761"}],"collection":[{"href":"https:\/\/www.anamt.org.br\/portal\/wp-json\/wp\/v2\/pages"}],"about":[{"href":"https:\/\/www.anamt.org.br\/portal\/wp-json\/wp\/v2\/types\/page"}],"author":[{"embeddable":true,"href":"https:\/\/www.anamt.org.br\/portal\/wp-json\/wp\/v2\/users\/1"}],"replies":[{"embeddable":true,"href":"https:\/\/www.anamt.org.br\/portal\/wp-json\/wp\/v2\/comments?post=40761"}],"version-history":[{"count":0,"href":"https:\/\/www.anamt.org.br\/portal\/wp-json\/wp\/v2\/pages\/40761\/revisions"}],"up":[{"embeddable":true,"href":"https:\/\/www.anamt.org.br\/portal\/wp-json\/wp\/v2\/pages\/39659"}],"wp:attachment":[{"href":"https:\/\/www.anamt.org.br\/portal\/wp-json\/wp\/v2\/media?parent=40761"}],"curies":[{"name":"wp","href":"https:\/\/api.w.org\/{rel}","templated":true}]}}