{"id":40229,"date":"2020-04-22T16:11:47","date_gmt":"2020-04-22T19:11:47","guid":{"rendered":"https:\/\/www.anamt.org.br\/portal\/?page_id=40229"},"modified":"2020-06-23T16:53:39","modified_gmt":"2020-06-23T19:53:39","slug":"anamt-virtual","status":"publish","type":"page","link":"https:\/\/www.anamt.org.br\/portal\/seja-associado\/anamt-virtual\/","title":{"rendered":"ANAMT Virtual"},"content":{"rendered":"<p>O ANAMT Virtual \u00e9 uma plataforma para atualiza\u00e7\u00e3o profissional e educa\u00e7\u00e3o continuada a dist\u00e2ncia, na qual s\u00e3o disponibilizados uma s\u00e9rie de webin\u00e1rios, f\u00f3runs, cursos e casos cl\u00ednicos sobre os mais diversos assuntos de interesse dos m\u00e9dicos do trabalho.<\/p>\n<p>O acesso ao conte\u00fado \u00e9 gratuito e liberado somente para associados adimplentes da ANAMT, <strong>conforme tabela abaixo<\/strong>. Todos receber\u00e3o um e-mail com suas informa\u00e7\u00f5es de acesso. Em caso de d\u00favidas, envie um e-mail para: <a href=\"mailto:educacao@staging.anamt.org.br\"><em>educacao@staging.anamt.org.br<\/em><\/a>.<\/p>\n<p>Al\u00e9m de proporcionar acesso a conte\u00fado cient\u00edfico de qualidade, as atividades ter\u00e3o certifica\u00e7\u00e3o e pontua\u00e7\u00e3o para a Prova de T\u00edtulo de Especialista. Abaixo, uma tabela com os valores de inscri\u00e7\u00f5es caso n\u00e3o seja s\u00f3cio da ANAMT.<\/p>\n<p><img decoding=\"async\" class=\"aligncenter wp-image-40261 size-large\" src=\"https:\/\/www.anamt.org.br\/portal\/wp-content\/uploads\/2020\/04\/ANAMT_VIRTUAL_VALORES_2020-1024x225.jpg\" alt=\"\" width=\"1024\" height=\"225\" srcset=\"https:\/\/www.anamt.org.br\/portal\/wp-content\/uploads\/2020\/04\/ANAMT_VIRTUAL_VALORES_2020-200x44.jpg 200w, https:\/\/www.anamt.org.br\/portal\/wp-content\/uploads\/2020\/04\/ANAMT_VIRTUAL_VALORES_2020-300x66.jpg 300w, https:\/\/www.anamt.org.br\/portal\/wp-content\/uploads\/2020\/04\/ANAMT_VIRTUAL_VALORES_2020-400x88.jpg 400w, https:\/\/www.anamt.org.br\/portal\/wp-content\/uploads\/2020\/04\/ANAMT_VIRTUAL_VALORES_2020-600x132.jpg 600w, https:\/\/www.anamt.org.br\/portal\/wp-content\/uploads\/2020\/04\/ANAMT_VIRTUAL_VALORES_2020-768x168.jpg 768w, https:\/\/www.anamt.org.br\/portal\/wp-content\/uploads\/2020\/04\/ANAMT_VIRTUAL_VALORES_2020-800x175.jpg 800w, https:\/\/www.anamt.org.br\/portal\/wp-content\/uploads\/2020\/04\/ANAMT_VIRTUAL_VALORES_2020-1024x225.jpg 1024w, https:\/\/www.anamt.org.br\/portal\/wp-content\/uploads\/2020\/04\/ANAMT_VIRTUAL_VALORES_2020.jpg 1195w\" sizes=\"(max-width: 1024px) 100vw, 1024px\" \/><\/p>\n<p><strong><a href=\"https:\/\/anamt.virtual.org.br\" target=\"_blank\" rel=\"noopener\">CLIQUE AQUI PARA ACESSAR O ANAMT VIRTUAL<\/a><\/strong><\/p>\n<p>Caso tenha interesse em se tornar s\u00f3cio da ANAMT, <a href=\"https:\/\/sistemasanamt.org.br\/anamt\/associados\/cad_inscricao.aspx\" target=\"_blank\" rel=\"noopener\">clique aqui<\/a>.<\/p>\n<h3>Conhe\u00e7a os eventos que j\u00e1 aconteceram dentro da plataforma:<\/h3>\n<ul>\n<li class=\"entry-title fusion-post-title\"><a href=\"https:\/\/www.anamt.org.br\/portal\/2020\/06\/23\/anamt-virtual-fique-por-dentro-do-calendario-de-palestras-da-plataforma\/\">ANAMT Virtual: fique por dentro do calend\u00e1rio de palestras da plataforma<\/a><\/li>\n<li><a href=\"https:\/\/www.anamt.org.br\/portal\/2020\/05\/14\/anamt-virtual-acesse-agora-nosso-ambiente-virtual-de-aprendizagem\/\">ANAMT Virtual: acesse agora nosso Ambiente Virtual de Aprendizagem<\/a><\/li>\n<li><a href=\"https:\/\/www.anamt.org.br\/portal\/2020\/06\/19\/anamt-realiza-2o-forum-virtual-sobre-gestao-em-saude\/\">ANAMT realiza 2\u00ba F\u00f3rum Virtual sobre Gest\u00e3o em Sa\u00fade<\/a><\/li>\n<li><a href=\"https:\/\/www.anamt.org.br\/portal\/2020\/05\/04\/perda-auditiva-por-ruido-ocupacional-webinario-da-anamt-aborda-o-tema\/\">Perda Auditiva por Ru\u00eddo Ocupacional: webin\u00e1rio da ANAMT aborda o tema<\/a><\/li>\n<li><a href=\"https:\/\/www.anamt.org.br\/portal\/2020\/04\/24\/anamt-realiza-webinario-sobre-aspectos-previdenciarios-em-tempos-de-covid-19\/\">ANAMT faz webin\u00e1rio sobre Aspectos Previdenci\u00e1rios em Tempos de Covid-19<\/a><\/li>\n<li class=\"entry-title fusion-post-title\"><a href=\"https:\/\/www.anamt.org.br\/portal\/2020\/04\/30\/covid-19-e-tema-do-i-forum-virtual-anamt\/\">Covid-19 \u00e9 tema do I F\u00f3rum Virtual ANAMT neste 1\u00ba de maio<\/a><\/li>\n<\/ul>\n","protected":false},"excerpt":{"rendered":"<p>O ANAMT Virtual \u00e9 uma plataforma para atualiza\u00e7\u00e3o profissional e educa\u00e7\u00e3o continuada a dist\u00e2ncia, na qual s\u00e3o disponibilizados uma s\u00e9rie de webin\u00e1rios, f\u00f3runs, cursos e casos cl\u00ednicos sobre os mais diversos assuntos de interesse dos m\u00e9dicos do trabalho. O acesso ao conte\u00fado \u00e9 gratuito e liberado somente para associados adimplentes da ANAMT, conforme tabela abaixo. [&hellip;]<\/p>\n","protected":false},"author":1,"featured_media":0,"parent":12310,"menu_order":0,"comment_status":"closed","ping_status":"closed","template":"","meta":{"footnotes":""},"_links":{"self":[{"href":"https:\/\/www.anamt.org.br\/portal\/wp-json\/wp\/v2\/pages\/40229"}],"collection":[{"href":"https:\/\/www.anamt.org.br\/portal\/wp-json\/wp\/v2\/pages"}],"about":[{"href":"https:\/\/www.anamt.org.br\/portal\/wp-json\/wp\/v2\/types\/page"}],"author":[{"embeddable":true,"href":"https:\/\/www.anamt.org.br\/portal\/wp-json\/wp\/v2\/users\/1"}],"replies":[{"embeddable":true,"href":"https:\/\/www.anamt.org.br\/portal\/wp-json\/wp\/v2\/comments?post=40229"}],"version-history":[{"count":0,"href":"https:\/\/www.anamt.org.br\/portal\/wp-json\/wp\/v2\/pages\/40229\/revisions"}],"up":[{"embeddable":true,"href":"https:\/\/www.anamt.org.br\/portal\/wp-json\/wp\/v2\/pages\/12310"}],"wp:attachment":[{"href":"https:\/\/www.anamt.org.br\/portal\/wp-json\/wp\/v2\/media?parent=40229"}],"curies":[{"name":"wp","href":"https:\/\/api.w.org\/{rel}","templated":true}]}}