{"id":37933,"date":"2019-08-02T16:31:46","date_gmt":"2019-08-02T19:31:46","guid":{"rendered":"https:\/\/www.anamt.org.br\/portal\/?page_id=37933"},"modified":"2019-08-02T16:31:46","modified_gmt":"2019-08-02T19:31:46","slug":"eleicoes-2019-mensagem-da-chapa-federadas-unidas","status":"publish","type":"page","link":"https:\/\/www.anamt.org.br\/portal\/eleicoes-2019-2\/eleicoes-2019-mensagem-da-chapa-federadas-unidas\/","title":{"rendered":"Elei\u00e7\u00f5es 2019 \u2013 Mensagem da Chapa Federadas Unidas"},"content":{"rendered":"<h3>Chapa Federadas Unidas<\/h3>\n<p>Com o objetivo de informar os eleitores e associados sobre as principais propostas para a nova gest\u00e3o da ANAMT, a Associa\u00e7\u00e3o abre espa\u00e7o para as chapas inscritas divulgarem suas considera\u00e7\u00f5es na reta final da disputa ao pleito, dando aos candidatos a oportunidade de expor, mais uma vez, suas ideias democraticamente. <span id=\":277.co\" class=\"tL8wMe EMoHub\" dir=\"ltr\">Procurada, a chapa Federadas Unidas n\u00e3o respondeu \u00e0s tentativas de contato da equipe. <\/span><\/p>\n","protected":false},"excerpt":{"rendered":"<p>Chapa Federadas Unidas Com o objetivo de informar os eleitores e associados sobre as principais propostas para a nova gest\u00e3o da ANAMT, a Associa\u00e7\u00e3o abre espa\u00e7o para as chapas inscritas divulgarem suas considera\u00e7\u00f5es na reta final da disputa ao pleito, dando aos candidatos a oportunidade de expor, mais uma vez, suas ideias democraticamente. Procurada, a [&hellip;]<\/p>\n","protected":false},"author":1,"featured_media":0,"parent":36619,"menu_order":0,"comment_status":"closed","ping_status":"closed","template":"","meta":{"footnotes":""},"_links":{"self":[{"href":"https:\/\/www.anamt.org.br\/portal\/wp-json\/wp\/v2\/pages\/37933"}],"collection":[{"href":"https:\/\/www.anamt.org.br\/portal\/wp-json\/wp\/v2\/pages"}],"about":[{"href":"https:\/\/www.anamt.org.br\/portal\/wp-json\/wp\/v2\/types\/page"}],"author":[{"embeddable":true,"href":"https:\/\/www.anamt.org.br\/portal\/wp-json\/wp\/v2\/users\/1"}],"replies":[{"embeddable":true,"href":"https:\/\/www.anamt.org.br\/portal\/wp-json\/wp\/v2\/comments?post=37933"}],"version-history":[{"count":0,"href":"https:\/\/www.anamt.org.br\/portal\/wp-json\/wp\/v2\/pages\/37933\/revisions"}],"up":[{"embeddable":true,"href":"https:\/\/www.anamt.org.br\/portal\/wp-json\/wp\/v2\/pages\/36619"}],"wp:attachment":[{"href":"https:\/\/www.anamt.org.br\/portal\/wp-json\/wp\/v2\/media?parent=37933"}],"curies":[{"name":"wp","href":"https:\/\/api.w.org\/{rel}","templated":true}]}}