{"id":37864,"date":"2019-07-26T16:40:44","date_gmt":"2019-07-26T19:40:44","guid":{"rendered":"https:\/\/www.anamt.org.br\/portal\/?page_id=37864"},"modified":"2019-07-26T20:26:47","modified_gmt":"2019-07-26T23:26:47","slug":"eleicoes-2019-questionario-respondido-pela-chapa-federadas-unidas","status":"publish","type":"page","link":"https:\/\/www.anamt.org.br\/portal\/eleicoes-2019-2\/eleicoes-2019-questionario-respondido-pela-chapa-federadas-unidas\/","title":{"rendered":"Elei\u00e7\u00f5es 2019 \u2013 Question\u00e1rio respondido pela Chapa Federadas Unidas"},"content":{"rendered":"<h3>Chapa Federadas Unidas<\/h3>\n<blockquote><p><img decoding=\"async\" class=\"size-full wp-image-37770 alignleft\" src=\"https:\/\/www.anamt.org.br\/portal\/wp-content\/uploads\/2019\/07\/CHAPA_FEDERADAS_UNIDAS_ROSYLANE.jpg\" alt=\"\" width=\"133\" height=\"200\" \/><strong>Dra. Rosylane Rocha \u2013 Presidente<\/strong><\/p>\n<p>Graduada em Medicina pela UniRio. Especialista em Medicina do Trabalho. Especialista em Medicina Legal e Per\u00edcias M\u00e9dicas. M\u00e9dica Perita do TRT 10 e TJDFT. P\u00f3s-gradua\u00e7\u00e3o em Valora\u00e7\u00e3o do Dano Corporal pela Universidade de Coimbra. Doutoranda em Bio\u00e9tica pela Universidade do Porto. Supervisora do Programa de Resid\u00eancia em Medicina do Trabalho ESCS\/DF. Secret\u00e1ria Nacional da ICOH no Brasil. Presidente da ABRAMT. Conselheira Regional e Federal de Medicina.<\/p><\/blockquote>\n<p>&nbsp;<\/p>\n<p>Com o objetivo de informar os eleitores e associados sobre as principais propostas para a nova gest\u00e3o da ANAMT, a Associa\u00e7\u00e3o enviou \u00e0s chapas inscritas para o pleito um question\u00e1rio em formato de entrevista, dando aos candidatos a oportunidade de expor suas ideias democraticamente. Consultada, a chapa Federadas Unidas preferiu n\u00e3o participar.<\/p>\n","protected":false},"excerpt":{"rendered":"<p>Chapa Federadas Unidas Dra. Rosylane Rocha \u2013 Presidente Graduada em Medicina pela UniRio. Especialista em Medicina do Trabalho. Especialista em Medicina Legal e Per\u00edcias M\u00e9dicas. M\u00e9dica Perita do TRT 10 e TJDFT. P\u00f3s-gradua\u00e7\u00e3o em Valora\u00e7\u00e3o do Dano Corporal pela Universidade de Coimbra. Doutoranda em Bio\u00e9tica pela Universidade do Porto. Supervisora do Programa de Resid\u00eancia em [&hellip;]<\/p>\n","protected":false},"author":1,"featured_media":0,"parent":36619,"menu_order":0,"comment_status":"closed","ping_status":"closed","template":"","meta":{"footnotes":""},"_links":{"self":[{"href":"https:\/\/www.anamt.org.br\/portal\/wp-json\/wp\/v2\/pages\/37864"}],"collection":[{"href":"https:\/\/www.anamt.org.br\/portal\/wp-json\/wp\/v2\/pages"}],"about":[{"href":"https:\/\/www.anamt.org.br\/portal\/wp-json\/wp\/v2\/types\/page"}],"author":[{"embeddable":true,"href":"https:\/\/www.anamt.org.br\/portal\/wp-json\/wp\/v2\/users\/1"}],"replies":[{"embeddable":true,"href":"https:\/\/www.anamt.org.br\/portal\/wp-json\/wp\/v2\/comments?post=37864"}],"version-history":[{"count":0,"href":"https:\/\/www.anamt.org.br\/portal\/wp-json\/wp\/v2\/pages\/37864\/revisions"}],"up":[{"embeddable":true,"href":"https:\/\/www.anamt.org.br\/portal\/wp-json\/wp\/v2\/pages\/36619"}],"wp:attachment":[{"href":"https:\/\/www.anamt.org.br\/portal\/wp-json\/wp\/v2\/media?parent=37864"}],"curies":[{"name":"wp","href":"https:\/\/api.w.org\/{rel}","templated":true}]}}