{"id":37789,"date":"2019-07-16T13:29:40","date_gmt":"2019-07-16T16:29:40","guid":{"rendered":"https:\/\/www.anamt.org.br\/portal\/?page_id=37789"},"modified":"2019-07-16T13:29:40","modified_gmt":"2019-07-16T16:29:40","slug":"eleicoes-2019-propostas-da-chapa-federadas-unidas","status":"publish","type":"page","link":"https:\/\/www.anamt.org.br\/portal\/eleicoes-2019-2\/eleicoes-2019-propostas-da-chapa-federadas-unidas\/","title":{"rendered":"Elei\u00e7\u00f5es 2019 \u2013 Propostas da Chapa Federadas Unidas"},"content":{"rendered":"<h3>Nossos Compromissos para as Elei\u00e7\u00f5es 2019 ANAMT<\/h3>\n<p>1) Trabalhar por uma ANAMT forte, em defesa dos leg\u00edtimos interesses dos associados.\u2800<br \/>\n2) Respeitar e fortalecer as Federadas. \u2800<br \/>\n3) Capilarizar a ANAMT, tendo uma atua\u00e7\u00e3o verdadeiramente nacional.\u2800<br \/>\n4) Elaborar edital de Prova de T\u00edtulo com regras claras, que n\u00e3o mudem a cada edi\u00e7\u00e3o. \u2800<br \/>\n5) Realizar Prova de T\u00edtulo com quest\u00f5es que contemplem as compet\u00eancias exigidas para o desempenho da medicina do trabalho.\u2800<br \/>\n6) Elaborar protocolos sobre pr\u00e1tica m\u00e9dica di\u00e1ria nas diversas atividades econ\u00f4micas.\u2800<br \/>\n7) Criar oportunidades de pontua\u00e7\u00e3o para a prova de t\u00edtulo.\u2800<br \/>\n8) Fortalecer e ampliar as Comiss\u00f5es T\u00e9cnicas.\u2800<br \/>\n9) Articular em todas as inst\u00e2ncias visando a valoriza\u00e7\u00e3o do m\u00e9dico do trabalho e justa remunera\u00e7\u00e3o.\u2800<br \/>\n10) Atuar junto ao judiciario na defesa do associado que atua como m\u00e9dico perito.\u2800<br \/>\n11) Trabalhar por uma pol\u00edtica forte em medicina do trabalho.\u2800<br \/>\n12) Atuar junto aos CRM\u2019s para fiscalizar cl\u00ednicas de sa\u00fade do trabalhador que praticam concorr\u00eancia desleal.\u2800<br \/>\n13) Promover cursos de atualiza\u00e7\u00e3o em medicina do trabalho e demais \u00e1reas de interesse dos associados.\u2800<br \/>\n14) Eliminar qualquer forma de atua\u00e7\u00e3o ideol\u00f3gica ou partid\u00e1ria da Associa\u00e7\u00e3o.\u2800<br \/>\n15) LEVAR MEDICINA PARA ANAMT E DEVOLVER A ANAMT AOS M\u00c9DICOS<\/p>\n","protected":false},"excerpt":{"rendered":"<p>Nossos Compromissos para as Elei\u00e7\u00f5es 2019 ANAMT 1) Trabalhar por uma ANAMT forte, em defesa dos leg\u00edtimos interesses dos associados.\u2800 2) Respeitar e fortalecer as Federadas. \u2800 3) Capilarizar a ANAMT, tendo uma atua\u00e7\u00e3o verdadeiramente nacional.\u2800 4) Elaborar edital de Prova de T\u00edtulo com regras claras, que n\u00e3o mudem a cada edi\u00e7\u00e3o. \u2800 5) Realizar [&hellip;]<\/p>\n","protected":false},"author":1,"featured_media":0,"parent":36619,"menu_order":0,"comment_status":"closed","ping_status":"closed","template":"","meta":{"footnotes":""},"_links":{"self":[{"href":"https:\/\/www.anamt.org.br\/portal\/wp-json\/wp\/v2\/pages\/37789"}],"collection":[{"href":"https:\/\/www.anamt.org.br\/portal\/wp-json\/wp\/v2\/pages"}],"about":[{"href":"https:\/\/www.anamt.org.br\/portal\/wp-json\/wp\/v2\/types\/page"}],"author":[{"embeddable":true,"href":"https:\/\/www.anamt.org.br\/portal\/wp-json\/wp\/v2\/users\/1"}],"replies":[{"embeddable":true,"href":"https:\/\/www.anamt.org.br\/portal\/wp-json\/wp\/v2\/comments?post=37789"}],"version-history":[{"count":0,"href":"https:\/\/www.anamt.org.br\/portal\/wp-json\/wp\/v2\/pages\/37789\/revisions"}],"up":[{"embeddable":true,"href":"https:\/\/www.anamt.org.br\/portal\/wp-json\/wp\/v2\/pages\/36619"}],"wp:attachment":[{"href":"https:\/\/www.anamt.org.br\/portal\/wp-json\/wp\/v2\/media?parent=37789"}],"curies":[{"name":"wp","href":"https:\/\/api.w.org\/{rel}","templated":true}]}}