{"id":37786,"date":"2019-07-16T13:25:49","date_gmt":"2019-07-16T16:25:49","guid":{"rendered":"https:\/\/www.anamt.org.br\/portal\/?page_id=37786"},"modified":"2019-07-16T13:30:12","modified_gmt":"2019-07-16T16:30:12","slug":"eleicoes-2019-propostas-da-chapa-anamt-mais-tecnica","status":"publish","type":"page","link":"https:\/\/www.anamt.org.br\/portal\/eleicoes-2019-2\/eleicoes-2019-propostas-da-chapa-anamt-mais-tecnica\/","title":{"rendered":"Elei\u00e7\u00f5es 2019 \u2013 Propostas da Chapa ANAMT Mais T\u00e9cnica e Mais Perto de Voc\u00ea"},"content":{"rendered":"<h3>Chapa ANAMT Mais T\u00e9cnica e Mais Perto de Voc\u00ea<\/h3>\n<p>A ANAMT completou 51 anos em 2019 com grandes realiza\u00e7\u00f5es, mas acreditamos que podemos fazer mais. E \u00e9 por isso que formamos a chapa ANAMT Mais T\u00e9cnica e Mais Perto de Voc\u00ea. Acreditamos que, com a for\u00e7a das rela\u00e7\u00f5es pessoais e a evolu\u00e7\u00e3o das tecnologias digitais, podemos minimizar a dist\u00e2ncia entre a entidade e seus associados em todo o pa\u00eds.<\/p>\n<p>Hoje, sabemos que os associados anseiam por uma ANAMT mais t\u00e9cnica &#8211; que n\u00e3o se alinhe a qualquer espectro pol\u00edtico e tenha a Medicina do Trabalho como seu principal foco &#8211; e que esteja mais pr\u00f3xima do profissional, pronta para sanar suas d\u00favidas, multiplicar conte\u00fado cient\u00edfico, promover cursos de atualiza\u00e7\u00e3o \u00e0 dist\u00e2ncia e trabalhar as diferentes necessidades dos m\u00e9dicos do trabalho em cada regi\u00e3o do pa\u00eds.<\/p>\n<p>Vamos fortalecer a RBMT, publica\u00e7\u00e3o t\u00e9cnica que \u00e9 amplamente aprovada pelos associados e consultada no dia-a-dia, o apoio aos cursos de forma\u00e7\u00e3o e p\u00f3s-gradua\u00e7\u00e3o e a produ\u00e7\u00e3o de diretrizes t\u00e9cnicas. Tamb\u00e9m vamos rever o processo de aplica\u00e7\u00e3o da Prova de T\u00edtulo de Especialista &#8211; tanto pelo seu elevado valor quanto pelas regras, de forma que fiquem mais transparentes e n\u00e3o mudem de edi\u00e7\u00e3o em edi\u00e7\u00e3o. Os futuros m\u00e9dicos do trabalho merecem aten\u00e7\u00e3o e maior previsibilidade em rela\u00e7\u00e3o \u00e0s regras do exame e seus resultados.<\/p>\n<p>Essas a\u00e7\u00f5es passam por um elemento fundamental: o fortalecimento das federadas. A ANAMT precisa elevar gradualmente o valor do repasse das anuidades \u00e0s federadas de cada estado, possibilitando a estas entidades se estruturarem e promover eventos destinados especificamente \u00e0s necessidades dos seus profissionais.<\/p>\n<p>Como um guarda-chuva para todas essas a\u00e7\u00f5es, \u00e9 vital proteger a atividade do m\u00e9dico do trabalho a partir da cria\u00e7\u00e3o de um Comit\u00ea de Defesa Profissional junto \u00e0s entidades que atuam na medicina. Ele nos auxiliar\u00e1 na defesa da autonomia e dos atos pr\u00f3prios da nossa categoria, evitando poss\u00edveis a\u00e7\u00f5es discriminat\u00f3rias, o cerceamento do nosso exerc\u00edcio profissional e a realiza\u00e7\u00e3o de atos privativos do m\u00e9dico por outras profiss\u00f5es.<\/p>\n<p>Somos t\u00e9cnicos, com experi\u00eancia em gest\u00e3o e somos capazes. E sabemos que poderemos entregar isso ao associado porque respeitamos as diferen\u00e7as e buscamos o consenso pelo di\u00e1logo, n\u00e3o por vias judiciais que apenas oneram a Associa\u00e7\u00e3o e exp\u00f5e a nossa categoria. Queremos que o associado, e n\u00e3o a pol\u00edtica, seja o ponto central da ANAMT.<\/p>\n","protected":false},"excerpt":{"rendered":"<p>Chapa ANAMT Mais T\u00e9cnica e Mais Perto de Voc\u00ea A ANAMT completou 51 anos em 2019 com grandes realiza\u00e7\u00f5es, mas acreditamos que podemos fazer mais. E \u00e9 por isso que formamos a chapa ANAMT Mais T\u00e9cnica e Mais Perto de Voc\u00ea. Acreditamos que, com a for\u00e7a das rela\u00e7\u00f5es pessoais e a evolu\u00e7\u00e3o das tecnologias digitais, [&hellip;]<\/p>\n","protected":false},"author":1,"featured_media":0,"parent":36619,"menu_order":0,"comment_status":"closed","ping_status":"closed","template":"","meta":{"footnotes":""},"_links":{"self":[{"href":"https:\/\/www.anamt.org.br\/portal\/wp-json\/wp\/v2\/pages\/37786"}],"collection":[{"href":"https:\/\/www.anamt.org.br\/portal\/wp-json\/wp\/v2\/pages"}],"about":[{"href":"https:\/\/www.anamt.org.br\/portal\/wp-json\/wp\/v2\/types\/page"}],"author":[{"embeddable":true,"href":"https:\/\/www.anamt.org.br\/portal\/wp-json\/wp\/v2\/users\/1"}],"replies":[{"embeddable":true,"href":"https:\/\/www.anamt.org.br\/portal\/wp-json\/wp\/v2\/comments?post=37786"}],"version-history":[{"count":0,"href":"https:\/\/www.anamt.org.br\/portal\/wp-json\/wp\/v2\/pages\/37786\/revisions"}],"up":[{"embeddable":true,"href":"https:\/\/www.anamt.org.br\/portal\/wp-json\/wp\/v2\/pages\/36619"}],"wp:attachment":[{"href":"https:\/\/www.anamt.org.br\/portal\/wp-json\/wp\/v2\/media?parent=37786"}],"curies":[{"name":"wp","href":"https:\/\/api.w.org\/{rel}","templated":true}]}}