{"id":30055,"date":"2017-04-04T17:36:26","date_gmt":"2017-04-04T20:36:26","guid":{"rendered":"https:\/\/www.anamt.org.br\/portal\/?page_id=30055"},"modified":"2023-08-28T12:06:25","modified_gmt":"2023-08-28T15:06:25","slug":"nucleo-diretrizes","status":"publish","type":"page","link":"https:\/\/www.anamt.org.br\/portal\/diretrizes\/nucleo-diretrizes\/","title":{"rendered":"N\u00facleo Diretrizes"},"content":{"rendered":"<p>O N\u00facleo Diretrizes \u00e9 composto por uma equipe profissional qualificada que tem por objetivo elaborar Diretrizes T\u00e9cnicas voltadas para a pr\u00e1tica da Medicina do Trabalho baseada em evid\u00eancias cient\u00edficas. O N\u00facleo trabalha em parceria com a Associa\u00e7\u00e3o M\u00e9dica Brasileira (AMB) dentro do Projeto Diretrizes (<a href=\"http:\/\/www.projetodiretrizes.org.br\" target=\"_blank\" rel=\"noopener\">www.projetodiretrizes.org.br<\/a>). Em caso de contato direto, encaminhe sua mensagem para <a href=\"mailto:diretrizes@anamt.org.br\">diretrizes@anamt.org.br<\/a>.<\/p>\n<h3>Integrantes<\/h3>\n<p>1. Dr. Jos\u00e9 Domingos Neto (M\u00e9dico do Trabalho. Oficina Tem\u00e1tica em Medicina Baseada em Evid\u00eancias pela AMB. Curso de Capacita\u00e7\u00e3o em Sa\u00fade Baseada em Evid\u00eancias pelo Hospital S\u00edrio Liban\u00eas. Professor Convidado em cursos de P\u00f3s-Gradua\u00e7\u00e3o em Medicina do Trabalho da Santa Casa de S\u00e3o Paulo e da Universidade de S\u00e3o Paulo. Conselheiro Cient\u00edfico da Associa\u00e7\u00e3o Paulista de Medicina do Trabalho);<\/p>\n<p>2. Dr. Eduardo Myung (M\u00e9dico do Trabalho, Oficina Tem\u00e1tica em Medicina Baseada em Evid\u00eancias pela AMB. Curso de Capacita\u00e7\u00e3o em Sa\u00fade Baseada em Evid\u00eancias pelo Hospital S\u00edrio Liban\u00eas);<\/p>\n<p>3. Dr. Guilherme Murta (M\u00e9dico do Trabalho. Mestre em Ensino em Ci\u00eancias da Sa\u00fade, Professor-Tutor do Curso de Especializa\u00e7\u00e3o em Medicina do Trabalho da UFPR e Presidente da Associa\u00e7\u00e3o Paranaense de Medicina do Trabalho);<\/p>\n<p>4. Dr. Paulo Rog\u00e9rio Lima (M\u00e9dico do Trabalho e ortopedista.\u00a0Mestre em Infectologia e Medicina Tropical pela UFPE. Doutor em Infectologia e Medicina Tropical pela UFPE.\u00a0Diretor Cient\u00edfico da Sociedade Pernambucana de Medicina do Trabalho);<\/p>\n<p>5. Dra. Anielle Vieira (M\u00e9dica do Trabalho. Resid\u00eancia m\u00e9dica em Medicina do Trabalho pela UFMG. Cursando MBA em Gest\u00e3o em Sa\u00fade pelo\u00a0Insper).<\/p>\n<p>6.\u00a0Dr. Leandro Ara\u00fajo Lessa ( M\u00e9dico Residente em Medicina do Trabalho, pela UNICAMP, segundo ano), Oficina de Trabalho do Programa Diretrizes da AMB &#8211; Diretrizes Cl\u00ednicas Baseada em Evid\u00eancia.<\/p>\n<p>O tema de uma nova diretriz ser\u00e1 definido a partir de problemas identificados como prevalentes na pr\u00e1tica cotidiana dos m\u00e9dicos do trabalho e ser\u00e3o discutidos e validados com a Diretoria da ANAMT. Cada nova diretriz ser\u00e1 elaborada por um Grupo Tem\u00e1tico formado por profissionais com peculiaridades pertinentes ao tema com prazo estipulado para elabora\u00e7\u00e3o como suficiente para a conclus\u00e3o dos trabalhos de forma adequada.<\/p>\n<p>A fun\u00e7\u00e3o principal do N\u00facleo Diretrizes ser\u00e1 acompanhar, em todas as etapas, \u00a0o desenvolvimento de cada nova diretriz estando respons\u00e1vel pela orienta\u00e7\u00e3o e supervis\u00e3o dos Grupos Tem\u00e1ticos.<\/p>\n<p>Ap\u00f3s o desenvolvimento da nova diretriz pelo Grupo Tem\u00e1tico, o documento-base ser\u00e1 encaminhado ao N\u00facleo Diretrizes para revis\u00e3o e valida\u00e7\u00e3o. Ap\u00f3s esta aprova\u00e7\u00e3o, o material ser\u00e1 encaminhado \u00e0 Diretoria da ANAMT e para Coordena\u00e7\u00e3o do Projeto Diretrizes da AMB para valida\u00e7\u00e3o e divulga\u00e7\u00e3o para consulta p\u00fablica. Ap\u00f3s avalia\u00e7\u00e3o das considera\u00e7\u00f5es indicadas em consulta p\u00fablica, o material \u00e9 mais uma vez revisitado e, por fim, a vers\u00e3o final \u00e9 disponibilizada.<\/p>\n<p>O processo de elabora\u00e7\u00e3o de uma Diretriz T\u00e9cnica compreende as seguintes etapas:<\/p>\n<p>1. Contextualiza\u00e7\u00e3o do tema (oficinas, debates, reuni\u00f5es cient\u00edficas, revis\u00e3o de literatura).<\/p>\n<p>2. Defini\u00e7\u00e3o das perguntas norteadoras (m\u00e9todo PICO), valida\u00e7\u00e3o dos descritores e sele\u00e7\u00e3o das bases de dados prim\u00e1rias e secund\u00e1rias.<\/p>\n<p>3. Sele\u00e7\u00e3o dos artigos e avalia\u00e7\u00e3o de qualidade da evid\u00eancia.<\/p>\n<p>4. Sistematiza\u00e7\u00e3o de dados, classifica\u00e7\u00e3o da evid\u00eancia e conclus\u00f5es.<\/p>\n<p>5. Elabora\u00e7\u00e3o do documento-base.<\/p>\n<p>6. Consulta-p\u00fablica.<\/p>\n<p>7. Revis\u00e3o e elabora\u00e7\u00e3o da vers\u00e3o final.<\/p>\n<p>8. Divulga\u00e7\u00e3o.<\/p>\n","protected":false},"excerpt":{"rendered":"<p>O N\u00facleo Diretrizes \u00e9 composto por uma equipe profissional qualificada que tem por objetivo elaborar Diretrizes T\u00e9cnicas voltadas para a pr\u00e1tica da Medicina do Trabalho baseada em evid\u00eancias cient\u00edficas. O N\u00facleo trabalha em parceria com a Associa\u00e7\u00e3o M\u00e9dica Brasileira (AMB) dentro do Projeto Diretrizes (www.projetodiretrizes.org.br). Em caso de contato direto, encaminhe sua mensagem para diretrizes@anamt.org.br. [&hellip;]<\/p>\n","protected":false},"author":1,"featured_media":0,"parent":12965,"menu_order":0,"comment_status":"closed","ping_status":"closed","template":"","meta":{"footnotes":""},"_links":{"self":[{"href":"https:\/\/www.anamt.org.br\/portal\/wp-json\/wp\/v2\/pages\/30055"}],"collection":[{"href":"https:\/\/www.anamt.org.br\/portal\/wp-json\/wp\/v2\/pages"}],"about":[{"href":"https:\/\/www.anamt.org.br\/portal\/wp-json\/wp\/v2\/types\/page"}],"author":[{"embeddable":true,"href":"https:\/\/www.anamt.org.br\/portal\/wp-json\/wp\/v2\/users\/1"}],"replies":[{"embeddable":true,"href":"https:\/\/www.anamt.org.br\/portal\/wp-json\/wp\/v2\/comments?post=30055"}],"version-history":[{"count":1,"href":"https:\/\/www.anamt.org.br\/portal\/wp-json\/wp\/v2\/pages\/30055\/revisions"}],"predecessor-version":[{"id":48303,"href":"https:\/\/www.anamt.org.br\/portal\/wp-json\/wp\/v2\/pages\/30055\/revisions\/48303"}],"up":[{"embeddable":true,"href":"https:\/\/www.anamt.org.br\/portal\/wp-json\/wp\/v2\/pages\/12965"}],"wp:attachment":[{"href":"https:\/\/www.anamt.org.br\/portal\/wp-json\/wp\/v2\/media?parent=30055"}],"curies":[{"name":"wp","href":"https:\/\/api.w.org\/{rel}","templated":true}]}}