{"id":30050,"date":"2017-04-04T17:29:22","date_gmt":"2017-04-04T20:29:22","guid":{"rendered":"https:\/\/www.anamt.org.br\/portal\/?page_id=30050"},"modified":"2017-04-04T17:31:13","modified_gmt":"2017-04-04T20:31:13","slug":"recomendacoes-de-outras-entidades","status":"publish","type":"page","link":"https:\/\/www.anamt.org.br\/portal\/recomendacoes\/recomendacoes-de-outras-entidades\/","title":{"rendered":"Recomenda\u00e7\u00f5es de outras entidades"},"content":{"rendered":"<p><!--[anamt_busca categoria=\"recomendacoes\"] [fusion_separator style_type=\"single|solid\" hide_on_mobile=\"small-visibility,medium-visibility,large-visibility\" class=\"\" id=\"\" sep_color=\"#aaa9a9\" top_margin=\"15px\" bottom_margin=\"15px\" border_size=\"\" icon=\"\" icon_circle=\"\" icon_circle_color=\"\" width=\"\" alignment=\"center\"][\/fusion_separator]--><\/p>\n<div id=\"pratica-medica\">\n<div class=\"fusion-blog-shortcode fusion-blog-shortcode-1 fusion-blog-archive fusion-blog-layout-large fusion-blog-pagination fusion-blog-no-images\"><div class=\"fusion-posts-container fusion-posts-container-pagination fusion-no-meta-info\" data-pages=\"1\"><article id=\"blog-1-post-12409\" class=\"fusion-post-large post-12409 post type-post status-publish format-standard hentry category-recomendacoes\">\n<div class=\"fusion-post-content post-content\"><h2 class=\"blog-shortcode-post-title entry-title\">Recomenda\u00e7\u00e3o CFM n\u00ba 5\/2014<\/h2><div class=\"fusion-post-content-container\"><p><a href=\"http:\/\/www.anamt.org.br\/site\/upload_arquivos\/legislacao_-_recomendacoes_cfm_2014_18920141129387055475.pdf\">Recomenda\u00e7\u00e3o CFM n\u00ba 5\/2014<\/a> \u2013 Recomendar que os m\u00e9dicos de empresas, quando atuarem como assistentes t\u00e9cnicos, ajam de acordo com sua livre consci\u00eancia, nos exatos termos dos princ\u00edpios, direitos e veda\u00e7\u00f5es previstas no atual C\u00f3digo de \u00c9tica M\u00e9dica.<\/p>\n<\/div><\/div><div class=\"fusion-clearfix\"><\/div><\/article>\n<article id=\"blog-1-post-12407\" class=\"fusion-post-large post-12407 post type-post status-publish format-standard hentry category-recomendacoes\">\n<div class=\"fusion-post-content post-content\"><h2 class=\"blog-shortcode-post-title entry-title\">Recomenda\u00e7\u00e3o CFM n\u00ba 7\/2014<\/h2><div class=\"fusion-post-content-container\"><p><a href=\"http:\/\/www.anamt.org.br\/site\/upload_arquivos\/legislacao_2015_3012015812377055475.pdf\">Recomenda\u00e7\u00e3o CFM n\u00ba 7\/2014<\/a> \u2013 Recomendar a ado\u00e7\u00e3o de procedimentos, cuidados, tratamentos e precau\u00e7\u00f5es aos m\u00e9dicos vivendo com HIV ou com AIDS, assim como seus direitos.<\/p>\n<\/div><\/div><div class=\"fusion-clearfix\"><\/div><\/article>\n<article id=\"blog-1-post-12405\" class=\"fusion-post-large post-12405 post type-post status-publish format-standard hentry category-recomendacoes\">\n<div class=\"fusion-post-content post-content\"><h2 class=\"blog-shortcode-post-title entry-title\">Recomenda\u00e7\u00e3o CNPC n\u00ba 1\/2015<\/h2><div class=\"fusion-post-content-container\"><p><a href=\"http:\/\/www.anamt.org.br\/site\/upload_arquivos\/legislacao_2015_251120151330337055475.pdf\">Recomenda\u00e7\u00e3o CNPC n\u00ba 1\/2015<\/a> \u2013 Recomendar a ado\u00e7\u00e3o de crit\u00e9rios de investimento socialmente respons\u00e1vel que contribuam \u00e0 promo\u00e7\u00e3o do trabalho decente.<\/p>\n<\/div><\/div><div class=\"fusion-clearfix\"><\/div><\/article>\n<\/div><\/div>\n<p>&nbsp;<\/p>\n<\/div>\n","protected":false},"excerpt":{"rendered":"<p>&nbsp;<\/p>\n","protected":false},"author":1,"featured_media":0,"parent":12958,"menu_order":0,"comment_status":"closed","ping_status":"closed","template":"","meta":{"footnotes":""},"_links":{"self":[{"href":"https:\/\/www.anamt.org.br\/portal\/wp-json\/wp\/v2\/pages\/30050"}],"collection":[{"href":"https:\/\/www.anamt.org.br\/portal\/wp-json\/wp\/v2\/pages"}],"about":[{"href":"https:\/\/www.anamt.org.br\/portal\/wp-json\/wp\/v2\/types\/page"}],"author":[{"embeddable":true,"href":"https:\/\/www.anamt.org.br\/portal\/wp-json\/wp\/v2\/users\/1"}],"replies":[{"embeddable":true,"href":"https:\/\/www.anamt.org.br\/portal\/wp-json\/wp\/v2\/comments?post=30050"}],"version-history":[{"count":0,"href":"https:\/\/www.anamt.org.br\/portal\/wp-json\/wp\/v2\/pages\/30050\/revisions"}],"up":[{"embeddable":true,"href":"https:\/\/www.anamt.org.br\/portal\/wp-json\/wp\/v2\/pages\/12958"}],"wp:attachment":[{"href":"https:\/\/www.anamt.org.br\/portal\/wp-json\/wp\/v2\/media?parent=30050"}],"curies":[{"name":"wp","href":"https:\/\/api.w.org\/{rel}","templated":true}]}}