{"id":19520,"date":"2017-03-05T20:42:47","date_gmt":"2017-03-05T23:42:47","guid":{"rendered":"https:\/\/www.anamt.org.br\/portal\/?page_id=19520"},"modified":"2025-02-03T11:06:54","modified_gmt":"2025-02-03T14:06:54","slug":"beneficios-para-associados","status":"publish","type":"page","link":"https:\/\/www.anamt.org.br\/portal\/seja-associado\/beneficios-para-associados\/","title":{"rendered":"Benef\u00edcios para associados"},"content":{"rendered":"<p>Um dos principais objetivos da ANAMT \u00e9 oferecer aos profissionais da Medicina do Trabalho ferramentas e informa\u00e7\u00f5es relevantes que possam ajudar no desenvolvimento da categoria. Os associados adimplentes, al\u00e9m de fortalecer a entidade, t\u00eam a oportunidade de participar ativamente dos debates relevantes para a SST e podem usufruir de benef\u00edcios exclusivos. Entre eles, o acesso a publica\u00e7\u00f5es cient\u00edficas e descontos em eventos.<\/p>\n<h3>Benef\u00edcios exclusivos para\u00a0associados da\u00a0ANAMT<\/h3>\n<p><iframe title=\"YouTube video player\" src=\"https:\/\/www.youtube.com\/embed\/YHN6At6qwOk?si=ugvHYTt3b92CN8zf\" width=\"560\" height=\"315\" frameborder=\"0\" allowfullscreen=\"allowfullscreen\"><\/iframe><\/p>\n<h5><img decoding=\"async\" class=\"alignleft wp-image-19533\" src=\"https:\/\/www.anamt.org.br\/portal\/wp-content\/uploads\/2017\/03\/beneficios_desconto_cofrinho.png\" width=\"64\" height=\"64\" srcset=\"https:\/\/www.anamt.org.br\/portal\/wp-content\/uploads\/2017\/03\/beneficios_desconto_cofrinho-66x66.png 66w, https:\/\/www.anamt.org.br\/portal\/wp-content\/uploads\/2017\/03\/beneficios_desconto_cofrinho.png 128w\" sizes=\"(max-width: 64px) 100vw, 64px\" \/><\/h5>\n<h5>1. Desconto na inscri\u00e7\u00e3o para a Prova de T\u00edtulo de Especialista<\/h5>\n<p>O\u00a0<a href=\"https:\/\/www.anamt.org.br\/portal\/titulo-de-especialista-em-medicina-do-trabalho\/\">T\u00edtulo de Especialista em Medicina do Trabalho\u00a0<\/a>\u00e9 considerado uma das melhores formas de mostrar a toda Sociedade e \u00e0 Comunidade M\u00e9dica em particular a qualifica\u00e7\u00e3o profissional necess\u00e1ria para lidar com compet\u00eancia os assuntos da \u00e1rea m\u00e9dica relacionada \u00e0 Sa\u00fade e Seguran\u00e7a do Trabalho, tendo o pleno reconhecimento do Conselho Federal de Medicina, da Associa\u00e7\u00e3o M\u00e9dica Brasileira e da Comiss\u00e3o Nacional de Resid\u00eancia M\u00e9dica, que s\u00e3o as tr\u00eas Entidades M\u00e9dicas que comp\u00f5em a Comiss\u00e3o Mista de Especialidades.<\/p>\n<h5><img decoding=\"async\" class=\"alignleft wp-image-19539\" src=\"https:\/\/www.anamt.org.br\/portal\/wp-content\/uploads\/2017\/03\/beneficios_revista.png\" width=\"64\" height=\"64\" srcset=\"https:\/\/www.anamt.org.br\/portal\/wp-content\/uploads\/2017\/03\/beneficios_revista-66x66.png 66w, https:\/\/www.anamt.org.br\/portal\/wp-content\/uploads\/2017\/03\/beneficios_revista.png 128w\" sizes=\"(max-width: 64px) 100vw, 64px\" \/><\/h5>\n<h5>2. Assinatura da\u00a0Revista Brasileira de Medicina do Trabalho e do\u00a0Jornal da\u00a0ANAMT<\/h5>\n<p>Fundada em 2003,\u00a0<a href=\"http:\/\/www.rbmt.org.br\/about\">a RBMT \u00e9 uma publica\u00e7\u00e3o oficial trimestral da ANAMT<\/a>. A revista \u00e9 um canal totalmente aberto para que membros da comunidade cient\u00edfica possam publicar trabalhos originais, revis\u00f5es sistem\u00e1ticas e casos cl\u00ednicos de interesse pedag\u00f3gico, de modo que os benef\u00edcios dessas contribui\u00e7\u00f5es impactem positivamente na melhoria das condi\u00e7\u00f5es de trabalho e qualidade de vida dos trabalhadores.<\/p>\n<p>O\u00a0<a href=\"https:\/\/www.anamt.org.br\/portal\/publicacoes\/jornais\/\">Jornal da ANAMT<\/a>\u00a0\u00e9 uma publica\u00e7\u00e3o trimestral, divulgada em mar\u00e7o, junho, setembro e dezembro. Lan\u00e7ado em 1987, o informativo, de 20 p\u00e1ginas, oferece um conte\u00fado jornal\u00edstico diverso e de qualidade, como entrevistas, artigos, reportagens e coberturas de eventos.<\/p>\n<p><img decoding=\"async\" class=\"wp-image-40295 size-full alignleft\" src=\"https:\/\/www.anamt.org.br\/portal\/wp-content\/uploads\/2020\/05\/icon_ANAMT_2020_v2.png\" alt=\"\" width=\"66\" height=\"66\" \/><\/p>\n<h5 style=\"text-align: left;\">3. ANAMT Virtual<\/h5>\n<p style=\"text-align: left;\">A <em>ANAMT Virtual<\/em>\u00a0\u00e9 a plataforma de educa\u00e7\u00e3o continuada da Associa\u00e7\u00e3o, que re\u00fane uma s\u00e9rie de\u00a0<a href=\"https:\/\/www.anamt.org.br\/portal\/2020\/04\/20\/anamt-virtual-primeiro-webinario-abordara-lideranca-para-medicos-do-trabalho\/\">webin\u00e1rios, f\u00f3runs, cursos e estudos de caso<\/a>\u00a0sobre os mais diversos assuntos de interesse dos m\u00e9dicos do trabalho. Esta \u00e9 uma iniciativa da Associa\u00e7\u00e3o para proporcionar conte\u00fado cient\u00edfico de qualidade a seus associados. O associado tem acesso a todo o hist\u00f3rico de materiais da plataforma, lan\u00e7ada em 2020.<\/p>\n<p><img decoding=\"async\" class=\"alignleft wp-image-19535\" src=\"https:\/\/www.anamt.org.br\/portal\/wp-content\/uploads\/2017\/03\/beneficios_votos.png\" width=\"64\" height=\"64\" srcset=\"https:\/\/www.anamt.org.br\/portal\/wp-content\/uploads\/2017\/03\/beneficios_votos-66x66.png 66w, https:\/\/www.anamt.org.br\/portal\/wp-content\/uploads\/2017\/03\/beneficios_votos.png 128w\" sizes=\"(max-width: 64px) 100vw, 64px\" \/><\/p>\n<p>&nbsp;<\/p>\n<h5>4. Voto nas assembleias gerais da ANAMT<\/h5>\n<p>A ANAMT convida todos os associados para assembleias gerais ordin\u00e1rias que acontecem durante seus congressos. Nas reuni\u00f5es s\u00e3o discutidos temas de interesse da Associa\u00e7\u00e3o, como a elei\u00e7\u00e3o de uma nova diretoria ou a aprova\u00e7\u00e3o do Estatuto da ANAMT.<\/p>\n<h5><img decoding=\"async\" class=\"wp-image-19545 alignleft\" src=\"https:\/\/www.anamt.org.br\/portal\/wp-content\/uploads\/2017\/03\/beneficios_comissoes.png\" width=\"64\" height=\"64\" srcset=\"https:\/\/www.anamt.org.br\/portal\/wp-content\/uploads\/2017\/03\/beneficios_comissoes-66x66.png 66w, https:\/\/www.anamt.org.br\/portal\/wp-content\/uploads\/2017\/03\/beneficios_comissoes.png 128w\" sizes=\"(max-width: 64px) 100vw, 64px\" \/><\/h5>\n<h5>5. Participa\u00e7\u00e3o nas Comiss\u00f5es do Conselho T\u00e9cnico da Diretoria Cient\u00edfica<\/h5>\n<p>O\u00a0<a href=\"https:\/\/www.anamt.org.br\/portal\/conselho-tecnico\/\">Conselho T\u00e9cnico da ANAMT<\/a>\u00a0\u00e9 respons\u00e1vel pelo planejamento e execu\u00e7\u00e3o das atividades cient\u00edficas da entidade. Fundamental na estrutura da Associa\u00e7\u00e3o, ele elabora elaborar materiais cient\u00edficos, pareceres, diretrizes t\u00e9cnicas e relat\u00f3rios t\u00e9cnico-cient\u00edficos, al\u00e9m de organizar eventos de atualiza\u00e7\u00e3o profissional, debates e cursos (presenciais e a dist\u00e2ncia) sobre os temas de cada comiss\u00e3o. A ANAMT tamb\u00e9m convida seus associados a participar do Conselho T\u00e9cnico propondo novas comiss\u00f5es e grupos de trabalho.<\/p>\n<h5><img decoding=\"async\" class=\"alignleft wp-image-19544\" src=\"https:\/\/www.anamt.org.br\/portal\/wp-content\/uploads\/2017\/03\/beneficios_duvidas_emoticon.png\" width=\"64\" height=\"64\" srcset=\"https:\/\/www.anamt.org.br\/portal\/wp-content\/uploads\/2017\/03\/beneficios_duvidas_emoticon-66x66.png 66w, https:\/\/www.anamt.org.br\/portal\/wp-content\/uploads\/2017\/03\/beneficios_duvidas_emoticon.png 128w\" sizes=\"(max-width: 64px) 100vw, 64px\" \/><\/h5>\n<h5>6. Esclarecimento de d\u00favidas pelas Comiss\u00f5es T\u00e9cnicas, Diretoria Cient\u00edfica e demais diretorias<\/h5>\n<p>Nossa\u00a0<a href=\"https:\/\/www.anamt.org.br\/portal\/diretoria\/\">diretoria<\/a> est\u00e1 \u00e0 disposi\u00e7\u00e3o para sanar suas d\u00favidas a respeito dos principais assuntos em debate na \u00e1rea de SST. A ANAMT disponibiliza canais de reservados para perguntas e respostas, onde o associado,\u00a0 atrav\u00e9s do e-mail secretaria@anamt.org.br, formaliza sua solicita\u00e7\u00e3o e recebe todo suporte da comiss\u00e3o de \u00c9tica e Defesa Profissional, em parceria com o Departamento Jur\u00eddico, para os quais podem encaminhar den\u00fancias sobre editais de concursos p\u00fablicos com vagas para m\u00e9dicos do trabalho ou com atribui\u00e7\u00f5es compat\u00edveis com a especialidade.<\/p>\n<p><img decoding=\"async\" class=\"alignleft wp-image-19531\" src=\"https:\/\/www.anamt.org.br\/portal\/wp-content\/uploads\/2017\/03\/beneficios_desconto.png\" width=\"64\" height=\"64\" srcset=\"https:\/\/www.anamt.org.br\/portal\/wp-content\/uploads\/2017\/03\/beneficios_desconto-66x66.png 66w, https:\/\/www.anamt.org.br\/portal\/wp-content\/uploads\/2017\/03\/beneficios_desconto.png 128w\" sizes=\"(max-width: 64px) 100vw, 64px\" \/><\/p>\n<h5>7. Descontos na inscri\u00e7\u00e3o de todos os eventos da ANAMT(Congressos, Semin\u00e1rios, F\u00f3runs e outros)<\/h5>\n<p>&nbsp;<\/p>\n<p>Ser associado permite ao m\u00e9dico do trabalho participar com melhores condi\u00e7\u00f5es de pagamento dos\u00a0<a href=\"http:\/\/seminariosanamt.com.br\/\">eventos promovidos pela ANAMT e suas federadas<\/a>. Planeje sua viagem economizando na inscri\u00e7\u00e3o e desfrute do melhor que os nossos semin\u00e1rios podem lhe oferecer.<\/p>\n<p><img decoding=\"async\" class=\"wp-image-33810 size-full alignleft\" src=\"https:\/\/www.anamt.org.br\/portal\/wp-content\/uploads\/2017\/03\/chat_66x66.png\" alt=\"\" width=\"66\" height=\"66\" \/><\/p>\n<h5>8. Cursos parceiros com descontos exclusivos<\/h5>\n<p>&nbsp;<\/p>\n<p>Os associados adimplentes contam com descontos exclusivos em cursos e eventos de entidades parceiras. Saiba mais detalhes com a secretaria.<\/p>\n<p><img decoding=\"async\" class=\"alignleft wp-image-19521\" src=\"https:\/\/www.anamt.org.br\/portal\/wp-content\/uploads\/2017\/03\/beneficios_acesso_area_restrita.png\" width=\"64\" height=\"64\" srcset=\"https:\/\/www.anamt.org.br\/portal\/wp-content\/uploads\/2017\/03\/beneficios_acesso_area_restrita-66x66.png 66w, https:\/\/www.anamt.org.br\/portal\/wp-content\/uploads\/2017\/03\/beneficios_acesso_area_restrita-150x150.png 150w, https:\/\/www.anamt.org.br\/portal\/wp-content\/uploads\/2017\/03\/beneficios_acesso_area_restrita-200x200.png 200w, https:\/\/www.anamt.org.br\/portal\/wp-content\/uploads\/2017\/03\/beneficios_acesso_area_restrita.png 256w\" sizes=\"(max-width: 64px) 100vw, 64px\" \/><\/p>\n<h5>9. Acesso ao conte\u00fado exclusivo do site da ANAMT, com apresenta\u00e7\u00f5es completas de congressos, semin\u00e1rios e f\u00f3runs<\/h5>\n<p>&nbsp;<\/p>\n<p>As apresenta\u00e7\u00f5es utilizadas por palestrantes e filmagens dos eventos promovidos pela ANAMT\u00a0<a href=\"http:\/\/www.anamt.org.br\/site\/painel_controle.aspx\">est\u00e3o dispon\u00edveis aqui<\/a>, na \u00e1rea de Conte\u00fado Exclusivo do site. O conte\u00fado, organizado de acordo com as datas dos semin\u00e1rios, pode ser visualizado pelos associados adimplentes da Associa\u00e7\u00e3o.<\/p>\n<p><img decoding=\"async\" class=\"alignleft wp-image-19527\" src=\"https:\/\/www.anamt.org.br\/portal\/wp-content\/uploads\/2017\/03\/beneficios_newsletter.png\" width=\"64\" height=\"64\" srcset=\"https:\/\/www.anamt.org.br\/portal\/wp-content\/uploads\/2017\/03\/beneficios_newsletter-66x66.png 66w, https:\/\/www.anamt.org.br\/portal\/wp-content\/uploads\/2017\/03\/beneficios_newsletter.png 128w\" sizes=\"(max-width: 64px) 100vw, 64px\" \/><\/p>\n<h5>10. Recebimento autom\u00e1tico da newsletter quinzenal<\/h5>\n<p>&nbsp;<\/p>\n<p>A ANAMT \u2014 com o intuito de atualizar os profissionais de SST e outros interessados atualizados \u2014\u00a0<a href=\"https:\/\/www.anamt.org.br\/portal\/2013\/07\/10\/newsletter-duvidas-mais-frequentes\/\">divulga quinzenalmente uma newsletter<\/a>\u00a0que traz as mais recentes discuss\u00f5es e pesquisas publicadas pela Associa\u00e7\u00e3o no per\u00edodo. Para receber o e-mail, basta o interessado informar seu contato de prefer\u00eancia no momento da inscri\u00e7\u00e3o.<\/p>\n<p><img decoding=\"async\" class=\"wp-image-40296 size-full alignleft\" src=\"https:\/\/www.anamt.org.br\/portal\/wp-content\/uploads\/2020\/05\/icon_ANAMT_2020_v1.png\" alt=\"\" width=\"66\" height=\"66\" \/><\/p>\n<h5>11. Programa Anuidade Zero<\/h5>\n<p>A parceria com a empresa Cofry permite que, al\u00e9m de ter acesso \u00e0 melhores ofertas, os associados acumulem cr\u00e9ditos por meio de compras online e os usem como desconto na anuidade.\u00a0<a href=\"https:\/\/cofry.com.br\/parceiro\/anamt\">Clique aqui para aproveitar essas vantagens.<\/a><\/p>\n<p><a href=\"https:\/\/sistemasanamt.org.br\/anamt\/associados\/cad_inscricao.aspx\">Associe-se!<\/a><strong>\u00a0<\/strong>Para mais informa\u00e7\u00f5es, entre em contato com a\u00a0<a href=\"https:\/\/www.anamt.org.br\/portal\/contato\/secretaria\/\">secretaria da ANAMT<\/a>:<\/p>\n<p>Tel.: (11) 3251-0849<br \/>\nWhatsApp: (11) 95658-7462<br \/>\nE-mail:\u00a0<a href=\"mailto:contato@anamt.org.br\">contato@anamt.org.br<\/a><\/p>\n<p>&nbsp;<\/p>\n","protected":false},"excerpt":{"rendered":"<p>Um dos principais objetivos da ANAMT \u00e9 oferecer aos profissionais da Medicina do Trabalho ferramentas e informa\u00e7\u00f5es relevantes que possam ajudar no desenvolvimento da categoria. Os associados adimplentes, al\u00e9m de fortalecer a entidade, t\u00eam a oportunidade de participar ativamente dos debates relevantes para a SST e podem usufruir de benef\u00edcios exclusivos. Entre eles, o acesso [&hellip;]<\/p>\n","protected":false},"author":1,"featured_media":0,"parent":12310,"menu_order":0,"comment_status":"closed","ping_status":"closed","template":"","meta":{"footnotes":""},"_links":{"self":[{"href":"https:\/\/www.anamt.org.br\/portal\/wp-json\/wp\/v2\/pages\/19520"}],"collection":[{"href":"https:\/\/www.anamt.org.br\/portal\/wp-json\/wp\/v2\/pages"}],"about":[{"href":"https:\/\/www.anamt.org.br\/portal\/wp-json\/wp\/v2\/types\/page"}],"author":[{"embeddable":true,"href":"https:\/\/www.anamt.org.br\/portal\/wp-json\/wp\/v2\/users\/1"}],"replies":[{"embeddable":true,"href":"https:\/\/www.anamt.org.br\/portal\/wp-json\/wp\/v2\/comments?post=19520"}],"version-history":[{"count":2,"href":"https:\/\/www.anamt.org.br\/portal\/wp-json\/wp\/v2\/pages\/19520\/revisions"}],"predecessor-version":[{"id":51526,"href":"https:\/\/www.anamt.org.br\/portal\/wp-json\/wp\/v2\/pages\/19520\/revisions\/51526"}],"up":[{"embeddable":true,"href":"https:\/\/www.anamt.org.br\/portal\/wp-json\/wp\/v2\/pages\/12310"}],"wp:attachment":[{"href":"https:\/\/www.anamt.org.br\/portal\/wp-json\/wp\/v2\/media?parent=19520"}],"curies":[{"name":"wp","href":"https:\/\/api.w.org\/{rel}","templated":true}]}}