{"id":12961,"date":"2017-03-03T12:53:30","date_gmt":"2017-03-03T15:53:30","guid":{"rendered":"https:\/\/www.anamt.org.br\/portal\/?page_id=12961"},"modified":"2017-03-03T12:54:01","modified_gmt":"2017-03-03T15:54:01","slug":"estudos-e-documentos","status":"publish","type":"page","link":"https:\/\/www.anamt.org.br\/portal\/estudos-e-documentos\/","title":{"rendered":"Estudos e documentos"},"content":{"rendered":"<p><!--[anamt_busca categoria=\"estudos-e-documentos\"]\n\n[fusion_separator style_type=\"single|solid\" hide_on_mobile=\"small-visibility,medium-visibility,large-visibility\" class=\"\" id=\"\" sep_color=\"#aaa9a9\" top_margin=\"15px\" bottom_margin=\"15px\" border_size=\"\" icon=\"\" icon_circle=\"\" icon_circle_color=\"\" width=\"\" alignment=\"center\"][\/fusion_separator]--><\/p>\n<div id=\"pratica-medica\">\n<div class=\"fusion-blog-shortcode fusion-blog-shortcode-1 fusion-blog-archive fusion-blog-layout-large fusion-blog-pagination fusion-blog-no-images\"><div class=\"fusion-posts-container fusion-posts-container-pagination fusion-no-meta-info\" data-pages=\"1\"><article id=\"blog-1-post-12411\" class=\"fusion-post-large post-12411 post type-post status-publish format-standard hentry category-estudos-e-documentos\">\n<div class=\"fusion-post-content post-content\"><h2 class=\"blog-shortcode-post-title entry-title\">Estrat\u00e9gia Nacional para Redu\u00e7\u00e3o dos Acidentes de Trabalho 2015 &#8211; 2016<\/h2><div class=\"fusion-post-content-container\"><p><a href=\"http:\/\/www.anamt.org.br\/site\/upload_arquivos\/legislacao_2016_14120161355237055475.pdf\">Estrat\u00e9gia Nacional para Redu\u00e7\u00e3o dos Acidentes de Trabalho 2015 \u2013 2016<\/a> \u2013 Minist\u00e9rio do Trabalho e Emprego.<\/p>\n<\/div><\/div><div class=\"fusion-clearfix\"><\/div><\/article>\n<\/div><\/div>\n<p>&nbsp;<\/p>\n<\/div>\n","protected":false},"excerpt":{"rendered":"<p>&nbsp;<\/p>\n","protected":false},"author":1,"featured_media":0,"parent":0,"menu_order":0,"comment_status":"closed","ping_status":"closed","template":"","meta":{"footnotes":""},"_links":{"self":[{"href":"https:\/\/www.anamt.org.br\/portal\/wp-json\/wp\/v2\/pages\/12961"}],"collection":[{"href":"https:\/\/www.anamt.org.br\/portal\/wp-json\/wp\/v2\/pages"}],"about":[{"href":"https:\/\/www.anamt.org.br\/portal\/wp-json\/wp\/v2\/types\/page"}],"author":[{"embeddable":true,"href":"https:\/\/www.anamt.org.br\/portal\/wp-json\/wp\/v2\/users\/1"}],"replies":[{"embeddable":true,"href":"https:\/\/www.anamt.org.br\/portal\/wp-json\/wp\/v2\/comments?post=12961"}],"version-history":[{"count":0,"href":"https:\/\/www.anamt.org.br\/portal\/wp-json\/wp\/v2\/pages\/12961\/revisions"}],"wp:attachment":[{"href":"https:\/\/www.anamt.org.br\/portal\/wp-json\/wp\/v2\/media?parent=12961"}],"curies":[{"name":"wp","href":"https:\/\/api.w.org\/{rel}","templated":true}]}}