{"id":12958,"date":"2017-03-03T12:46:45","date_gmt":"2017-03-03T15:46:45","guid":{"rendered":"https:\/\/www.anamt.org.br\/portal\/?page_id=12958"},"modified":"2023-08-28T11:53:22","modified_gmt":"2023-08-28T14:53:22","slug":"recomendacoes","status":"publish","type":"page","link":"https:\/\/www.anamt.org.br\/portal\/recomendacoes\/","title":{"rendered":"Recomenda\u00e7\u00f5es"},"content":{"rendered":"<ul>\n<li><a href=\"https:\/\/www.anamt.org.br\/portal\/recomendacoes\/recomendacoes-da-anamt\/\">Recomenda\u00e7\u00f5es da ANAMT<\/a><\/li>\n<li><a href=\"https:\/\/www.anamt.org.br\/portal\/recomendacoes\/recomendacoes-de-outras-entidades\/\">Recomenda\u00e7\u00f5es de outras entidades<\/a><\/li>\n<\/ul>\n<h5>Confira tamb\u00e9m:<\/h5>\n<ul>\n<li><a href=\"https:\/\/www.anamt.org.br\/portal\/diretrizes\/nucleo-diretrizes\/\">Conhe\u00e7a os integrantes do N\u00facleo Diretrizes<\/a><\/li>\n<\/ul>\n","protected":false},"excerpt":{"rendered":"<p>Recomenda\u00e7\u00f5es da ANAMT Recomenda\u00e7\u00f5es de outras entidades Confira tamb\u00e9m: Conhe\u00e7a os integrantes do N\u00facleo Diretrizes<\/p>\n","protected":false},"author":1,"featured_media":0,"parent":0,"menu_order":0,"comment_status":"closed","ping_status":"closed","template":"","meta":{"footnotes":""},"_links":{"self":[{"href":"https:\/\/www.anamt.org.br\/portal\/wp-json\/wp\/v2\/pages\/12958"}],"collection":[{"href":"https:\/\/www.anamt.org.br\/portal\/wp-json\/wp\/v2\/pages"}],"about":[{"href":"https:\/\/www.anamt.org.br\/portal\/wp-json\/wp\/v2\/types\/page"}],"author":[{"embeddable":true,"href":"https:\/\/www.anamt.org.br\/portal\/wp-json\/wp\/v2\/users\/1"}],"replies":[{"embeddable":true,"href":"https:\/\/www.anamt.org.br\/portal\/wp-json\/wp\/v2\/comments?post=12958"}],"version-history":[{"count":2,"href":"https:\/\/www.anamt.org.br\/portal\/wp-json\/wp\/v2\/pages\/12958\/revisions"}],"predecessor-version":[{"id":48302,"href":"https:\/\/www.anamt.org.br\/portal\/wp-json\/wp\/v2\/pages\/12958\/revisions\/48302"}],"wp:attachment":[{"href":"https:\/\/www.anamt.org.br\/portal\/wp-json\/wp\/v2\/media?parent=12958"}],"curies":[{"name":"wp","href":"https:\/\/api.w.org\/{rel}","templated":true}]}}