{"id":12945,"date":"2017-03-03T12:29:02","date_gmt":"2017-03-03T15:29:02","guid":{"rendered":"https:\/\/www.anamt.org.br\/portal\/?page_id=12945"},"modified":"2017-03-03T12:33:12","modified_gmt":"2017-03-03T15:33:12","slug":"notas-tecnicas","status":"publish","type":"page","link":"https:\/\/www.anamt.org.br\/portal\/notas-tecnicas\/","title":{"rendered":"Notas t\u00e9cnicas"},"content":{"rendered":"<p><!--[anamt_busca categoria=\"notas-tecnicas\"]\n\n[fusion_separator style_type=\"single|solid\" hide_on_mobile=\"small-visibility,medium-visibility,large-visibility\" class=\"\" id=\"\" sep_color=\"#aaa9a9\" top_margin=\"15px\" bottom_margin=\"15px\" border_size=\"\" icon=\"\" icon_circle=\"\" icon_circle_color=\"\" width=\"\" alignment=\"center\"][\/fusion_separator]--><\/p>\n<div id=\"pratica-medica\">\n<div class=\"fusion-blog-shortcode fusion-blog-shortcode-1 fusion-blog-archive fusion-blog-layout-large fusion-blog-pagination fusion-blog-no-images\"><div class=\"fusion-posts-container fusion-posts-container-pagination fusion-no-meta-info\" data-pages=\"1\"><article id=\"blog-1-post-12395\" class=\"fusion-post-large post-12395 post type-post status-publish format-standard hentry category-notas-tecnicas\">\n<div class=\"fusion-post-content post-content\"><h2 class=\"blog-shortcode-post-title entry-title\">Nota T\u00e9cnica n.\u00ba 75-2015<\/h2><div class=\"fusion-post-content-container\"><p><a href=\"http:\/\/www.anamt.org.br\/site\/upload_arquivos\/legislacao_2015_2472015115207055475.pdf\">Nota T\u00e9cnica n.\u00ba 75-2015<\/a> \u2013 Esclarecer sobre a validade do diploma de conclus\u00e3o em cursos de qualifica\u00e7\u00e3o em Leitura Radiol\u00f3gica das Pneumoconioses.<\/p>\n<\/div><\/div><div class=\"fusion-clearfix\"><\/div><\/article>\n<article id=\"blog-1-post-12393\" class=\"fusion-post-large post-12393 post type-post status-publish format-standard hentry category-notas-tecnicas\">\n<div class=\"fusion-post-content post-content\"><h2 class=\"blog-shortcode-post-title entry-title\">Nota T\u00e9cnica Documento n.o: 47606.000796\/2014-59<\/h2><div class=\"fusion-post-content-container\"><p><a href=\"http:\/\/www.anamt.org.br\/site\/upload_arquivos\/legislacao_2015_31720151148247055475.pdf\">Nota T\u00e9cnica Documento n.o: 47606.000796\/2014-59<\/a> \u2013 A respeito da estabilidade da empregada aprendiz gestante, considerando os constantes questionamentos sobre o tema.<\/p>\n<\/div><\/div><div class=\"fusion-clearfix\"><\/div><\/article>\n<\/div><\/div>\n<p>&nbsp;<\/p>\n<\/div>\n","protected":false},"excerpt":{"rendered":"<p>&nbsp;<\/p>\n","protected":false},"author":1,"featured_media":0,"parent":0,"menu_order":0,"comment_status":"closed","ping_status":"closed","template":"","meta":{"footnotes":""},"_links":{"self":[{"href":"https:\/\/www.anamt.org.br\/portal\/wp-json\/wp\/v2\/pages\/12945"}],"collection":[{"href":"https:\/\/www.anamt.org.br\/portal\/wp-json\/wp\/v2\/pages"}],"about":[{"href":"https:\/\/www.anamt.org.br\/portal\/wp-json\/wp\/v2\/types\/page"}],"author":[{"embeddable":true,"href":"https:\/\/www.anamt.org.br\/portal\/wp-json\/wp\/v2\/users\/1"}],"replies":[{"embeddable":true,"href":"https:\/\/www.anamt.org.br\/portal\/wp-json\/wp\/v2\/comments?post=12945"}],"version-history":[{"count":0,"href":"https:\/\/www.anamt.org.br\/portal\/wp-json\/wp\/v2\/pages\/12945\/revisions"}],"wp:attachment":[{"href":"https:\/\/www.anamt.org.br\/portal\/wp-json\/wp\/v2\/media?parent=12945"}],"curies":[{"name":"wp","href":"https:\/\/api.w.org\/{rel}","templated":true}]}}