{"id":12611,"date":"2017-03-02T14:58:00","date_gmt":"2017-03-02T17:58:00","guid":{"rendered":"https:\/\/www.anamt.org.br\/portal\/?page_id=12611"},"modified":"2017-03-02T15:09:23","modified_gmt":"2017-03-02T18:09:23","slug":"normas-regulamentadoras","status":"publish","type":"page","link":"https:\/\/www.anamt.org.br\/portal\/legislacao\/normas-regulamentadoras\/","title":{"rendered":"Normas Regulamentadoras"},"content":{"rendered":"<h5>NR- 1<\/h5>\n<ul>\n<li><a href=\"http:\/\/trabalho.gov.br\/images\/Documentos\/SST\/NR\/NR1.pdf\" target=\"_blank\">Disposi\u00e7\u00f5es Gerais<\/a><\/li>\n<\/ul>\n<h5>NR- 2<\/h5>\n<ul>\n<li><a href=\"http:\/\/trabalho.gov.br\/images\/Documentos\/SST\/NR\/NR2.pdf\" target=\"_blank\">Inspe\u00e7\u00e3o Pr\u00e9via<\/a><\/li>\n<\/ul>\n<h5>NR- 3<\/h5>\n<ul>\n<li><a href=\"http:\/\/trabalho.gov.br\/images\/Documentos\/SST\/NR\/NR3.pdf\" target=\"_blank\">Embargo ou Interdi\u00e7\u00e3o<\/a><\/li>\n<\/ul>\n<h5>NR- 4<\/h5>\n<ul>\n<li><a href=\"http:\/\/trabalho.gov.br\/images\/Documentos\/SST\/NR\/NR4.pdf\" target=\"_blank\">Servi\u00e7os Especialidas em Engenharia de Seguran\u00e7a em Medicina do Trabalho<\/a><\/li>\n<\/ul>\n<h5>NR- 5<\/h5>\n<ul>\n<li><a href=\"http:\/\/trabalho.gov.br\/images\/Documentos\/SST\/NR\/NR5.pdf\" target=\"_blank\">Comiss\u00e3o Interna de Preven\u00e7\u00e3o de Acidentes<\/a><\/li>\n<\/ul>\n<h5>NR- 6<\/h5>\n<ul>\n<li><a href=\"http:\/\/trabalho.gov.br\/images\/Documentos\/SST\/NR\/NR6.pdf\" target=\"_blank\">Equipamento de Prote\u00e7\u00e3o Individual (EPI)<\/a><\/li>\n<\/ul>\n<h5>NR- 7<\/h5>\n<ul>\n<li><a href=\"http:\/\/trabalho.gov.br\/images\/Documentos\/SST\/NR\/NR7.pdf\" target=\"_blank\">Programa de Controle M\u00e9dico de Sa\u00fade Ocupacional<\/a><\/li>\n<li><a href=\"http:\/\/trabalho.gov.br\/images\/Documentos\/SST\/NR\/NR7NOTA.pdf\" target=\"_blank\">Despacho SSST (Nota T\u00e9cnica)<\/a><\/li>\n<\/ul>\n<h5>NR- 8<\/h5>\n<ul>\n<li><a href=\"http:\/\/trabalho.gov.br\/images\/Documentos\/SST\/NR\/NR8.pdf\" target=\"_blank\">Comiss\u00e3o Interna de Preven\u00e7\u00e3o de Acidentes<\/a><\/li>\n<\/ul>\n<h5>NR- 9<\/h5>\n<ul>\n<li><a href=\"http:\/\/trabalho.gov.br\/images\/Documentos\/SST\/NR\/NR-09atualizada2014III.pdf\" target=\"_blank\">Programa de Preven\u00e7\u00e3o de Riscos Ambientais<\/a><\/li>\n<\/ul>\n<h5>NR- 10<\/h5>\n<ul>\n<li><a href=\"http:\/\/trabalho.gov.br\/images\/Documentos\/SST\/NR\/NR-10-atualizada-2016.pdf\" target=\"_blank\">Seguran\u00e7a em Insta\u00e7\u00f5es e Servi\u00e7os em Eletricidade<\/a><\/li>\n<\/ul>\n<h5>NR- 11<\/h5>\n<ul>\n<li><a href=\"http:\/\/trabalho.gov.br\/images\/Documentos\/SST\/NR\/NR11.pdf\" target=\"_blank\">Transporte, Movimenta\u00e7\u00e3o, Armazenagem e Manuseio de Materiais<\/a><\/li>\n<li><a href=\"http:\/\/trabalho.gov.br\/images\/Documentos\/SST\/NR\/NR-11-Anexo-I-atualizado-2016.pdf\" target=\"_blank\">Anexo I &#8211; Regulamento T\u00e9cnico de Procedimentos para Movimenta\u00e7\u00e3o, Armazenagem e Manuseio de Rochas Ornamentais<\/a><\/li>\n<\/ul>\n<h5>NR- 12<\/h5>\n<ul>\n<li><a href=\"http:\/\/trabalho.gov.br\/images\/Documentos\/SST\/NR\/NR12\/nr12atualizada2016.pdf\" target=\"_blank\">Seguran\u00e7a\u00a0 no Trabalho em M\u00e1quinas e Equipamentos<\/a><\/li>\n<li><a href=\"http:\/\/trabalho.gov.br\/images\/Documentos\/SST\/NR\/NR12\/NR-12AnexoIATT.pdf\" target=\"_blank\">Anexo I &#8211; Dist\u00e2ncias de Seguran\u00e7a e Requisitos para o Uso de Detectores de Presen\u00e7a Optoeletr\u00f4nicos<\/a><\/li>\n<li><a href=\"http:\/\/trabalho.gov.br\/images\/Documentos\/SST\/NR\/NR12\/NR-12AnexoII.pdf\" target=\"_blank\">Anexo II &#8211; Conte\u00fado Program\u00e1tico da Capacita\u00e7\u00e3o<\/a><\/li>\n<li><a href=\"http:\/\/trabalho.gov.br\/images\/Documentos\/SST\/NR\/NR12\/NR-12AnexoIII.pdf\" target=\"_blank\">Anexo III &#8211; Meios de Acesso Permanentes<\/a><\/li>\n<li><a href=\"http:\/\/trabalho.gov.br\/images\/Documentos\/SST\/NR\/NR12\/NR-12AnexoIV.pdf\" target=\"_blank\">Anexo IV &#8211; Gloss\u00e1rio<\/a><\/li>\n<li><a href=\"http:\/\/trabalho.gov.br\/images\/Documentos\/SST\/NR\/NR12\/NR-12AnexoV.pdf\" target=\"_blank\">Anexo V &#8211; Motosserras<\/a><\/li>\n<li><a href=\"http:\/\/trabalho.gov.br\/images\/Documentos\/SST\/NR\/NR12\/NR-12AnexoVI.pdf\" target=\"_blank\">Anexo VI &#8211; M\u00e1quinas para Panifica\u00e7\u00e3o e Confeitaria<\/a><\/li>\n<li><a href=\"http:\/\/trabalho.gov.br\/images\/Documentos\/SST\/NR\/NR12\/NR-12AnexoVII.pdf\" target=\"_blank\">Anexo VII &#8211; M\u00e1quinas para A\u00e7ougue e Mercearia<\/a><\/li>\n<li><a href=\"http:\/\/trabalho.gov.br\/images\/Documentos\/SST\/NR\/NR12\/NR-12AnexoVIII.pdf\" target=\"_blank\">Anexo VIII &#8211; Prensas e Similares<\/a><\/li>\n<li><a href=\"http:\/\/trabalho.gov.br\/images\/Documentos\/SST\/NR\/NR12\/NR-12AnexoIX.pdf\" target=\"_blank\">Anexo IX &#8211; Injetoras de Materiais Pl\u00e1sticos<\/a><\/li>\n<li><a href=\"http:\/\/trabalho.gov.br\/images\/Documentos\/SST\/NR\/NR12\/NR-12AnexoX.pdf\" target=\"_blank\">Anexo X &#8211; M\u00e1quinas para Fabrica\u00e7\u00e3o de Cal\u00e7ados e Afins<\/a><\/li>\n<li><a href=\"http:\/\/trabalho.gov.br\/images\/Documentos\/SST\/NR\/NR12\/NR-12-AnexoXI-att.pdf\" target=\"_blank\">Anexo XI &#8211; M\u00e1quinas e Implementos para Uso Agr\u00edcola e Florestal<\/a><\/li>\n<li><a href=\"http:\/\/trabalho.gov.br\/images\/Documentos\/SST\/NR\/NR12\/NR-12AnexoXII.pdf\">Anexo XII &#8211; Equipamentos de Guindar para Eleva\u00e7\u00e3o de Pessoas e Realiza\u00e7\u00e3o de Trabalho em Altura<\/a><\/li>\n<\/ul>\n<h5>NR- 13<\/h5>\n<ul>\n<li><a href=\"http:\/\/trabalho.gov.br\/images\/Documentos\/SST\/NR\/NR13.pdf\" target=\"_blank\">Caldeiras e Vasos de Press\u00e3o<\/a><\/li>\n<li><a href=\"http:\/\/trabalho.gov.br\/images\/Documentos\/SST\/NR\/faq-sobre-NR13-14_07_2016.pdf\" target=\"_blank\">Perguntas e Respostas sobre a NR-13 (Revis\u00e3o 1)<\/a><\/li>\n<\/ul>\n<h5>NR- 14<\/h5>\n<ul>\n<li><a href=\"http:\/\/trabalho.gov.br\/images\/Documentos\/SST\/NR\/NR14.pdf\" target=\"_blank\">Fornos<\/a><\/li>\n<\/ul>\n<h5>NR-15<\/h5>\n<ul>\n<li><a href=\"http:\/\/trabalho.gov.br\/images\/Documentos\/SST\/NR\/NR15\/NR15-ANEXO15.pdf\" target=\"_blank\">Atividades e Opera\u00e7\u00f5es Insalubres<\/a><\/li>\n<li><a href=\"http:\/\/trabalho.gov.br\/images\/Documentos\/SST\/NR\/NR15\/NR15-ANEXO1.pdf\" target=\"_blank\">Anexo I &#8211; Limites de Toler\u00e2ncia para Ru\u00eddo Cont\u00ednuo ou Intermitente<\/a><\/li>\n<li><a href=\"http:\/\/trabalho.gov.br\/images\/Documentos\/SST\/NR\/NR15\/NR15-ANEXO2.pdf\" target=\"_blank\">Anexo II &#8211; Limites de Toler\u00e2ncia para Ru\u00eddo de Impacto<\/a><\/li>\n<li><a href=\"http:\/\/trabalho.gov.br\/images\/Documentos\/SST\/NR\/NR15\/NR15-ANEXO3.pdf\" target=\"_blank\">Anexo III &#8211; Limites de Toler\u00e2ncia para Exposi\u00e7\u00e3o ao Calor<\/a><\/li>\n<li><a href=\"http:\/\/trabalho.gov.br\/images\/Documentos\/SST\/NR\/NR15\/NR15-ANEXO4.pdf\" target=\"_blank\">Anexo IV &#8211; (Revogado)<\/a><\/li>\n<li><a href=\"http:\/\/trabalho.gov.br\/images\/Documentos\/SST\/NR\/NR15\/NR15ANEXO5.pdf\" target=\"_blank\">Anexo V &#8211; Radia\u00e7\u00f5es Ionizantes<\/a><\/li>\n<li><a href=\"http:\/\/trabalho.gov.br\/images\/Documentos\/SST\/NR\/NR15\/NR15-ANEXO6.pdf\" target=\"_blank\">Anexo VI &#8211; Trabalho sob Condi\u00e7\u00f5es Hiperb\u00e1ricas<\/a><\/li>\n<li><a href=\"http:\/\/trabalho.gov.br\/images\/Documentos\/SST\/NR\/NR15\/NR15-ANEXO7.pdf\" target=\"_blank\">Anexo VII &#8211; Radia\u00e7\u00f5es N\u00e3o-Ionizantes<\/a><\/li>\n<li><a href=\"http:\/\/trabalho.gov.br\/images\/Documentos\/SST\/NR\/NR15\/NR15-ANEXO8.pdf\" target=\"_blank\">Anexo VIII &#8211; Vibra\u00e7\u00f5es<\/a><\/li>\n<li><a href=\"http:\/\/trabalho.gov.br\/images\/Documentos\/SST\/NR\/NR15\/NR15-ANEXO9.pdf\" target=\"_blank\">Anexo IX &#8211; Frio<\/a><\/li>\n<li><a href=\"http:\/\/trabalho.gov.br\/images\/Documentos\/SST\/NR\/NR15\/NR15-ANEXO10.pdf\" target=\"_blank\">Anexo X &#8211; Umidade<\/a><\/li>\n<li><a href=\"http:\/\/trabalho.gov.br\/images\/Documentos\/SST\/NR\/NR15\/NR15-ANEXO11.pdf\" target=\"_blank\">Anexo XI &#8211; Agentes Qu\u00edmicos Cuja Insalubridade \u00e9 Caracterizada por Limite de Toler\u00e2ncia e Inspe\u00e7\u00e3o no Local de Trabalho<\/a><\/li>\n<li><a href=\"http:\/\/trabalho.gov.br\/images\/Documentos\/SST\/NR\/NR15\/NR15-ANEXO12.pdf\" target=\"_blank\">Anexo XII &#8211; Limites de Toler\u00e2ncia para Poeiras Minerais<\/a><\/li>\n<li><a href=\"http:\/\/trabalho.gov.br\/images\/Documentos\/SST\/NR\/NR15\/NR15-ANEXO13.pdf\" target=\"_blank\">Anexo XIII &#8211; Agentes Qu\u00edmicos<\/a><\/li>\n<li><a href=\"http:\/\/trabalho.gov.br\/images\/Documentos\/SST\/NR\/NR15\/NR15-ANEXO13A.pdf\" target=\"_blank\">Anexo XIII &#8211; Anexo n\u00ba 13 A &#8211; Benzeno<\/a><\/li>\n<li><a href=\"http:\/\/trabalho.gov.br\/images\/Documentos\/SST\/NR\/NR15\/NR15-ANEXO14.pdf\" target=\"_blank\">Anexo XIV &#8211; Agentes Biol\u00f3gicos<\/a><\/li>\n<\/ul>\n<h5>NR- 16<\/h5>\n<ul>\n<li><a href=\"http:\/\/trabalho.gov.br\/images\/Documentos\/SST\/NR\/NR16.pdf\" target=\"_blank\">Atividades e Opera\u00e7\u00f5es Perigosas<\/a><\/li>\n<\/ul>\n<h5>NR-17<\/h5>\n<ul>\n<li><a href=\"http:\/\/trabalho.gov.br\/images\/Documentos\/SST\/NR\/NR17.pdf\" target=\"_blank\">Ergonomia<\/a><\/li>\n<li><a href=\"http:\/\/trabalho.gov.br\/images\/Documentos\/SST\/NR\/NR17-ANEXO1.pdf\" target=\"_blank\">Anexo I &#8211; Trabalho dos Operadores de Chekouts<\/a><\/li>\n<li><a href=\"http:\/\/trabalho.gov.br\/images\/Documentos\/SST\/NR\/NR17-ANEXO2.pdf\" target=\"_blank\">Anexo II &#8211; Trabalho em Teleatendimento\/Telemarketing<\/a><\/li>\n<\/ul>\n<h5>NR- 18<\/h5>\n<ul>\n<li><a href=\"http:\/\/trabalho.gov.br\/images\/Documentos\/SST\/NR\/NR18\/NR18atualizada2015.pdf\" target=\"_blank\">Condi\u00e7\u00f5es e Meio Ambiente de Trabalho na Ind\u00fastria da Constru\u00e7\u00e3o<\/a><\/li>\n<\/ul>\n<h5>NR-19<\/h5>\n<ul>\n<li><a href=\"http:\/\/trabalho.gov.br\/images\/Documentos\/SST\/NR\/NR-19atualizada2011.pdf\" target=\"_blank\">Explosivos<\/a><\/li>\n<\/ul>\n<h5>NR-20<\/h5>\n<ul>\n<li><a href=\"http:\/\/trabalho.gov.br\/images\/Documentos\/SST\/NR\/NR18\/NR20.pdf\" target=\"_blank\">Seguran\u00e7a e Sa\u00fade no Trabalho com inflam\u00e1veis e combust\u00edveis<\/a><\/li>\n<li><a href=\"http:\/\/trabalho.gov.br\/images\/Documentos\/SST\/NR\/NR18\/PERGUNTASRESPOSTAS-NR20.pdf\" target=\"_blank\">Perguntas e Respostas sobre a NR-20<\/a><\/li>\n<\/ul>\n<h5>NR-21<\/h5>\n<ul>\n<li><a href=\"http:\/\/trabalho.gov.br\/images\/Documentos\/SST\/NR\/NR-21atualizada.pdf\" target=\"_blank\">Trabalho a C\u00e9u Aberto<\/a><\/li>\n<\/ul>\n<h5>NR-22<\/h5>\n<ul>\n<li><a href=\"http:\/\/trabalho.gov.br\/images\/\/Documentos\/SST\/NR\/NR-22-atualizada-2016.pdf\" target=\"_blank\">Seguran\u00e7a e Sa\u00fade Ocupacional na Minera\u00e7\u00e3o<\/a><\/li>\n<li><a href=\"http:\/\/trabalho.gov.br\/images\/Documentos\/SST\/NR\/NR22\/NR22-ANEXO3.pdf\" target=\"_blank\">Anexo III &#8211; Requisitos M\u00ednimos para Utiliza\u00e7\u00e3o de Equipamentos de guindar de lan\u00e7a fixa<\/a><\/li>\n<\/ul>\n<h5>NR-23<\/h5>\n<ul>\n<li><a href=\"http:\/\/trabalho.gov.br\/images\/Documentos\/SST\/NR\/NR23.pdf\" target=\"_blank\">Prote\u00e7\u00e3o contra inc\u00eandios<\/a><\/li>\n<\/ul>\n<h5>NR-24<\/h5>\n<ul>\n<li><a href=\"http:\/\/trabalho.gov.br\/images\/Documentos\/SST\/NR\/NR24.pdf\" target=\"_blank\">Condi\u00e7\u00f5es Sanit\u00e1rias e de Conforto nos Locais de Trabalho<\/a><\/li>\n<\/ul>\n<h5>NR-25<\/h5>\n<ul>\n<li><a href=\"http:\/\/trabalho.gov.br\/images\/Documentos\/SST\/NR\/NR25.pdf\" target=\"_blank\">Res\u00edduos Industriais<\/a><\/li>\n<\/ul>\n<h5>NR-26<\/h5>\n<ul>\n<li><a href=\"http:\/\/trabalho.gov.br\/images\/Documentos\/SST\/NR\/NR26.pdf\" target=\"_blank\">Sinaliza\u00e7\u00e3o de Seguran\u00e7a<\/a><\/li>\n<\/ul>\n<h5>NR-27<\/h5>\n<ul>\n<li><a href=\"http:\/\/trabalho.gov.br\/images\/Documentos\/SST\/NR\/NR27.pdf\" target=\"_blank\">Registro Profissional do T\u00e9cnico de Seguran\u00e7a do Trabalho<\/a> (Revogada pela Portaria n\u00ba 262, de 29 de maio de 2008<\/li>\n<\/ul>\n<h5>NR-28<\/h5>\n<ul>\n<li><a href=\"http:\/\/trabalho.gov.br\/images\/Documentos\/SST\/NR\/NR-28-atualizada-2016.pdf\" target=\"_blank\">Fiscaliza\u00e7\u00e3o e Penalidades<\/a><\/li>\n<\/ul>\n<h5>NR-29<\/h5>\n<ul>\n<li><a href=\"http:\/\/trabalho.gov.br\/images\/Documentos\/SST\/NR\/NR29.pdf\" target=\"_blank\">Seguran\u00e7a e Sa\u00fade no Trabalho Portu\u00e1rio<\/a><\/li>\n<\/ul>\n<h5>NR- 30<\/h5>\n<ul>\n<li><a href=\"http:\/\/trabalho.gov.br\/images\/Documentos\/SST\/NR\/NR30.pdf\" target=\"_blank\">Seguran\u00e7a e Sa\u00fade no Trabalho Portu\u00e1rio<\/a><\/li>\n<li><a href=\"http:\/\/trabalho.gov.br\/images\/Documentos\/SST\/NR\/NR30-ANEXO1.pdf\" target=\"_blank\">Anexo I &#8211; Pesca Comercial e Industrial<\/a><\/li>\n<li><a href=\"http:\/\/trabalho.gov.br\/images\/Documentos\/SST\/NR\/NR30-ANEXO2.pdf\" target=\"_blank\">Anexo II &#8211; Plataformas e Instala\u00e7\u00f5es de Apoio<\/a><\/li>\n<\/ul>\n<h5>NR- 31<\/h5>\n<ul>\n<li><a href=\"http:\/\/www.anamt.org.br\/site\/upload_arquivos\/legislacao_-_cogidos_2412014928533424.pdf\">Seguran\u00e7a e Sa\u00fade no Trabalho na Agricultura, Pecu\u00e1ria Silvicultura, Explora\u00e7\u00e3o Florestal e Aquicultura<\/a><\/li>\n<\/ul>\n<h5>NR- 32<\/h5>\n<ul>\n<li><a href=\"http:\/\/portal.mte.gov.br\/data\/files\/8A7C812D36A280000138812EAFCE19E1\/NR-32%20(atualizada%202011).pdf\" target=\"_blank\">Norma Regulamentadora N\u00ba 32<\/a> &#8211; Seus Itens e Grau de Multas &#8211; 12 de maio de 2006<\/li>\n<\/ul>\n<h5>NR- 33<\/h5>\n<ul>\n<li><a href=\"http:\/\/trabalho.gov.br\/images\/Documentos\/SST\/NR\/NR33.pdf\" target=\"_blank\">Seguran\u00e7a e Sa\u00fade no Trabalho em Espa\u00e7os Confinados<\/a><\/li>\n<\/ul>\n<h5>NR- 34<\/h5>\n<ul>\n<li><a href=\"http:\/\/trabalho.gov.br\/images\/Documentos\/SST\/NR\/NR-34Atualizada2015.pdf\" target=\"_blank\">Condi\u00e7\u00f5es e meio ambiente de Trabalho na Ind\u00fastria da Constru\u00e7\u00e3o Civil e Repara\u00e7\u00e3o Naval<\/a><\/li>\n<\/ul>\n<h5>NR- 35<\/h5>\n<ul>\n<li><a href=\"http:\/\/trabalho.gov.br\/seguranca-e-saude-no-trabalho\/normatizacao\/normas-regulamentadoras\/norma-regulamentadora-n-35-trabalho-em-altura\" target=\"_blank\">Trabalho em Altura<\/a><\/li>\n<\/ul>\n<h5>NR- 36<\/h5>\n<ul>\n<li><a href=\"http:\/\/trabalho.gov.br\/images\/Documentos\/SST\/NR\/NR36.pdf\" target=\"_blank\">Seguran\u00e7a e Sa\u00fade no Trabalho em Empresas de Abate e Processamento de Carnes e Derivados<\/a><\/li>\n<\/ul>\n","protected":false},"excerpt":{"rendered":"<p>NR- 1 Disposi\u00e7\u00f5es Gerais NR- 2 Inspe\u00e7\u00e3o Pr\u00e9via NR- 3 Embargo ou Interdi\u00e7\u00e3o NR- 4 Servi\u00e7os Especialidas em Engenharia de Seguran\u00e7a em Medicina do Trabalho NR- 5 Comiss\u00e3o Interna de Preven\u00e7\u00e3o de Acidentes NR- 6 Equipamento de Prote\u00e7\u00e3o Individual (EPI) NR- 7 Programa de Controle M\u00e9dico de Sa\u00fade Ocupacional Despacho SSST (Nota T\u00e9cnica) NR- 8 [&hellip;]<\/p>\n","protected":false},"author":1,"featured_media":0,"parent":11955,"menu_order":0,"comment_status":"closed","ping_status":"closed","template":"","meta":{"footnotes":""},"_links":{"self":[{"href":"https:\/\/www.anamt.org.br\/portal\/wp-json\/wp\/v2\/pages\/12611"}],"collection":[{"href":"https:\/\/www.anamt.org.br\/portal\/wp-json\/wp\/v2\/pages"}],"about":[{"href":"https:\/\/www.anamt.org.br\/portal\/wp-json\/wp\/v2\/types\/page"}],"author":[{"embeddable":true,"href":"https:\/\/www.anamt.org.br\/portal\/wp-json\/wp\/v2\/users\/1"}],"replies":[{"embeddable":true,"href":"https:\/\/www.anamt.org.br\/portal\/wp-json\/wp\/v2\/comments?post=12611"}],"version-history":[{"count":0,"href":"https:\/\/www.anamt.org.br\/portal\/wp-json\/wp\/v2\/pages\/12611\/revisions"}],"up":[{"embeddable":true,"href":"https:\/\/www.anamt.org.br\/portal\/wp-json\/wp\/v2\/pages\/11955"}],"wp:attachment":[{"href":"https:\/\/www.anamt.org.br\/portal\/wp-json\/wp\/v2\/media?parent=12611"}],"curies":[{"name":"wp","href":"https:\/\/api.w.org\/{rel}","templated":true}]}}