{"id":12608,"date":"2017-03-02T13:39:10","date_gmt":"2017-03-02T16:39:10","guid":{"rendered":"https:\/\/www.anamt.org.br\/portal\/?page_id=12608"},"modified":"2017-03-20T00:09:55","modified_gmt":"2017-03-20T03:09:55","slug":"instrucoes-normativas","status":"publish","type":"page","link":"https:\/\/www.anamt.org.br\/portal\/legislacao\/instrucoes-normativas\/","title":{"rendered":"Instru\u00e7\u00f5es normativas"},"content":{"rendered":"<div class=\"fusion-sep-clear\"><\/div><div class=\"fusion-separator fusion-full-width-sep\" style=\"margin-left: auto;margin-right: auto;margin-top:15px;margin-bottom:15px;width:100%;\"><div class=\"fusion-separator-border sep-single sep-solid\" style=\"--awb-height:20px;--awb-amount:20px;--awb-sep-color:#aaa9a9;border-color:#aaa9a9;border-top-width:1px;\"><\/div><\/div><div class=\"fusion-sep-clear\"><\/div>\n<div id=\"pratica-medica\">\n<div class=\"fusion-blog-shortcode fusion-blog-shortcode-1 fusion-blog-archive fusion-blog-layout-large fusion-blog-pagination fusion-blog-no-images\"><div class=\"fusion-posts-container fusion-posts-container-pagination fusion-no-meta-info\" data-pages=\"1\"><article id=\"blog-1-post-12697\" class=\"fusion-post-large post-12697 post type-post status-publish format-standard hentry category-instrucoes-normativas tag-123\">\n<div class=\"fusion-post-content post-content\"><h2 class=\"blog-shortcode-post-title entry-title\">Instru\u00e7\u00e3o Normativa SRT N\u00ba 20, de 24 de julho de 2015<\/h2><div class=\"fusion-post-content-container\"><p><a href=\"http:\/\/www.anamt.org.br\/site\/upload_arquivos\/legislacao_2015_307201582797055475.pdf\">Instru\u00e7\u00e3o Normativa SRT N\u00ba 20, de 24 de julho de 2015<\/a> \u2013 Altera dispositivos da Instru\u00e7\u00e3o Normativa n\u00ba 16, de 15 de outubro de 2013, da Secretaria de Rela\u00e7\u00f5es do Trabalho. <\/p>\n<\/div><\/div><div class=\"fusion-clearfix\"><\/div><\/article>\n<article id=\"blog-1-post-12695\" class=\"fusion-post-large post-12695 post type-post status-publish format-standard hentry category-instrucoes-normativas tag-123\">\n<div class=\"fusion-post-content post-content\"><h2 class=\"blog-shortcode-post-title entry-title\">Instru\u00e7\u00e3o Normativa n\u00ba 77, de 21 de janeiro de 2015<\/h2><div class=\"fusion-post-content-container\"><p><a href=\"http:\/\/www.anamt.org.br\/site\/upload_arquivos\/legislacao_2015_22120151232487055475.pdf\">Instru\u00e7\u00e3o Normativa n\u00ba 77, de 21 de janeiro de 2015<\/a>\u00a0\u2013 Estabelece rotinas para agilizar e uniformizar o reconhecimento de direitos dos segurados e benefici\u00e1rios da Previd\u00eancia Social, com observ\u00e2ncia dos princ\u00edpios estabelecidos do art. 37 da Constitui\u00e7\u00e3o Federal de 1988. <\/p>\n<\/div><\/div><div class=\"fusion-clearfix\"><\/div><\/article>\n<article id=\"blog-1-post-12693\" class=\"fusion-post-large post-12693 post type-post status-publish format-standard hentry category-instrucoes-normativas tag-124\">\n<div class=\"fusion-post-content post-content\"><h2 class=\"blog-shortcode-post-title entry-title\">Instru\u00e7\u00e3o Normativa Conjunta N\u00ba 1, de 31 de dezembro de 2014<\/h2><div class=\"fusion-post-content-container\"><p><a href=\"http:\/\/www.anamt.org.br\/site\/upload_arquivos\/legislacao_2015_912015141347055475.pdf\">Instru\u00e7\u00e3o Normativa Conjunta N\u00ba 1, de 31 de dezembro de 2014 <\/a>\u2013 Estabelece condi\u00e7\u00f5es para a aplica\u00e7\u00e3o dos ingredientes ativos Imidacloprido, Clotianidina, Tiametoxam, Fipronil na cultura do algod\u00e3o em conformidade com a Lei n\u00ba 7.802 de 11 de julho de 1989 e a Instru\u00e7\u00e3o Normativa Conjunta MAPA\/IBAMA n\u00ba 01, de 28 de dezembro de 2012 <\/p>\n<\/div><\/div><div class=\"fusion-clearfix\"><\/div><\/article>\n<article id=\"blog-1-post-12691\" class=\"fusion-post-large post-12691 post type-post status-publish format-standard hentry category-instrucoes-normativas tag-124\">\n<div class=\"fusion-post-content post-content\"><h2 class=\"blog-shortcode-post-title entry-title\">Instru\u00e7\u00e3o Normativa N\u00ba 105, de 23 de abril de 2014<\/h2><div class=\"fusion-post-content-container\"><p><a href=\"http:\/\/www.anamt.org.br\/site\/upload_arquivos\/legislacao_-_leis_2014_29420141053367055475.pdf\">Instru\u00e7\u00e3o Normativa N\u00ba 105, de 23 de abril de 2014 <\/a>\u2013 Disp\u00f5e sobre os procedimentos de fiscaliza\u00e7\u00e3o indireta <\/p>\n<\/div><\/div><div class=\"fusion-clearfix\"><\/div><\/article>\n<article id=\"blog-1-post-12689\" class=\"fusion-post-large post-12689 post type-post status-publish format-standard hentry category-instrucoes-normativas tag-124\">\n<div class=\"fusion-post-content post-content\"><h2 class=\"blog-shortcode-post-title entry-title\">Instru\u00e7\u00e3o Normativa N\u00ba 2, de 13 de fevereiro de 2014<\/h2><div class=\"fusion-post-content-container\"><p><a href=\"http:\/\/www.anamt.org.br\/site\/upload_arquivos\/legislacao_-_instrucoes_normativas_2014_17220141244587055475.pdf\">Instru\u00e7\u00e3o Normativa N\u00ba 2, de 13 de fevereiro de 2014 <\/a>\u2013 Estabelece instru\u00e7\u00f5es para o reconhecimento, pelos Regimes Pr\u00f3prios da Previd\u00eancia Social da Uni\u00e3o, dos Estados, do Distrito Federal e dos Munic\u00edpios, do direito dos servidores p\u00fablicos com defici\u00eancia, amparados por ordem concedida em Mandado de Inju\u00e7\u00e3o, \u00e0 aposentadoria com requisitos e crit\u00e9rios diferenciados de que trata o \u00a7 4\u00ba, inciso I, do art. 40 da Constitui\u00e7\u00e3o Federal.  <\/p>\n<\/div><\/div><div class=\"fusion-clearfix\"><\/div><\/article>\n<article id=\"blog-1-post-12687\" class=\"fusion-post-large post-12687 post type-post status-publish format-standard hentry category-instrucoes-normativas tag-128\">\n<div class=\"fusion-post-content post-content\"><h2 class=\"blog-shortcode-post-title entry-title\">Instru\u00e7\u00e3o Normativa MTE\/SIT N\u00ba 102, de 28 de mar\u00e7o de 2013<\/h2><div class=\"fusion-post-content-container\"><p><a href=\"http:\/\/www.anamt.org.br\/site\/upload_arquivos\/legislacao_-_instrucoes_normativas_2012_18122013171012533424.pdf\">Instru\u00e7\u00e3o Normativa MTE\/SIT N\u00ba 102, de 28 de mar\u00e7o de 2013 <\/a>\u2013 Disp\u00f5e sobre a fiscaliza\u00e7\u00e3o do trabalho infantil e prote\u00e7\u00e3o ao adolescente trabalhador.\u00a0Social reabilitados.  <\/p>\n<\/div><\/div><div class=\"fusion-clearfix\"><\/div><\/article>\n<article id=\"blog-1-post-12685\" class=\"fusion-post-large post-12685 post type-post status-publish format-standard hentry category-instrucoes-normativas tag-127\">\n<div class=\"fusion-post-content post-content\"><h2 class=\"blog-shortcode-post-title entry-title\">Instru\u00e7\u00e3o Normativa MTE\/SIT n\u00ba 98, de 15 de agosto de 2012<\/h2><div class=\"fusion-post-content-container\"><p><a href=\"http:\/\/www.anamt.org.br\/site\/upload_arquivos\/legislacao_-_instrucoes_normativas_2012_181220131710287055475.pdf\" target=\"_blank\">Instru\u00e7\u00e3o Normativa MTE\/SIT n\u00ba 98, de\u00a015 de\u00a0agosto de 2012<\/a>\u00a0\u2013 Disp\u00f5e sobre procedimentos de fiscaliza\u00e7\u00e3o do cumprimento, por parte dos empregadores, das normas destinadas \u00e0 inclus\u00e3o no trabalho das pessoas com defici\u00eancia e benefici\u00e1rios da Previd\u00eancia Social reabilitados.  <\/p>\n<\/div><\/div><div class=\"fusion-clearfix\"><\/div><\/article>\n<article id=\"blog-1-post-12683\" class=\"fusion-post-large post-12683 post type-post status-publish format-standard hentry category-instrucoes-normativas tag-127\">\n<div class=\"fusion-post-content post-content\"><h2 class=\"blog-shortcode-post-title entry-title\">Instru\u00e7\u00e3o Normativa MTE\/SIT n\u00ba 97, de 30 de julho de 2012<\/h2><div class=\"fusion-post-content-container\"><p><a href=\"http:\/\/www.anamt.org.br\/site\/upload_arquivos\/legislacao_-_instrucoes_normativas_2012_18122013171047533424.pdf\" target=\"_blank\">Instru\u00e7\u00e3o Normativa MTE\/SIT n\u00ba 97, de 30 de julho de 2012<\/a>\u00a0\u2013 Disp\u00f5e sobre a fiscaliza\u00e7\u00e3o das condi\u00e7\u00f5es de trabalho no \u00e2mbito dos programas de aprendizagem.  <\/p>\n<\/div><\/div><div class=\"fusion-clearfix\"><\/div><\/article>\n<article id=\"blog-1-post-12681\" class=\"fusion-post-large post-12681 post type-post status-publish format-standard hentry category-instrucoes-normativas tag-127\">\n<div class=\"fusion-post-content post-content\"><h2 class=\"blog-shortcode-post-title entry-title\">Instru\u00e7\u00e3o Normativa MCTI n\u00ba 2, de 15 de junho de 2012<\/h2><div class=\"fusion-post-content-container\"><p><a href=\"http:\/\/www.anamt.org.br\/site\/upload_arquivos\/legislacao_-_instrucoes_normativas_2012_18122013171195795186.pdf\" target=\"_blank\">Instru\u00e7\u00e3o Normativa MCTI n\u00ba 2, \u00a0de 15 de junho de 2012<\/a>\u2013 Baixa o Regulamento T\u00e9cnico para integra\u00e7\u00e3o dos Laborat\u00f3rios Estrat\u00e9gicos e dos Laborat\u00f3rios Associados ao Sistema Nacional de Laborat\u00f3rios em Nanotecnologia \u2013 SisNANO e d\u00e1 outras provid\u00eancias.\u00a0 <\/p>\n<\/div><\/div><div class=\"fusion-clearfix\"><\/div><\/article>\n<article id=\"blog-1-post-12679\" class=\"fusion-post-large post-12679 post type-post status-publish format-standard hentry category-instrucoes-normativas tag-127\">\n<div class=\"fusion-post-content post-content\"><h2 class=\"blog-shortcode-post-title entry-title\">Instru\u00e7\u00e3o Normativa INSS 59, de 17 de abril de 2012<\/h2><div class=\"fusion-post-content-container\"><p><a href=\"http:\/\/www.anamt.org.br\/site\/upload_arquivos\/legislacao_-_instrucoes_normativas_2012_181220131711362895625.pdf\" target=\"_blank\">Instru\u00e7\u00e3o Normativa INSS 59, de 17 de abril de 2012<\/a> \u2013 Altera dispositivos da Instru\u00e7\u00e3o Normativa n\u00ba 45 INSS\/PRES, de 08 de agosto de 2010. <\/p>\n<\/div><\/div><div class=\"fusion-clearfix\"><\/div><\/article>\n<article id=\"blog-1-post-12677\" class=\"fusion-post-large post-12677 post type-post status-publish format-standard hentry category-instrucoes-normativas tag-127\">\n<div class=\"fusion-post-content post-content\"><h2 class=\"blog-shortcode-post-title entry-title\">Instru\u00e7\u00e3o Normativa SRF N.\u00ba 1.265, de 30 de mar\u00e7o de 2012<\/h2><div class=\"fusion-post-content-container\"><p><a href=\"http:\/\/www.anamt.org.br\/site\/upload_arquivos\/legislacao_-_instrucoes_normativas_2012_18122013171222895625.pdf\" target=\"_blank\">Instru\u00e7\u00e3o Normativa SRF N.\u00ba 1.265, de 30 de mar\u00e7o de 2012<\/a> \u2013 Estabelece procedimentos para retifica\u00e7\u00e3o de erros no preenchimento de Guia da Previd\u00eancia Social (GPS) e d\u00e1 outras provid\u00eancias. <\/p>\n<\/div><\/div><div class=\"fusion-clearfix\"><\/div><\/article>\n<article id=\"blog-1-post-12675\" class=\"fusion-post-large post-12675 post type-post status-publish format-standard hentry category-instrucoes-normativas tag-127\">\n<div class=\"fusion-post-content post-content\"><h2 class=\"blog-shortcode-post-title entry-title\">Instru\u00e7\u00e3o Normativa MTE\/SIT n.\u00ba 96, de 16 de janeiro de 2012<\/h2><div class=\"fusion-post-content-container\"><p><a href=\"http:\/\/www.anamt.org.br\/site\/upload_arquivos\/legislacao_-_instrucoes_normativas_2012_18122013171221301948.pdf\" target=\"_blank\">Instru\u00e7\u00e3o Normativa MTE\/SIT n.\u00ba 96, de 16 de janeiro de 2012<\/a> \u2013 Disp\u00f5e sobre procedimentos para a divulga\u00e7\u00e3o e fiscaliza\u00e7\u00e3o do cumprimento da legisla\u00e7\u00e3o do Programa de Alimenta\u00e7\u00e3o do Trabalhador \u2013 PATa fiscaliza\u00e7\u00e3o para a erradica\u00e7\u00e3o do trabalho em condi\u00e7\u00e3o an\u00e1loga \u00e0 de escravo e d\u00e1 outras provid\u00eancias. <\/p>\n<\/div><\/div><div class=\"fusion-clearfix\"><\/div><\/article>\n<article id=\"blog-1-post-12673\" class=\"fusion-post-large post-12673 post type-post status-publish format-standard hentry category-instrucoes-normativas tag-127\">\n<div class=\"fusion-post-content post-content\"><h2 class=\"blog-shortcode-post-title entry-title\">Instru\u00e7\u00e3o Normativa RFB n.\u00ba 1.238, de 11 de janeiro de 2012<\/h2><div class=\"fusion-post-content-container\"><p><a href=\"http:\/\/www.anamt.org.br\/site\/upload_arquivos\/legislacao_-_instrucoes_normativas_2012_18122013171241301948.pdf\" target=\"_blank\">Instru\u00e7\u00e3o Normativa RFB\u00a0n.\u00ba 1.238, de 11 de janeiro de 2012<\/a> \u2013 Altera a Instru\u00e7\u00e3o Normativa RFB n\u00ba 971, de 13 de novembro de 2009, que disp\u00f5e sobre normas gerais de tributa\u00e7\u00e3o previdenci\u00e1ria e de arrecada\u00e7\u00e3o das contribui\u00e7\u00f5es sociais destinadas \u00e0 Previd\u00eancia Social e as destinadas a outras entidades ou fundos, administradas pela Secretaria da Receita Federal do Brasil e d\u00e1 outras provid\u00eancias.  <\/p>\n<\/div><\/div><div class=\"fusion-clearfix\"><\/div><\/article>\n<article id=\"blog-1-post-12671\" class=\"fusion-post-large post-12671 post type-post status-publish format-standard hentry category-instrucoes-normativas tag-126\">\n<div class=\"fusion-post-content post-content\"><h2 class=\"blog-shortcode-post-title entry-title\">Instru\u00e7\u00e3o Normativa MTE\/SIT n.\u00ba 91, de 5 de outubro de 2011<\/h2><div class=\"fusion-post-content-container\"><p><a href=\"http:\/\/portal.mte.gov.br\/data\/files\/8A7C812D32DC09BB0132DFD134F77441\/in_20111005_91.pdf\" target=\"_blank\">Instru\u00e7\u00e3o Normativa MTE\/SIT n.\u00ba 91, de 5 de outubro de 2011<\/a> \u2013 Disp\u00f5e sobre a fiscaliza\u00e7\u00e3o para a erradica\u00e7\u00e3o do trabalho em condi\u00e7\u00e3o an\u00e1loga \u00e0 de escravo e d\u00e1 outras provid\u00eancias.  <\/p>\n<\/div><\/div><div class=\"fusion-clearfix\"><\/div><\/article>\n<article id=\"blog-1-post-12669\" class=\"fusion-post-large post-12669 post type-post status-publish format-standard hentry category-instrucoes-normativas tag-108\">\n<div class=\"fusion-post-content post-content\"><h2 class=\"blog-shortcode-post-title entry-title\">Instru\u00e7\u00f5es Normativa SIT N\u00ba 80, de 21 de dezembro de 2009<\/h2><div class=\"fusion-post-content-container\"><p><a href=\"http:\/\/www.anamt.org.br\/site\/upload_arquivos\/legislacao_-_instrucoes_normativas_2009_181220131719365795186.pdf\" target=\"_blank\">Instru\u00e7\u00f5es Normativa SIT N\u00ba 80, de 21 de dezembro de 2009<\/a> \u2013 Disp\u00f5e sobre a fiscaliza\u00e7\u00e3o de pr\u00e1ticas discriminat\u00f3rias e do treinamento das Comiss\u00f5es Internas de Preven\u00e7\u00e3o de Acidente \u2013 CIPA quanto \u00e0 preven\u00e7\u00e3o do HIV\/AIDS.  <\/p>\n<\/div><\/div><div class=\"fusion-clearfix\"><\/div><\/article>\n<article id=\"blog-1-post-12667\" class=\"fusion-post-large post-12667 post type-post status-publish format-standard hentry category-instrucoes-normativas tag-133\">\n<div class=\"fusion-post-content post-content\"><h2 class=\"blog-shortcode-post-title entry-title\">Instru\u00e7\u00f5es Normativa INSS N\u00ba 31, de 10 de Setembro de 2008<\/h2><div class=\"fusion-post-content-container\"><p><a href=\"http:\/\/www.anamt.org.br\/site\/upload_arquivos\/legislacao_-_instrucoes_normativas_2008_181220131720352895625.pdf\" target=\"_blank\">Instru\u00e7\u00f5es Normativa INSS N\u00ba 31, de 10 de Setembro de 2008<\/a> \u2013 Disp\u00f5e sobre procedimentos e rotinas referentes ao Nexo T\u00e9cnico Previdenci\u00e1rio, e d\u00e1 outras provid\u00eancias.\u00a0\u00a0 <\/p>\n<\/div><\/div><div class=\"fusion-clearfix\"><\/div><\/article>\n<\/div><\/div>\n<p>&nbsp;<\/p>\n<\/div>\n","protected":false},"excerpt":{"rendered":"<p>&nbsp;<\/p>\n","protected":false},"author":1,"featured_media":0,"parent":11955,"menu_order":0,"comment_status":"closed","ping_status":"closed","template":"","meta":{"footnotes":""},"_links":{"self":[{"href":"https:\/\/www.anamt.org.br\/portal\/wp-json\/wp\/v2\/pages\/12608"}],"collection":[{"href":"https:\/\/www.anamt.org.br\/portal\/wp-json\/wp\/v2\/pages"}],"about":[{"href":"https:\/\/www.anamt.org.br\/portal\/wp-json\/wp\/v2\/types\/page"}],"author":[{"embeddable":true,"href":"https:\/\/www.anamt.org.br\/portal\/wp-json\/wp\/v2\/users\/1"}],"replies":[{"embeddable":true,"href":"https:\/\/www.anamt.org.br\/portal\/wp-json\/wp\/v2\/comments?post=12608"}],"version-history":[{"count":0,"href":"https:\/\/www.anamt.org.br\/portal\/wp-json\/wp\/v2\/pages\/12608\/revisions"}],"up":[{"embeddable":true,"href":"https:\/\/www.anamt.org.br\/portal\/wp-json\/wp\/v2\/pages\/11955"}],"wp:attachment":[{"href":"https:\/\/www.anamt.org.br\/portal\/wp-json\/wp\/v2\/media?parent=12608"}],"curies":[{"name":"wp","href":"https:\/\/api.w.org\/{rel}","templated":true}]}}