{"id":12359,"date":"2017-02-23T09:06:45","date_gmt":"2017-02-23T12:06:45","guid":{"rendered":"https:\/\/www.anamt.org.br\/portal\/?page_id=12359"},"modified":"2017-02-23T09:16:21","modified_gmt":"2017-02-23T12:16:21","slug":"referencias-do-livro-a-inclusao-de-pessoas-com-deficiencia","status":"publish","type":"page","link":"https:\/\/www.anamt.org.br\/portal\/sugestoes-de-leitura\/livros\/referencias-do-livro-a-inclusao-de-pessoas-com-deficiencia\/","title":{"rendered":"Refer\u00eancias do Livro &#8216;A Inclus\u00e3o de Pessoas com Defici\u00eancia&#8217;"},"content":{"rendered":"<h5>Refer\u00eancias\u00a0(por ordem alfab\u00e9tica)<\/h5>\n<p>1.\u00a0\u00a0\u00a0\u00a0\u00a0BRASIL. Advocacia-Geral da Uni\u00e3o. Portaria Interministerial AGU\/MPS\/MF\/SEDH\/MP N\u00ba 1 DE 27\/01\/2014.\u00a0Aprova o instrumento destinado \u00e0 avalia\u00e7\u00e3o do segurado da Previd\u00eancia Social e \u00e0 identifica\u00e7\u00e3o dos graus de defici\u00eancia, bem como define impedimento de longo prazo, para os efeitos do Decreto n\u00b0 3.048, de 6 de maio de 1999. Dispon\u00edvel em:\u00a0<a href=\"http:\/\/www.legisweb.com.br\/legislacao\/?id=265085\" target=\"_blank\">http:\/\/www.legisweb.com.br\/legislacao\/?id=265085<\/a>\u00a0&#8211; Acesso em 9\/1\/2014.<\/p>\n<p>2.\u00a0\u00a0\u00a0\u00a0\u00a0BRASIL.\u00a0Casa Civil. Lei N\u00ba 9.527 de 10 de dezembro de 1997. Altera dispositivos das Leis N\u00ba 8.112, 8.460 e 2180 e d\u00e1 outras provid\u00eancias. Dispon\u00edvel em:\u00a0<a href=\"http:\/\/www.planalto.gov.br\/ccivil_03\/LEIS\/L9527.htm\" target=\"_blank\">http:\/\/www.planalto.gov.br\/ccivil_03\/LEIS\/L9527.htm<\/a>\u00a0Acesso em 10\/10\/2014.<\/p>\n<p>3.\u00a0\u00a0\u00a0\u00a0\u00a0BRASIL. Minist\u00e9rio do Trabalho e Emprego. A Inclus\u00e3o das Pessoas com Defici\u00eancia no Mercado de Trabalho. 2\u00aa edi\u00e7\u00e3o. Bras\u00edlia, 2007. 100p. Dispon\u00edvel em: <a href=\"http:\/\/portal.mte.gov.br\/fisca_trab\/inclusao-das-pessoas-com-deficiencia-no-mercado-de-trabalho.htm\" target=\"_blank\">http:\/\/portal.mte.gov.br\/fisca_trab\/inclusao-das-pessoas-com-deficiencia-no-mercado-de-trabalho.htm<\/a>\u00a0Acesso em 23\/1\/2014.<\/p>\n<p>4.\u00a0\u00a0\u00a0\u00a0\u00a0BRASIL. Minist\u00e9rio do Trabalho e Emprego.\u00a0A Inclus\u00e3o das Pessoas com Defici\u00eancia no Mercado de Trabalho. 2\u00aa edi\u00e7\u00e3o. Bras\u00edlia, 2007. 100p. Dispon\u00edvel em: <a href=\"http:\/\/portal.mte.gov.br\/fisca_trab\/inclusao-das-pessoas-com-deficiencia-no-mercado-de-trabalho.htm\" target=\"_blank\">http:\/\/portal.mte.gov.br\/fisca_trab\/inclusao-das-pessoas-com-deficiencia-no-mercado-de-trabalho.htm<\/a>\u00a0Acesso em 23\/1\/2014.<\/p>\n<p>5.\u00a0\u00a0\u00a0\u00a0\u00a0BRASIL. Minist\u00e9rio do Trabalho e Emprego.\u00a0Empregador. Seguran\u00e7a e Sa\u00fade no Trabalho. Legisla\u00e7\u00e3o. Portarias. 1994. Portaria n.\u00a024, de 29 de dezembro de 1994. Aprova o Programa de Controle M\u00e9dico de Sa\u00fade Ocupacional \u2013 PCMSO (NR-7). Dispon\u00edvel em: <a href=\"http:\/\/www.mte.gov.br\/Empregador\/segsau\/\" target=\"_blank\">http:\/\/www.mte.gov.br\/Empregador\/segsau\/<\/a><a href=\"http:\/\/http\/\/www.mte.gov.br\/Empregador\/segsau\/Legislacao\/Portarias\/1994\/CONTEUDO\/port24.asp\">Legislacao\/Portarias\/1994\/CONTEUDO\/port24.asp<\/a><\/p>\n<p>6.\u00a0\u00a0\u00a0\u00a0\u00a0BRASIL. Minist\u00e9rio do Trabalho e Emprego. Secretaria de Inspe\u00e7\u00e3o do Trabalho. Instru\u00e7\u00e3o Normativa N\u00ba 98 de 15 de Agosto de 2012\u00a0(D.O.U. de 16\/08\/2012 &#8211; Se\u00e7\u00e3o 1 &#8211; P\u00e1gs. 116 e 117) que disp\u00f5e sobre procedimentos de fiscaliza\u00e7\u00e3o do cumprimento, por parte dos empregadores, das normas destinadas \u00e0 inclus\u00e3o no trabalho das pessoas com defici\u00eancia e benefici\u00e1rios da Previd\u00eancia Social reabilitados. Retificada pelo DOU de 22\/08\/2012 Se\u00e7\u00e3o I P\u00e1g 53. <a href=\"http:\/\/portal.mte.gov.br\/data\/files\/8A7C812D38CF4A29013958ED13C00CC0\/Instru%C3%A7%C3%A3o%20Normativa%20n.%C2%BA%2098%20%28Fiscaliza%C3%A7%C3%A3o_Deficientes%29.pdf\" target=\"_blank\">Dispon\u00edvel aqui<\/a>\u00a0&#8211;\u00a0Acesso em 10\/9\/2014.<\/p>\n<p>7.\u00a0\u00a0\u00a0\u00a0\u00a0BRASIL. Planalto. Decreto\u00a0<a href=\"http:\/\/legislacao.planalto.gov.br\/legislacao.nsf\/Viw_Identificacao\/DEC%2062.150-1968?OpenDocument\" target=\"_blank\">\u00a0N\u00ba 62.150, de 19 de janeiro de 1968.<\/a>\u00a0Promulga a Conven\u00e7\u00e3o N\u00ba 111 da OIT sobre discrimina\u00e7\u00e3o em mat\u00e9ria de emprego e profiss\u00e3o. Dispon\u00edvel em<a href=\"http:\/\/www.planalto.gov.br\/ccivil_03\/decreto\/1950-1969\/D62150.htm\" target=\"_blank\">http:\/\/www.planalto.gov.br\/ccivil_03\/decreto\/1950-1969\/D62150.htm<\/a>\u00a0Acesso em 26\/1\/2014.<\/p>\n<p>8.\u00a0\u00a0\u00a0\u00a0\u00a0BRASIL. Presid\u00eancia da Rep\u00fablica. Decreto 3.298 de 20 de dezembro de 1999. Regulamenta a Lei no 7.853, de 24 de outubro de 1989, disp\u00f5e sobre a Pol\u00edtica Nacional para a Integra\u00e7\u00e3o da Pessoa Portadora de Defici\u00eancia, consolida as normas de prote\u00e7\u00e3o e d\u00e1 outras provid\u00eancias. Dispon\u00edvel em:\u00a0<a href=\"http:\/\/www.planalto.gov.br\/ccivil_03\/decreto\/D3298.htm\" target=\"_blank\">http:\/\/www.planalto.gov.br\/ccivil_03\/decreto\/D3298.htm<\/a>\u00a0&#8211; Acesso em 27\/1\/2014.<\/p>\n<p>9.\u00a0\u00a0\u00a0\u00a0\u00a0BRASIL. Presid\u00eancia da Rep\u00fablica. Decreto N\u00b0 6.949, de 25 de agosto de 2009 &#8211; Promulga a Conven\u00e7\u00e3o Internacional sobre os Direitos das Pessoas com Defici\u00eancia e seu Protocolo facultativo, assinado em Nova York, em 30 de mar\u00e7o de 2007. Organiza\u00e7\u00e3o das Na\u00e7\u00f5es Unidas &#8211; ONU. Dispon\u00edvel em:\u00a0<a href=\"http:\/\/www.planalto.gov.br\/ccivil_03\/_Ato2007-2010\/2009\/Decreto\/D6949.htm\" target=\"_blank\">http:\/\/www.planalto.gov.br\/ccivil_03\/_Ato2007-2010\/2009\/Decreto\/D6949.htm<\/a>\u00a0&#8211; Acesso em 27\/1\/2014.<\/p>\n<p>10.\u00a0\u00a0BRASIL. Presid\u00eancia da Rep\u00fablica. Decreto N\u00ba 2.682, de 21 de Julho de 1998. Promulga a Conven\u00e7\u00e3o n\u00ba 168 da OIT, relativa \u00e0 Promo\u00e7\u00e3o do Emprego e \u00e0 Prote\u00e7\u00e3o contra o Desemprego. Dispon\u00edvel em:\u00a0<a href=\"http:\/\/www.planalto.gov.br\/ccivil_03\/decreto\/D2682.htm\" target=\"_blank\">http:\/\/www.planalto.gov.br\/ccivil_03\/decreto\/D2682.htm<\/a>\u00a0&#8211; Acesso em 26\/1\/2014.<\/p>\n<p>11.\u00a0\u00a0BRASIL. Presid\u00eancia da Rep\u00fablica.\u00a0Decreto N\u00ba 5.296 de 2 de dezembro de 2004 &#8211;\u00a0Regulamenta as Leis n<sup>os<\/sup>\u00a010.048, de 8 de novembro de 2000, que d\u00e1 prioridade de atendimento \u00e0s pessoas que especifica, e 10.098, de 19 de dezembro de 2000, que estabelece normas gerais e crit\u00e9rios b\u00e1sicos para a promo\u00e7\u00e3o da acessibilidade das pessoas portadoras de defici\u00eancia ou com mobilidade reduzida e d\u00e1 outras provid\u00eancias. Dispon\u00edvel em:<a href=\"http:\/\/www.planalto.gov.br\/ccivil_03\/_Ato2004-2006\/2004\/Decreto\/D5296.htm\" target=\"_blank\">http:\/\/www.planalto.gov.br\/ccivil_03\/_Ato2004-2006\/2004\/Decreto\/D5296.htm<\/a>\u00a0&#8211; Acesso em 27\/1\/2014.<\/p>\n<p>12.\u00a0\u00a0BRASIL. Presid\u00eancia da Rep\u00fablica.\u00a0Decreto N\u00ba 8.145 de 3 de dezembro de 2013.\u00a0Altera o Regulamento da Previd\u00eancia Social &#8211; RPS, aprovado pelo Decreto n<u><sup>o<\/sup><\/u>\u00a03.048, de 6 de maio de 1999, para dispor sobre a aposentadoria por tempo de contribui\u00e7\u00e3o e por idade da pessoa com defici\u00eancia. Dispon\u00edvel em:\u00a0<a href=\"http:\/\/www.planalto.gov.br\/ccivil_03\/_Ato2011-2014\/2013\/Decreto\/D8145.htm\" target=\"_blank\">http:\/\/www.planalto.gov.br\/ccivil_03\/_Ato2011-2014\/2013\/Decreto\/D8145.htm<\/a>\u00a0&#8211; Acesso em 9\/2\/2014.<\/p>\n<p>13.\u00a0\u00a0BRASIL. Presid\u00eancia da Rep\u00fablica. Decreto N<sup>o<\/sup>\u00a03.048, de 6 de maio de 1999.\u00a0Aprova o Regulamento da Previd\u00eancia Social e d\u00e1 outras provid\u00eancias. Dispon\u00edvel em:<a href=\"http:\/\/www.planalto.gov.br\/ccivil_03\/decreto\/D3048.htm\" target=\"_blank\">http:\/\/www.planalto.gov.br\/ccivil_03\/decreto\/D3048.htm<\/a>\u00a0&#8211; Acesso em 10\/2\/2014.<\/p>\n<p>14.\u00a0\u00a0BRASIL. Presid\u00eancia da Rep\u00fablica. Lei 7.853 de 24 de outubro de 1989. Disp\u00f5e sobre o apoio \u00e0s pessoas portadoras de defici\u00eancia, sua integra\u00e7\u00e3o social, sobre a Coordenadoria Nacional para Integra\u00e7\u00e3o da Pessoa Portadora de Defici\u00eancia (CORDE), institui a tutela jurisdicional de interesses coletivos ou difusos dessas pessoas, disciplina a atua\u00e7\u00e3o do Minist\u00e9rio P\u00fablico, define crimes e d\u00e1 outras provid\u00eancias. Dispon\u00edvel em:<a href=\"http:\/\/www.planalto.gov.br\/ccivil_03\/leis\/l7853.htm\" target=\"_blank\">http:\/\/www.planalto.gov.br\/ccivil_03\/leis\/l7853.htm<\/a>\u00a0&#8211; Acesso em 26\/1\/2014.<\/p>\n<p>15.\u00a0\u00a0BRASIL. Presid\u00eancia da Rep\u00fablica. Lei 8.213 de 24 de junho de 1991. Disp\u00f5e sobre os Planos de Benef\u00edcios da Previd\u00eancia Social e d\u00e1 outras provid\u00eancias. Dispon\u00edvel em:<a href=\"http:\/\/www.planalto.gov.br\/ccivil_03\/LEIS\/L8213cons.htm\" target=\"_blank\">http:\/\/www.planalto.gov.br\/ccivil_03\/LEIS\/L8213cons.htm<\/a>\u00a0&#8211;\u00a0Acesso em 27\/1\/2014.<\/p>\n<p>16.\u00a0\u00a0BRASIL. Presid\u00eancia da Rep\u00fablica. Lei 12.764, de 27 de dezembro de 2012. Disp\u00f5e sobre a\u00a0Pol\u00edtica Nacional de Prote\u00e7\u00e3o dos Direitos da Pessoa com Transtorno do Espectro Autista. Dispon\u00edvel em\u00a0<a href=\"http:\/\/www.planalto.gov.br\/ccivil_03\/_ato2011-2014\/2012\/lei\/l12764.htm\" target=\"_blank\">http:\/\/www.planalto.gov.br\/ccivil_03\/_ato2011-2014\/2012\/lei\/l12764.htm<\/a>. Acesso em 18\/11\/2014.<\/p>\n<p>17.\u00a0\u00a0BRASIL. Senado Federal. Decreto N\u00b0 129, de 22 de maio de 1991 &#8211; Promulga a Conven\u00e7\u00e3o n\u00ba 159, da Organiza\u00e7\u00e3o Internacional do Trabalho &#8211; OIT, sobre Reabilita\u00e7\u00e3o Profissional e Emprego de Pessoas Deficientes. Dispon\u00edvel em:\u00a0<a href=\"http:\/\/www.planalto.gov.br\/ccivil_03\/decreto\/1950-1969\/D62150.htm\" target=\"_blank\">http:\/\/www.planalto.gov.br\/ccivil_03\/decreto\/1950-1969\/D62150.htm<\/a>\u00a0&#8211; Acesso em 26\/1\/2014.<\/p>\n<p>18.\u00a0\u00a0BRASIL. Senado Federal. Decreto N\u00ba 914, de 6 de Setembro de 1993. Institui a Pol\u00edtica Nacional para a Integra\u00e7\u00e3o da Pessoa Portadora de Defici\u00eancia e d\u00e1 outras provid\u00eancias. Dispon\u00edvel em:\u00a0<a href=\"http:\/\/www.planalto.gov.br\/ccivil_03\/decreto\/d0914.htm\" target=\"_blank\">http:\/\/www.planalto.gov.br\/ccivil_03\/decreto\/d0914.htm<\/a>\u00a0 &#8211; Acesso em 15\/3\/2007.<\/p>\n<p>19.\u00a0\u00a0C\u00f3digo Internacional de \u00c9tica para os Profissionais de Sa\u00fade no Trabalho \u2013 ICOH, 1996. Vers\u00e3o em Portugu\u00eas \u2013 ANAMT, 2002. Dispon\u00edvel em\u00a0\u00a0<a href=\"http:\/\/www.anamt.org.br\/site\/upload_arquivos\/documentos_2412201387427055475.pdf\" target=\"_blank\">http:\/\/www.ANAMT.org.br\/site\/upload_arquivos\/documentos_2412201387427055475.pdf<\/a><\/p>\n<p>20.\u00a0\u00a0Constitui\u00e7\u00e3o Federativa da Rep\u00fablica do Brasil, 1988. Dispon\u00edvel em <a href=\"http:\/\/www.planalto.gov.br\/ccivil_03\/constituicao\/constituicao.htm\" target=\"_blank\">http:\/\/www.planalto.gov.br\/ccivil_03\/constituicao\/constituicao.htm<\/a><\/p>\n<p>21.\u00a0\u00a0Decreto n\u00ba. 6949\/2009 \u2013 Promulga a Conven\u00e7\u00e3o Internacional sobre os Direitos das Pessoas com Defici\u00eancias.<\/p>\n<p>22.\u00a0\u00a0Dias E, Gontijo ED, Oliveira RB. Forma\u00e7\u00e3o, educa\u00e7\u00e3o continuada e certifica\u00e7\u00e3o em Medicina do Trabalho: uma proposta orientada pelas compet\u00eancias requeridas para o exerc\u00edcio profissional. 27\u00ba Congresso Internacional de Sa\u00fade no Trabalho (ICOH 2003). Dispon\u00edvel em<a href=\"http:\/\/medicina.fm.usp.br\/gdc\/docs\/iof_65_artigo%20competencias.pdf\" target=\"_blank\">http:\/\/medicina.fm.usp.br\/gdc\/docs\/iof_65_artigo%20competencias.pdf<\/a><\/p>\n<p>23.\u00a0\u00a0HALPERN, M. Prevention of low back pain: basic ergonomics in the workplace and the clinic. Bailli\u00e8re\u00b4s Clinical Rheumatology. v.6 n.3 p.705-30, 1992.<\/p>\n<p>24.\u00a0\u00a0IBGE. 2010. Censo das Pessoas com Defici\u00eancia. Dispon\u00edvel em\u00a0<a href=\"http:\/\/www.pessoacomdeficiencia.gov.br\/app\/sites\/default\/files\/publicacoes\/cartilha-censo-2010-pessoas-com-deficienciareduzido.pdf\" target=\"_blank\">http:\/\/www.pessoacomdeficiencia.gov.br\/app\/sites\/default\/files\/publicacoes\/cartilha-censo-2010-pessoas-com-deficienciareduzido.pdf<\/a><\/p>\n<p>25.\u00a0\u00a0Inclus\u00e3o Social da Pessoa com Defici\u00eancia: medidas que fazem a diferen\u00e7a. Rio de Janeiro: IBDD, 2008.\u00a0<a href=\"http:\/\/www.google.com.br\/url?sa=t&amp;rct=j&amp;q=&amp;esrc=s&amp;frm=1&amp;source=web&amp;cd=1&amp;ved=0CDEQFjAA&amp;url=http%3A%2F%2Fwww.ibdd.org.br%2Farquivos%2Finclusaosocial.pdf&amp;ei=Xp4TU6u7FYzfkQea7YCgDg&amp;usg=AFQjCNHHtEEfIK-IQEIevRKiR6-Q722Idg&amp;sig2=MYz20glC3u6mBGMgCFi-kQ\" target=\"_blank\">Dispon\u00edvel aqui<\/a>.<\/p>\n<p>26.\u00a0<a href=\"http:\/\/www010.dataprev.gov.br\/sislex\/paginas\/38\/MTE\/2012\/98.htm\" target=\"_blank\">\u00a0Instru\u00e7\u00e3o Normativa MTE\/SIT no. 98\/2012<\/a> \u2013 disp\u00f5e sobre os procedimentos de fiscaliza\u00e7\u00e3o.<\/p>\n<p>27.\u00a0\u00a0INTERNATIONAL LABOUR ORGANIZATION.\u00a0C159 &#8211; Vocational Rehabilitation and Employment (Disabled Persons) Convention, 1983 (No.\u00a0159) &#8211; Entry into force: 20\/6\/1985). Dispon\u00edvel em:\u00a0<a href=\"http:\/\/www.ilo.org\/dyn\/normlex\/en\/f?p=NORMLEXPUB:12100:0::NO::P12100_INSTRUMENT_ID:312304\" target=\"_blank\">http:\/\/www.ilo.org\/dyn\/normlex\/en\/f?p=NORMLEXPUB:12100:0::NO::P12100_INSTRUMENT_ID:312304<\/a>\u00a0&#8211; Acesso em 26\/1\/2014.<\/p>\n<p>28.\u00a0\u00a0IPIECA\/OGP. OGP IPIECA Health Committee. Fitness to Work \u2013 Guidance for company and contractor health, HSE and HR professionals.\u00a02011. Dispon\u00edvel em:<a href=\"http:\/\/www.ipieca.org\/library?tid%5B%5D=9&amp;date_filter%5Bvalue%5D%5Byear%5D=&amp;keys=&amp;.x=33&amp;.y=10\" target=\"_blank\">http:\/\/www.ipieca.org\/library?tid%5B%5D=9&amp;date_filter%5Bvalue%5D%5Byear%5D=&amp;keys=&amp;.x=33&amp;.y=10<\/a>\u00a0Acesso em 27\/1\/2014.<\/p>\n<p>29.\u00a0\u00a0LALONDE, Marc.\u00a0 A new perspective on the health of Canadians: a working document.Ottawa, Govern of Canada, 1974.<\/p>\n<p>30.\u00a0\u00a0NBR 9050. ABNT\/2004 &#8211; Acessibilidade a Edifica\u00e7\u00f5es Mobili\u00e1rio, Espa\u00e7os e Equipamentos Urbanos. Dispon\u00edvel em\u00a0<a href=\"http:\/\/www.pessoacomdeficiencia.gov.br\/app\/sites\/default\/files\/arquivos\/%5Bfield_generico_imagens-filefield-description%5D_24.pdf\" target=\"_blank\">http:\/\/www.pessoacomdeficiencia.gov.br\/app\/sites\/default\/files\/arquivos\/%5Bfield_generico_imagens-filefield-description%5D_24.pdf<\/a><\/p>\n<p>31.\u00a0\u00a0NR-17 \u2013 Ergonomia. Minist\u00e9rio do Trabalho e Emprego, 1994. Dispon\u00edvel em <a href=\"http:\/\/portal.mte.gov.br\/data\/files\/FF8080812BE914E6012BEFBAD7064803\/nr_17.pdf\" target=\"_blank\">http:\/\/portal.mte.gov.br\/data\/files\/FF8080812BE914E6012BEFBAD7064803\/nr_17.pdf<\/a><\/p>\n<p>32.\u00a0\u00a0NR-7 \u2013 Programa de Controle M\u00e9dico de Sa\u00fade Ocupacional. Minist\u00e9rio do Trabalho e Emprego, 1994. Dispon\u00edvel em\u00a0<a href=\"http:\/\/portal.mte.gov.br\/data\/files\/FF8080814295F16D0142E2E773847819\/NR-07%20(atualizada%202013).pdf\" target=\"_blank\">http:\/\/portal.mte.gov.br\/data\/files\/FF8080814295F16D0142E2E773847819\/NR-07%20(atualizada%202013).pdf<\/a><\/p>\n<p>33.\u00a0ORGANIZA\u00c7\u00c3O DAS NA\u00c7\u00d5ES UNIDAS (ONU). Declara\u00e7\u00e3o de Direitos do Deficiente Mental \u2013 1971.\u00a0<em>Aprovada pela resolu\u00e7\u00e3o n. A\/8429 da\u00a0Assembleia\u00a0Geral da ONU de 22 de dezembro de 1971.\u00a0<\/em>Dispon\u00edvel em:<strong>\u00a0<\/strong><a href=\"http:\/\/www.direitoshumanos.usp.br\/index.php\/Direito-dos-Portadores-de-Defici%C3%AAncia\/declaracao-de-direitos-do-deficiente-mental.html\" target=\"_blank\">http:\/\/www.direitoshumanos.usp.br\/index.php\/Direito-dos-Portadores-de-Defici%C3%AAncia\/declaracao-de-direitos-do-deficiente-mental.html<\/a><strong>\u00a0<\/strong>&#8211; Acesso em 26\/1\/2014.<\/p>\n<p>34. ORGANIZA\u00c7\u00c3O DAS NA\u00c7\u00d5ES UNIDAS (ONU). Declara\u00e7\u00e3o Universal dos Direitos Humanos.\u00a0Adotada e proclamada pela resolu\u00e7\u00e3o 217 A (III) da\u00a0\u00a0Assembleia\u00a0Geral das Na\u00e7\u00f5es Unidas em 10 de dezembro de 1948. Dispon\u00edvel em:\u00a0<a href=\"http:\/\/portal.mj.gov.br\/sedh\/ct\/legis_intern\/ddh_bib_inter_universal.htm\" target=\"_blank\">http:\/\/portal.mj.gov.br\/sedh\/ct\/legis_intern\/ddh_bib_inter_universal.htm<\/a>\u00a0&#8211; Acesso em 26\/1\/2014.<\/p>\n<p>35.\u00a0\u00a0ORGANIZA\u00c7\u00c3O DAS NA\u00c7\u00d5ES UNIDAS (ONU). Resolu\u00e7\u00e3o 2.542 de 1975 \u2013 Declara\u00e7\u00e3o dos Direitos das Pessoas Portadoras de Defici\u00eancia. Dispon\u00edvel em:<a href=\"http:\/\/www3.mte.gov.br\/fisca_trab\/inclusao\/legislacao_2_4.asp\" target=\"_blank\">http:\/\/www3.mte.gov.br\/fisca_trab\/inclusao\/legislacao_2_4.asp<\/a>\u00a0&#8211;\u00a0Acesso em 26\/1\/2014.<\/p>\n<p>36.\u00a0\u00a0ORGANIZA\u00c7\u00c3O MUNDIAL DA SA\u00daDE. Classifica\u00e7\u00e3o Internacional de Funcionalidade, Incapacidade e Sa\u00fade. Direc\u00e7\u00e3o-Geral de Sa\u00fade. Lisboa, 2004. Dispon\u00edvel em:\u00a0<a href=\"http:\/\/www.inr.pt\/uploads\/docs\/cif\/CIF_port_%202004.pdf\" target=\"_blank\">http:\/\/www.inr.pt\/uploads\/docs\/cif\/CIF_port_%202004.pdf<\/a>\u00a0&#8211; Acesso em 23\/1\/2014<\/p>\n<p>37.\u00a0\u00a0ORGANIZA\u00c7\u00c3O MUNDIAL DA SA\u00daDE. Relat\u00f3rio Mundial Sobre a Defici\u00eancia. 2011. Governo do Estado de S\u00e3o Paulo. Secretaria dos Direitos da Pessoa com Defici\u00eancia. (sum\u00e1rio)\u00a0Organiza\u00e7\u00e3o\u00a0Mundial da Sa\u00fade. Dispon\u00edvel em:\u00a0<a href=\"http:\/\/www.pessoacomdeficiencia.sp.gov.br\/usr\/share\/documents\/Relatorio_Mundial_SUMARIO_PDF2012.pdf\">http:\/\/www.pessoacomdeficiencia.sp.gov.br\/usr\/share\/documents\/Relatorio_Mundial_SUMARIO_PDF2012.pdf\u00a0<\/a>&#8211;\u00a0Acesso em 23\/1\/2014.<\/p>\n<p>38.\u00a0\u00a0ORGANIZA\u00c7\u00c3O MUNDIAL DA SA\u00daDE. Relat\u00f3rio Mundial Sobre a Defici\u00eancia. 2011. Governo do Estado de S\u00e3o Paulo. Secretaria dos Direitos da Pessoa com Defici\u00eancia. (sum\u00e1rio) Organiza\u00e7\u00e3o Mundial da Sa\u00fade.\u00a0Dispon\u00edvel em:\u00a0<a href=\"http:\/\/www.pessoacomdeficiencia.sp.gov.br\/usr\/share\/documents\/Relatorio_Mundial_SUMARIO_PDF2012.pdf\">http:\/\/www.pessoacomdeficiencia.sp.gov.br\/usr\/share\/documents\/Relatorio_Mundial_SUMARIO_PDF2012.pdf<\/a>\u00a0&#8211; Acesso em 23\/1\/2014.<\/p>\n<p>39.\u00a0\u00a0REBELO, P.A.P. A Pessoa com Defici\u00eancia e o Trabalho. 1<u><sup>a<\/sup><\/u>\u00a0ed. Rio de Janeiro, Qualitymark Editora,114p. 2008.<\/p>\n<p>40.\u00a0\u00a0Rio de Janeiro, 1999. 71p. Dispon\u00edvel em:\u00a0<a href=\"http:\/\/www.casaruibarbosa.gov.br\/dados\/DOC\/artigos\/rui_barbosa\/FCRB_RuiBarbosa_Oracao_aos_mocos.Pdf\" target=\"_blank\">http:\/\/www.casaruibarbosa.gov.br\/dados\/DOC\/artigos\/rui_barbosa\/FCRB_RuiBarbosa_Oracao_aos_mocos.Pdf<\/a>\u00a0&#8211; Acesso em 23\/1\/2014.<\/p>\n<p>41.\u00a0\u00a0RUI BARBOSA. Ora\u00e7\u00e3o aos Mo\u00e7os. Edi\u00e7\u00e3o popular anotada por Adriano da Gama Kury. 5\u00aa edi\u00e7\u00e3o. Edi\u00e7\u00f5es Casa de Rui Barbosa.<\/p>\n<p>42.\u00a0\u00a0SUPERIOR TRIBUNAL DE JUSTI\u00c7A \u2013 STJ.\u00a0S3 \u2013 Terceira Se\u00e7\u00e3o.\u00a0S\u00famula 377 &#8211;\u00a0O portador de vis\u00e3o monocular tem direito de concorrer, em concurso p\u00fablico, \u00e0s vagas reservadas aos deficientes. Dispon\u00edvel em:\u00a0<a href=\"http:\/\/www.stj.jus.br\/SCON\/sumulas\/doc.jsp?livre=%40docn&amp;&amp;b=SUMU&amp;p=true&amp;t=&amp;l=10&amp;i=126\" target=\"_blank\">http:\/\/www.stj.jus.br\/SCON\/sumulas\/doc.jsp?livre=%40docn&amp;&amp;b=SUMU&amp;p=true&amp;t=&amp;l=10&amp;i=126<\/a>\u00a0&#8211; Acesso em 30\/1\/2014.<\/p>\n<p>43.\u00a0\u00a0Tribunal de Contas da Uni\u00e3o \u2013 TCU. Portaria \u2013 TCU N\u00ba 137, de 14\/05\/2010 que institui o manual de Per\u00edcia de Sa\u00fade do Tribunal de Contas da Uni\u00e3o. Dispon\u00edvel em:\u00a0<a href=\"http:\/\/www.tcu.gov.br\/Consultas\/Juris\/Docs\/judoc%5CPORTN%5C20120704%5CPRT2010-137.doc\" target=\"_blank\">http:\/\/www.tcu.gov.br\/Consultas\/Juris\/Docs\/judoc%5CPORTN%5C20120704%5CPRT2010-137.doc<\/a>\u00a0&#8211; Acesso em 10\/10\/2014.<\/p>\n","protected":false},"excerpt":{"rendered":"<p>Refer\u00eancias\u00a0(por ordem alfab\u00e9tica) 1.\u00a0\u00a0\u00a0\u00a0\u00a0BRASIL. Advocacia-Geral da Uni\u00e3o. Portaria Interministerial AGU\/MPS\/MF\/SEDH\/MP N\u00ba 1 DE 27\/01\/2014.\u00a0Aprova o instrumento destinado \u00e0 avalia\u00e7\u00e3o do segurado da Previd\u00eancia Social e \u00e0 identifica\u00e7\u00e3o dos graus de defici\u00eancia, bem como define impedimento de longo prazo, para os efeitos do Decreto n\u00b0 3.048, de 6 de maio de 1999. Dispon\u00edvel em:\u00a0http:\/\/www.legisweb.com.br\/legislacao\/?id=265085\u00a0&#8211; Acesso em [&hellip;]<\/p>\n","protected":false},"author":1,"featured_media":0,"parent":12338,"menu_order":0,"comment_status":"closed","ping_status":"closed","template":"","meta":{"footnotes":""},"_links":{"self":[{"href":"https:\/\/www.anamt.org.br\/portal\/wp-json\/wp\/v2\/pages\/12359"}],"collection":[{"href":"https:\/\/www.anamt.org.br\/portal\/wp-json\/wp\/v2\/pages"}],"about":[{"href":"https:\/\/www.anamt.org.br\/portal\/wp-json\/wp\/v2\/types\/page"}],"author":[{"embeddable":true,"href":"https:\/\/www.anamt.org.br\/portal\/wp-json\/wp\/v2\/users\/1"}],"replies":[{"embeddable":true,"href":"https:\/\/www.anamt.org.br\/portal\/wp-json\/wp\/v2\/comments?post=12359"}],"version-history":[{"count":0,"href":"https:\/\/www.anamt.org.br\/portal\/wp-json\/wp\/v2\/pages\/12359\/revisions"}],"up":[{"embeddable":true,"href":"https:\/\/www.anamt.org.br\/portal\/wp-json\/wp\/v2\/pages\/12338"}],"wp:attachment":[{"href":"https:\/\/www.anamt.org.br\/portal\/wp-json\/wp\/v2\/media?parent=12359"}],"curies":[{"name":"wp","href":"https:\/\/api.w.org\/{rel}","templated":true}]}}