{"id":12310,"date":"2017-02-22T12:19:12","date_gmt":"2017-02-22T15:19:12","guid":{"rendered":"https:\/\/www.anamt.org.br\/portal\/?page_id=12310"},"modified":"2018-06-22T15:09:24","modified_gmt":"2018-06-22T18:09:24","slug":"seja-associado","status":"publish","type":"page","link":"https:\/\/www.anamt.org.br\/portal\/seja-associado\/","title":{"rendered":"Seja associado"},"content":{"rendered":"<p>Um dos principais objetivos da ANAMT \u00e9 oferecer aos profissionais da Medicina do Trabalho ferramentas e informa\u00e7\u00f5es relevantes que possam ajudar no desenvolvimento da categoria. Os associados adimplentes, al\u00e9m de fortalecer a entidade, t\u00eam a oportunidade de participar ativamente dos debates relevantes para a SST e podem usufruir de benef\u00edcios exclusivos. Entre eles, o acesso a publica\u00e7\u00f5es cient\u00edficas e descontos em eventos.<\/p>\n<ul>\n<li><a href=\"https:\/\/www.anamt.org.br\/portal\/beneficios-para-associados\/\">Confira os benef\u00edcios<\/a><\/li>\n<li><a href=\"https:\/\/sistemasanamt.org.br\/anamt\/associados\/cad_inscricao.aspx\" target=\"_blank\" rel=\"noopener noreferrer\">Fa\u00e7a a sua ades\u00e3o<\/a><\/li>\n<\/ul>\n","protected":false},"excerpt":{"rendered":"<p>Um dos principais objetivos da ANAMT \u00e9 oferecer aos profissionais da Medicina do Trabalho ferramentas e informa\u00e7\u00f5es relevantes que possam ajudar no desenvolvimento da categoria. Os associados adimplentes, al\u00e9m de fortalecer a entidade, t\u00eam a oportunidade de participar ativamente dos debates relevantes para a SST e podem usufruir de benef\u00edcios exclusivos. Entre eles, o acesso [&hellip;]<\/p>\n","protected":false},"author":1,"featured_media":0,"parent":0,"menu_order":0,"comment_status":"closed","ping_status":"closed","template":"","meta":{"footnotes":""},"_links":{"self":[{"href":"https:\/\/www.anamt.org.br\/portal\/wp-json\/wp\/v2\/pages\/12310"}],"collection":[{"href":"https:\/\/www.anamt.org.br\/portal\/wp-json\/wp\/v2\/pages"}],"about":[{"href":"https:\/\/www.anamt.org.br\/portal\/wp-json\/wp\/v2\/types\/page"}],"author":[{"embeddable":true,"href":"https:\/\/www.anamt.org.br\/portal\/wp-json\/wp\/v2\/users\/1"}],"replies":[{"embeddable":true,"href":"https:\/\/www.anamt.org.br\/portal\/wp-json\/wp\/v2\/comments?post=12310"}],"version-history":[{"count":0,"href":"https:\/\/www.anamt.org.br\/portal\/wp-json\/wp\/v2\/pages\/12310\/revisions"}],"wp:attachment":[{"href":"https:\/\/www.anamt.org.br\/portal\/wp-json\/wp\/v2\/media?parent=12310"}],"curies":[{"name":"wp","href":"https:\/\/api.w.org\/{rel}","templated":true}]}}