{"id":12296,"date":"2017-02-22T11:10:39","date_gmt":"2017-02-22T14:10:39","guid":{"rendered":"https:\/\/www.anamt.org.br\/portal\/?page_id=12296"},"modified":"2017-02-22T11:18:19","modified_gmt":"2017-02-22T14:18:19","slug":"editais-provas-e-resultados-2008-a-2014","status":"publish","type":"page","link":"https:\/\/www.anamt.org.br\/portal\/titulo-de-especialista-em-medicina-do-trabalho\/editais-provas-e-resultados\/editais-provas-e-resultados-2008-a-2014\/","title":{"rendered":"Editais, Provas e Resultados &#8211; 2008 a 2014"},"content":{"rendered":"<h5><span class=\"item\">XXXV Prova de T\u00edtulo Especialista &#8211; 14 de dezembro de 2014 &#8211; (Rio de Janeiro &#8211; RJ)<\/span><\/h5>\n<ul>\n<li><span class=\"item\"><a href=\"http:\/\/www.anamt.org.br\/site\/upload_arquivos\/arquivos_diversos_231020141445517055475.pdf\" target=\"_blank\">Edital<\/a><\/span><\/li>\n<li><span class=\"item\"><a href=\"http:\/\/www.anamt.org.br\/site\/upload_arquivos\/xxxv_prova_de_titulo_de_especialista_181220141525587055475.pdf\" target=\"_blank\">Prova<\/a><\/span><\/li>\n<li><span class=\"item\"><a href=\"http:\/\/www.anamt.org.br\/site\/upload_arquivos\/xxxv_prova_de_titulo_de_especialista_14120151750157055475.pdf\" target=\"_blank\">Gabarito<\/a><\/span><\/li>\n<li><span class=\"item\"><a href=\"http:\/\/www.anamt.org.br\/site\/upload_arquivos\/xxxv_prova_de_titulo_de_especialista_30420151519417055475.pdf\" target=\"_blank\">Lista de Aprovados<\/a><\/span><\/li>\n<\/ul>\n<h5>XXXV Prova de T\u00edtulo de Especialista em Medicina do Trabalho da ANAMT &#8211; 26 de abril e 1\u00ba de maio de 2014<\/h5>\n<ul>\n<li>28\/02\/2014 &#8211; <a href=\"http:\/\/www.anamt.org.br\/site\/upload_arquivos\/arquivos_diversos_15420141130237055475.pdf\">Edital<\/a><\/li>\n<li>09\/09\/2014 &#8211; <a href=\"http:\/\/www.anamt.org.br\/site\/upload_arquivos\/documentos_14820141058167055475.pdf\">Lista de Aprovados<\/a><\/li>\n<li>07\/05\/2014 &#8211; Gabarito &#8211; <a href=\"http:\/\/www.anamt.org.br\/site\/upload_arquivos\/xxxv_prova_de_titulo_de_especialista_752014910437055475.pdf\">26\/04<\/a> e <a href=\"http:\/\/www.anamt.org.br\/site\/upload_arquivos\/xxxv_prova_de_titulo_de_especialista_75201491111533424.pdf\">1\u00ba\/05<\/a><\/li>\n<\/ul>\n<p><strong>Atualiza\u00e7\u00e3o em 25\/03\/14<\/strong>: O edital da XXXV Prova de T\u00edtulo de Especialista foi retificado. Na retifica\u00e7\u00e3o, foi exclu\u00edda a exig\u00eancia de comprova\u00e7\u00e3o dos 100 (cem) pontos de participa\u00e7\u00e3o em atividades cient\u00edficas como pr\u00e9-requisito para o concurso. A nova reda\u00e7\u00e3o do par\u00e1grafo 3\u00ba do Artigo 5\u00ba pode ser vista <a href=\"http:\/\/www.anamt.org.br\/site\/noticias_detalhes.aspx?notid=2423\">aqui<\/a>.<\/p>\n<p><strong>Atualiza\u00e7\u00e3o em 14\/04\/2014<\/strong>: Devido a um remanejamento de projetos, deixam de fazer parte da Comiss\u00e3o da Prova os seguintes integrantes: Flavia Sousa e Silva Almeida e Maria Jos\u00e9 Fernandes Gimenes, profissionais da mais alta qualifica\u00e7\u00e3o e profissionalismo, aos quais a Diretoria de T\u00edtulo agradece todo apoio e aten\u00e7\u00e3o.<\/p>\n<h5>XXXIV Prova de T\u00edtulo de Especialista em Medicina do Trabalho da ANAMT &#8211; 12 de maio de 2013<\/h5>\n<ul>\n<li>22\/01\/2013 &#8211; <a href=\"http:\/\/www.anamt.org.br\/site\/upload_arquivos\/arquivos_diversos_10122013113567055475.pdf\">Edital<\/a><\/li>\n<li>13\/06\/2013 &#8211; <a href=\"http:\/\/www.anamt.org.br\/site\/upload_arquivos\/arquivos_diversos_101220131133137055475.pdf\">Lista de Aprovados<\/a><\/li>\n<\/ul>\n<h5>XXXIII Prova de T\u00edtulo de Especialista em Medicina do Trabalho da ANAMT &#8211; 17 de novembro de 2012<\/h5>\n<ul>\n<li>17\/12\/2012 &#8211; <a title=\"Aprovados 2012\" href=\"http:\/\/www.anamt.org.br\/site\/upload_arquivos\/edicoes_antigas_101220131137535795186.pdf\" target=\"_blank\">Lista de aprovados<\/a><\/li>\n<li>18\/11\/2012 &#8211; <a title=\"Prova 2012\" href=\"http:\/\/www.anamt.org.br\/site\/upload_arquivos\/edicoes_antigas_10122013113958533424.pdf\" target=\"_blank\">Prova<\/a><\/li>\n<li>22\/06\/2012 &#8211; <a title=\"Edital 2012\" href=\"http:\/\/www.anamt.org.br\/site\/upload_arquivos\/edicoes_antigas_10122013113958533424.pdf\" target=\"_self\">Edital<\/a><\/li>\n<\/ul>\n<h5>XXXII Prova de T\u00edtulo de Especialista em Medicina do Trabalho da ANAMT &#8211; 17 de novembro de 2011<\/h5>\n<ul>\n<li>14\/12\/2011 &#8211; <a href=\"http:\/\/www.anamt.org.br\/site\/upload_arquivos\/edicoes_antigas_10122013114228533424.pdf\" target=\"_blank\">Lista de aprovados<\/a><\/li>\n<li>14\/11\/2011 &#8211; <a title=\"Prova 2011\" href=\"http:\/\/www.anamt.org.br\/site\/upload_arquivos\/edicoes_antigas_101220131143427055475.pdf\" target=\"_blank\">Prova<\/a>, <a title=\"Quest\u00f5es abertas\" href=\"http:\/\/www.anamt.org.br\/site\/upload_arquivos\/edicoes_antigas_101220131145345795186.pdf\" target=\"_blank\">Quest\u00f5es abertas<\/a><\/li>\n<li>16\/05\/2011 &#8211; <a href=\"http:\/\/www.anamt.org.br\/site\/upload_arquivos\/edicoes_antigas_101220131146182895625.pdf\" target=\"_self\">Edital<\/a><\/li>\n<\/ul>\n<h5>XXX Prova de T\u00edtulo de Especialista em Medicina do Trabalho da ANAMT &#8211; 16 de maio de 2010<\/h5>\n<ul>\n<li>24\/08\/2010 &#8211; <a href=\"http:\/\/www.anamt.org.br\/site\/upload_arquivos\/edicoes_antigas_10122013114820533424.pdf\" target=\"_self\">Lista de aprovados<\/a> (ap\u00f3s revis\u00e3o de recurso)<\/li>\n<li>26\/05\/2010 &#8211; <a href=\"http:\/\/www.anamt.org.br\/site\/upload_arquivos\/edicoes_antigas_101220131149235795186.pdf\" target=\"_self\">Prova<\/a><\/li>\n<li>14\/03\/2010 &#8211; <a href=\"http:\/\/www.anamt.org.br\/site\/upload_arquivos\/edicoes_antigas_10122013115092895625.pdf\" target=\"_self\">Confira o edital<\/a><\/li>\n<\/ul>\n<h5>XXIX Prova de T\u00edtulo de Especialista em Medicina do Trabalho da ANAMT &#8211; 3 de outubro de 2009<\/h5>\n<ul>\n<li>17\/06\/2010 &#8211; <a href=\"http:\/\/www.anamt.org.br\/site\/upload_arquivos\/edicoes_antigas_101220131152142895625.pdf\" target=\"_self\">Lista de aprovados<\/a><\/li>\n<li>08\/04\/2010 &#8211; <a href=\"http:\/\/www.anamt.org.br\/site\/upload_arquivos\/edicoes_antigas_10122013115429301948.pdf\" target=\"_self\">Prova<\/a><\/li>\n<li>03\/07\/2009 &#8211; <a href=\"http:\/\/www.anamt.org.br\/site\/upload_arquivos\/edicoes_antigas_10122013115530301948.pdf\" target=\"_self\">Edital<\/a><\/li>\n<\/ul>\n<h5>XXVIII Prova de T\u00edtulo de Especialista em Medicina do Trabalho da ANAMT &#8211; 29 de novembro de 2008<strong>\u00a0<\/strong><\/h5>\n<ul>\n<li>05\/05\/2009 &#8211; <a href=\"http:\/\/www.anamt.org.br\/site\/upload_arquivos\/edicoes_antigas_10122013115429301948.pdf\" target=\"_self\">Prova<\/a><\/li>\n<li>15\/12\/2008 &#8211; <a href=\"http:\/\/www.anamt.org.br\/site\/upload_arquivos\/edicoes_antigas_101220131158177747401.pdf\" target=\"_self\">Lista de aprovados<\/a><\/li>\n<li>25\/08\/2008 &#8211; <a href=\"http:\/\/www.anamt.org.br\/site\/upload_arquivos\/edicoes_antigas_101220131159571401764.pdf\" target=\"_self\">Edital<\/a><\/li>\n<\/ul>\n<h5>Prova de T\u00edtulo de Especialista realizada em 27 de Junho de 2008<strong>\u00a0<\/strong><\/h5>\n<ul>\n<li>20\/11\/2008 &#8211; <a href=\"http:\/\/www.anamt.org.br\/site\/upload_arquivos\/edicoes_antigas_10122013155377055475.pdf\" target=\"_self\">Prova<\/a><\/li>\n<\/ul>\n<h5>Confira a lista de cursos que solicitaram a acredita\u00e7\u00e3o da ANAMT<strong>\u00a0<\/strong><\/h5>\n<ul>\n<li>16\/10\/2008 &#8211; <a href=\"http:\/\/www.anamt.org.br\/site\/upload_arquivos\/edicoes_antigas_101220131553477055475.pdf\" target=\"_self\">Lista de cursos<\/a><\/li>\n<\/ul>\n<h5>Resolu\u00e7\u00e3o do Conselho Federal de Medicina &#8211; 1845\/2008<\/h5>\n<ul>\n<li>22\/07\/2008 &#8211; <a href=\"http:\/\/www.anamt.org.br\/site\/upload_arquivos\/edicoes_antigas_101220131554537055475.pdf\" target=\"_self\">Trata das normas para concess\u00e3o e registro do T\u00edtulo de Especialista e\/ou Certificado de \u00c1rea de Atua\u00e7\u00e3o<\/a><\/li>\n<\/ul>\n","protected":false},"excerpt":{"rendered":"<p>XXXV Prova de T\u00edtulo Especialista &#8211; 14 de dezembro de 2014 &#8211; (Rio de Janeiro &#8211; RJ) Edital Prova Gabarito Lista de Aprovados XXXV Prova de T\u00edtulo de Especialista em Medicina do Trabalho da ANAMT &#8211; 26 de abril e 1\u00ba de maio de 2014 28\/02\/2014 &#8211; Edital 09\/09\/2014 &#8211; Lista de Aprovados 07\/05\/2014 &#8211; [&hellip;]<\/p>\n","protected":false},"author":1,"featured_media":0,"parent":12298,"menu_order":0,"comment_status":"closed","ping_status":"closed","template":"","meta":{"footnotes":""},"_links":{"self":[{"href":"https:\/\/www.anamt.org.br\/portal\/wp-json\/wp\/v2\/pages\/12296"}],"collection":[{"href":"https:\/\/www.anamt.org.br\/portal\/wp-json\/wp\/v2\/pages"}],"about":[{"href":"https:\/\/www.anamt.org.br\/portal\/wp-json\/wp\/v2\/types\/page"}],"author":[{"embeddable":true,"href":"https:\/\/www.anamt.org.br\/portal\/wp-json\/wp\/v2\/users\/1"}],"replies":[{"embeddable":true,"href":"https:\/\/www.anamt.org.br\/portal\/wp-json\/wp\/v2\/comments?post=12296"}],"version-history":[{"count":0,"href":"https:\/\/www.anamt.org.br\/portal\/wp-json\/wp\/v2\/pages\/12296\/revisions"}],"up":[{"embeddable":true,"href":"https:\/\/www.anamt.org.br\/portal\/wp-json\/wp\/v2\/pages\/12298"}],"wp:attachment":[{"href":"https:\/\/www.anamt.org.br\/portal\/wp-json\/wp\/v2\/media?parent=12296"}],"curies":[{"name":"wp","href":"https:\/\/api.w.org\/{rel}","templated":true}]}}