{"id":12288,"date":"2017-02-22T10:45:01","date_gmt":"2017-02-22T13:45:01","guid":{"rendered":"https:\/\/www.anamt.org.br\/portal\/?page_id=12288"},"modified":"2023-08-28T20:34:39","modified_gmt":"2023-08-28T23:34:39","slug":"prova-de-titulo-de-especialista-duvidas-frequentes","status":"publish","type":"page","link":"https:\/\/www.anamt.org.br\/portal\/titulo-de-especialista-em-medicina-do-trabalho\/prova-de-titulo-de-especialista-duvidas-frequentes\/","title":{"rendered":"D\u00favidas sobre a Prova de T\u00edtulo de Especialista"},"content":{"rendered":"<p>Aqui voc\u00ea encontra as perguntas mais comuns dos alunos e pesquisadores que desejam participar da <a href=\"https:\/\/www.anamt.org.br\/portal\/titulo-de-especialista-em-medicina-do-trabalho\/\">Prova de T\u00edtulo de Especialista da ANAMT<\/a>. Caso a sua d\u00favida n\u00e3o seja respondida no question\u00e1rio abaixo, entre em contato pelo\u00a0e-mail\u00a0<a href=\"mailto:titulo@anamt.org.br\">titulo@anamt.org.br<\/a>, ou por meio\u00a0da nossa sede administrativa, no n\u00famero (11) 3251-0849.<\/p>\n<p><img decoding=\"async\" class=\"alignnone wp-image-19637 size-full\" src=\"http:\/\/www.anamt.org.br\/portal\/wp-content\/uploads\/2017\/02\/caja_anamt_IMG_0927_small_size-e1488986196527.jpg\" width=\"1002\" height=\"348\" srcset=\"https:\/\/www.anamt.org.br\/portal\/wp-content\/uploads\/2017\/02\/caja_anamt_IMG_0927_small_size-e1488986196527-200x69.jpg 200w, https:\/\/www.anamt.org.br\/portal\/wp-content\/uploads\/2017\/02\/caja_anamt_IMG_0927_small_size-e1488986196527-300x104.jpg 300w, https:\/\/www.anamt.org.br\/portal\/wp-content\/uploads\/2017\/02\/caja_anamt_IMG_0927_small_size-e1488986196527-400x139.jpg 400w, https:\/\/www.anamt.org.br\/portal\/wp-content\/uploads\/2017\/02\/caja_anamt_IMG_0927_small_size-e1488986196527-600x208.jpg 600w, https:\/\/www.anamt.org.br\/portal\/wp-content\/uploads\/2017\/02\/caja_anamt_IMG_0927_small_size-e1488986196527-768x267.jpg 768w, https:\/\/www.anamt.org.br\/portal\/wp-content\/uploads\/2017\/02\/caja_anamt_IMG_0927_small_size-e1488986196527-800x278.jpg 800w, https:\/\/www.anamt.org.br\/portal\/wp-content\/uploads\/2017\/02\/caja_anamt_IMG_0927_small_size-e1488986196527.jpg 1002w\" sizes=\"(max-width: 1002px) 100vw, 1002px\" \/><\/p>\n<h5>O que um curso precisa ter para ser acreditado pela ANAMT?<\/h5>\n<p>A ANAMT n\u00e3o faz mais acredita\u00e7\u00e3o de cursos de p\u00f3s-gradua\u00e7\u00e3o em Medicina do Trabalho.<\/p>\n<h5>Cursos \u00e0 dist\u00e2ncia s\u00e3o reconhecidos pela Associa\u00e7\u00e3o?<\/h5>\n<p>N\u00e3o reconhecemos cursos \u00e0 dist\u00e2ncia (importantes para aperfei\u00e7oamento) para forma\u00e7\u00e3o de especialista em Medicina do Trabalho.<\/p>\n<h5>Sou credenciado em curso de p\u00f3s-gradua\u00e7\u00e3o, possuo registro no Minist\u00e9rio do Trabalho e Emprego e exer\u00e7o ativamente a Medicina do Trabalho. Preciso fazer a Prova de Especialista para poder continuar trabalhando na especialidade?<\/h5>\n<p>Voc\u00ea poder\u00e1 prosseguir com suas atividades laborais, por\u00e9m sem se referir como especialista. De acordo com a <a href=\"http:\/\/www.anamt.org.br\/site\/upload_arquivos\/legislacao_2016_27320171129157055475.pdf\">Portaria 590\/2014<\/a>, voc\u00ea deve ter o registro de especialista no Conselho Regional de Medicina do Estado em que atua (a <a href=\"http:\/\/www.anamt.org.br\/site\/upload_arquivos\/legislacao_2016_27320171128397055475.pdf\">Portaria 2018\/2014<\/a> concedeu o prazo de quatro anos a partir de dezembro de 2014 para todos m\u00e9dicos adequarem-se a esta exig\u00eancia). \u00c9 importante ressaltar que, \u00e0 parte destas portarias do Minist\u00e9rio do Trabalho, de acordo com as resolu\u00e7\u00f5es do Conselho Federal de Medicina, somente podemos divulgar Especialidade M\u00e9dica se a mesma estiver registrada no Conselho Regional (Registro de Qualifica\u00e7\u00e3o de Especialista, o RQE).<\/p>\n<h5>Caso j\u00e1 tenha p\u00f3s-gradua\u00e7\u00e3o em Medicina do Trabalho, como devo proceder para adquirir o T\u00edtulo de Especialista?<\/h5>\n<p>Para obten\u00e7\u00e3o do T\u00edtulo de Especialista em Medicina do Trabalho \u00e9 necess\u00e1rio prestar a Prova de T\u00edtulo. Assim, conforme o manual de convoca\u00e7\u00e3o, voc\u00ea deve enviar o Curriculum Vitae Padr\u00e3o Espec\u00edfico (<a href=\"http:\/\/www.provadetitulo.anamt.org.br\/inscricoes\/painel_controle.aspx\" target=\"_blank\" rel=\"noopener noreferrer\">T\u00edtulo de Especialista\/\u00c1rea de Candidato<\/a>), bem como realizar a prova de Conhecimentos. Em rela\u00e7\u00e3o a p\u00f3s-gradua\u00e7\u00e3o, voc\u00ea deve verificar no item do edital \u201cForma\u00e7\u00e3o Regular do Curriculum Vitae Padr\u00e3o Espec\u00edfico\u201d em qual classifica\u00e7\u00e3o voc\u00ea se enquadra.<\/p>\n<h5>J\u00e1 possuo T\u00edtulo de Especialista reconhecido pelo Conselho Regional de Medicinal (CRM). Devo fazer a Prova de T\u00edtulo pela ANAMT ou somente uma revalida\u00e7\u00e3o? Os t\u00edtulos se sobrep\u00f5em?<\/h5>\n<p>Se voc\u00ea tem o n\u00famero de Registro de Qualifica\u00e7\u00e3o de Especialista (RQE), que n\u00e3o \u00e9 o T\u00edtulo de Especialista, n\u00e3o \u00e9 necess\u00e1rio fazer a prova, pois voc\u00ea j\u00e1 \u00e9 especialista. No entanto, ter o T\u00edtulo de Especialista em Medicina do Trabalho pela ANAMT \u00e9 um diferencial para sua vida profissional e uma qualifica\u00e7\u00e3o reconhecida pelo mercado.<\/p>\n<h5>O per\u00edodo de est\u00e1gio durante a gradua\u00e7\u00e3o em Medicina pode ser contabilizado para atingir os pr\u00e9-requisitos exigidos?<\/h5>\n<p>Para a pontua\u00e7\u00e3o do est\u00e1gio \u00e9 necess\u00e1rio que ele tenha ocorrido ap\u00f3s a obten\u00e7\u00e3o do diploma de m\u00e9dico e registro no Conselho Regional de Medicina (CRM).<\/p>\n<h5>Quais eventos podem ser contabilizados para o exame?<\/h5>\n<p>Os eventos cient\u00edficos devem ser da \u00e1rea de Medicina do Trabalho. Caso seu evento n\u00e3o esteja especificado no edital, a Comiss\u00e3o da Prova de T\u00edtulo far\u00e1 uma an\u00e1lise da situa\u00e7\u00e3o.<\/p>\n<h5>H\u00e1 um modelo de apresenta\u00e7\u00e3o do comprovante de exerc\u00edcio de atividade especifica de Medicina do Trabalho exigido para realizar a Prova?<\/h5>\n<p>O exerc\u00edcio da atividade espec\u00edfica de Medicina do Trabalho atrav\u00e9s de Declara\u00e7\u00e3o de Empregador em papel timbrado e firma reconhecida, onde descrevam detalhadamente os hor\u00e1rios, atividades, fun\u00e7\u00f5es e atribui\u00e7\u00f5es.<\/p>\n<h5>Como devo proceder para comprovar que sou s\u00f3cio de uma empresa em Medicina do Trabalho?<\/h5>\n<p>Encaminhe o contrato social onde conste seu nome como s\u00f3cio. A declara\u00e7\u00e3o de Coordenador dever\u00e1 ser de cada entidade, em papel timbrado, especificando a quantidade de empregados e grau de risco, com identifica\u00e7\u00e3o do declarante para que possa ser adequadamente analisado pela Comiss\u00e3o.<\/p>\n<h5>Onde ser\u00e3o divulgados o gabarito e o resultado do exame?<\/h5>\n<p>Os documentos estar\u00e3o dispon\u00edveis no site da ANAMT, bem como divulgados nos portais de comunica\u00e7\u00e3o da Associa\u00e7\u00e3o.<\/p>\n<h5>Como consigo verificar a avalia\u00e7\u00e3o de meu curr\u00edculo?<\/h5>\n<p>A pontua\u00e7\u00e3o do curr\u00edculo de cada candidato est\u00e1 dispon\u00edvel na \u00e1rea exclusiva no site da ANAMT.<\/p>\n<h5>Obtive o t\u00edtulo de especialista em Medicina do Trabalho recentemente e gostaria de saber quais s\u00e3o as exig\u00eancias em termos de pontua\u00e7\u00e3o para mant\u00ea-lo.<\/h5>\n<p>N\u00e3o existem exig\u00eancias em termos de pontua\u00e7\u00e3o para manter esse t\u00edtulo. O constante estudo e presen\u00e7a em eventos cient\u00edficos \u00e9 uma necessidade de atualiza\u00e7\u00e3o.<\/p>\n","protected":false},"excerpt":{"rendered":"<p>Aqui voc\u00ea encontra as perguntas mais comuns dos alunos e pesquisadores que desejam participar da Prova de T\u00edtulo de Especialista da ANAMT. Caso a sua d\u00favida n\u00e3o seja respondida no question\u00e1rio abaixo, entre em contato pelo\u00a0e-mail\u00a0titulo@anamt.org.br, ou por meio\u00a0da nossa sede administrativa, no n\u00famero (11) 3251-0849. O que um curso precisa ter para ser acreditado [&hellip;]<\/p>\n","protected":false},"author":1,"featured_media":0,"parent":12278,"menu_order":0,"comment_status":"closed","ping_status":"closed","template":"","meta":{"footnotes":""},"_links":{"self":[{"href":"https:\/\/www.anamt.org.br\/portal\/wp-json\/wp\/v2\/pages\/12288"}],"collection":[{"href":"https:\/\/www.anamt.org.br\/portal\/wp-json\/wp\/v2\/pages"}],"about":[{"href":"https:\/\/www.anamt.org.br\/portal\/wp-json\/wp\/v2\/types\/page"}],"author":[{"embeddable":true,"href":"https:\/\/www.anamt.org.br\/portal\/wp-json\/wp\/v2\/users\/1"}],"replies":[{"embeddable":true,"href":"https:\/\/www.anamt.org.br\/portal\/wp-json\/wp\/v2\/comments?post=12288"}],"version-history":[{"count":2,"href":"https:\/\/www.anamt.org.br\/portal\/wp-json\/wp\/v2\/pages\/12288\/revisions"}],"predecessor-version":[{"id":48307,"href":"https:\/\/www.anamt.org.br\/portal\/wp-json\/wp\/v2\/pages\/12288\/revisions\/48307"}],"up":[{"embeddable":true,"href":"https:\/\/www.anamt.org.br\/portal\/wp-json\/wp\/v2\/pages\/12278"}],"wp:attachment":[{"href":"https:\/\/www.anamt.org.br\/portal\/wp-json\/wp\/v2\/media?parent=12288"}],"curies":[{"name":"wp","href":"https:\/\/api.w.org\/{rel}","templated":true}]}}