{"id":12217,"date":"2017-02-21T11:34:56","date_gmt":"2017-02-21T14:34:56","guid":{"rendered":"https:\/\/www.anamt.org.br\/portal\/?page_id=12217"},"modified":"2017-02-21T11:44:59","modified_gmt":"2017-02-21T14:44:59","slug":"areas-de-atuacao","status":"publish","type":"page","link":"https:\/\/www.anamt.org.br\/portal\/areas-de-atuacao\/","title":{"rendered":"\u00c1reas de atua\u00e7\u00e3o"},"content":{"rendered":"<p>Para o exerc\u00edcio da MT, \u00e9 importante que o profissional tenha uma boa forma\u00e7\u00e3o em <strong>Cl\u00ednica M\u00e9dica<\/strong> e que domine os conceitos e as ferramentas da sa\u00fade p\u00fablica. Al\u00e9m disto, o m\u00e9dico deve estar sintonizado com os acontecimentos do mundo do trabalho em seus aspectos sociol\u00f3gicos, pol\u00edticos, tecnol\u00f3gicos, demogr\u00e1ficos, entre outros.<\/p>\n<p>O campo de atua\u00e7\u00e3o da especialidade \u00e9 amplo, extrapolando o \u00e2mbito tradicional da pr\u00e1tica m\u00e9dica. De modo esquem\u00e1tico, pode-se dizer que \u00e9 preferencialmente exercido:<\/p>\n<ul>\n<li>Nos espa\u00e7os do trabalho ou da produ\u00e7\u00e3o &#8211; as empresas -, como empregado nos Servi\u00e7os Especializados de Engenharia de Seguran\u00e7a e de Medicina do Trabalho (Sesmt), como prestador de servi\u00e7os t\u00e9cnicos, para a elabora\u00e7\u00e3o do Programa de Controle M\u00e9dico de Sa\u00fade Ocupacional (PCMSO) ou de consultoria;<\/li>\n<li>Na normaliza\u00e7\u00e3o e fiscaliza\u00e7\u00e3o das condi\u00e7\u00f5es de Sa\u00fade e Seguran\u00e7a no Trabalho (SST) desenvolvida pelo Ministro do Trabalho e Emprego (MTE);<\/li>\n<li>Na rede p\u00fablica de servi\u00e7os de sa\u00fade e no desenvolvimento das a\u00e7\u00f5es de sa\u00fade do trabalhador;<\/li>\n<li>Na assessoria sindical em sa\u00fade do trabalhador, nas organiza\u00e7\u00f5es de trabalhadores e de empregadores;<\/li>\n<li>Na Per\u00edcia M\u00e9dica da Previd\u00eancia Social, enquanto seguradora do Acidente do Trabalho (SAT);<\/li>\n<li>Na atua\u00e7\u00e3o junto ao Sistema Judici\u00e1rio como perito judicial em processos trabalhistas, a\u00e7\u00f5es c\u00edveis e a\u00e7\u00f5es da promotoria p\u00fablica;<\/li>\n<li>Na atividade docente e na forma\u00e7\u00e3o e capacita\u00e7\u00e3o profissional;<\/li>\n<li>Na atividade de investiga\u00e7\u00e3o no campo das rela\u00e7\u00f5es entre sa\u00fade e trabalho;<\/li>\n<li>Em consultoria privada no campo da SST.<\/li>\n<\/ul>\n","protected":false},"excerpt":{"rendered":"<p>Para o exerc\u00edcio da MT, \u00e9 importante que o profissional tenha uma boa forma\u00e7\u00e3o em Cl\u00ednica M\u00e9dica e que domine os conceitos e as ferramentas da sa\u00fade p\u00fablica. Al\u00e9m disto, o m\u00e9dico deve estar sintonizado com os acontecimentos do mundo do trabalho em seus aspectos sociol\u00f3gicos, pol\u00edticos, tecnol\u00f3gicos, demogr\u00e1ficos, entre outros. O campo de atua\u00e7\u00e3o [&hellip;]<\/p>\n","protected":false},"author":1,"featured_media":0,"parent":0,"menu_order":0,"comment_status":"closed","ping_status":"closed","template":"","meta":{"footnotes":""},"_links":{"self":[{"href":"https:\/\/www.anamt.org.br\/portal\/wp-json\/wp\/v2\/pages\/12217"}],"collection":[{"href":"https:\/\/www.anamt.org.br\/portal\/wp-json\/wp\/v2\/pages"}],"about":[{"href":"https:\/\/www.anamt.org.br\/portal\/wp-json\/wp\/v2\/types\/page"}],"author":[{"embeddable":true,"href":"https:\/\/www.anamt.org.br\/portal\/wp-json\/wp\/v2\/users\/1"}],"replies":[{"embeddable":true,"href":"https:\/\/www.anamt.org.br\/portal\/wp-json\/wp\/v2\/comments?post=12217"}],"version-history":[{"count":0,"href":"https:\/\/www.anamt.org.br\/portal\/wp-json\/wp\/v2\/pages\/12217\/revisions"}],"wp:attachment":[{"href":"https:\/\/www.anamt.org.br\/portal\/wp-json\/wp\/v2\/media?parent=12217"}],"curies":[{"name":"wp","href":"https:\/\/api.w.org\/{rel}","templated":true}]}}