{"id":12213,"date":"2017-02-21T11:24:49","date_gmt":"2017-02-21T14:24:49","guid":{"rendered":"https:\/\/www.anamt.org.br\/portal\/?page_id=12213"},"modified":"2018-12-10T10:53:47","modified_gmt":"2018-12-10T12:53:47","slug":"como-tornar-especialista","status":"publish","type":"page","link":"https:\/\/www.anamt.org.br\/portal\/como-tornar-especialista\/","title":{"rendered":"Como tornar-se especialista"},"content":{"rendered":"<h3>Reconhecimento da especialidade<\/h3>\n<p>Segundo a NR 4 do MTE, s\u00e3o considerados m\u00e9dicos do trabalho &#8220;os m\u00e9dicos portadores de certificado de conclus\u00e3o de curso de especializa\u00e7\u00e3o em Medicina do Trabalho, em n\u00edvel de p\u00f3s-gradua\u00e7\u00e3o, ou portador de certificado de Resid\u00eancia M\u00e9dica em \u00e1rea de concentra\u00e7\u00e3o em Sa\u00fade do Trabalhador ou denomina\u00e7\u00e3o equivalente, reconhecida pela Comiss\u00e3o Nacional de Resid\u00eancia M\u00e9dica, do Minist\u00e9rio da Educa\u00e7\u00e3o, ambos ministrados por universidade ou faculdade que mantenha curso de gradua\u00e7\u00e3o em Medicina&#8221;.<\/p>\n<p>A ANAMT \u00e9 a entidade de \u00e2mbito nacional que congrega os m\u00e9dicos do trabalho. De acordo com as normas para concess\u00e3o de T\u00edtulo de Especialista definidas pela Associa\u00e7\u00e3o M\u00e9dica Brasileira (AMB), a ANAMT concede o t\u00edtulo de especialista em Medicina do Trabalho aos profissionais que se submetem e s\u00e3o aprovados no processo de certifica\u00e7\u00e3o, geralmente constitu\u00eddo por uma prova de conhecimento e julgamento de t\u00edtulos, realizada por ocasi\u00e3o dos Congressos da Especialidade, a cada tr\u00eas anos.<\/p>\n<p>Para mais informa\u00e7\u00f5es sobre a obten\u00e7\u00e3o do t\u00edtulo de especialista em Medicina do Trabalho, <a href=\"https:\/\/www.anamt.org.br\/portal\/titulo-de-especialista-em-medicina-do-trabalho\/\">clique aqui<\/a>.<\/p>\n","protected":false},"excerpt":{"rendered":"<p>Reconhecimento da especialidade Segundo a NR 4 do MTE, s\u00e3o considerados m\u00e9dicos do trabalho &#8220;os m\u00e9dicos portadores de certificado de conclus\u00e3o de curso de especializa\u00e7\u00e3o em Medicina do Trabalho, em n\u00edvel de p\u00f3s-gradua\u00e7\u00e3o, ou portador de certificado de Resid\u00eancia M\u00e9dica em \u00e1rea de concentra\u00e7\u00e3o em Sa\u00fade do Trabalhador ou denomina\u00e7\u00e3o equivalente, reconhecida pela Comiss\u00e3o Nacional [&hellip;]<\/p>\n","protected":false},"author":1,"featured_media":0,"parent":0,"menu_order":0,"comment_status":"closed","ping_status":"closed","template":"","meta":{"footnotes":""},"_links":{"self":[{"href":"https:\/\/www.anamt.org.br\/portal\/wp-json\/wp\/v2\/pages\/12213"}],"collection":[{"href":"https:\/\/www.anamt.org.br\/portal\/wp-json\/wp\/v2\/pages"}],"about":[{"href":"https:\/\/www.anamt.org.br\/portal\/wp-json\/wp\/v2\/types\/page"}],"author":[{"embeddable":true,"href":"https:\/\/www.anamt.org.br\/portal\/wp-json\/wp\/v2\/users\/1"}],"replies":[{"embeddable":true,"href":"https:\/\/www.anamt.org.br\/portal\/wp-json\/wp\/v2\/comments?post=12213"}],"version-history":[{"count":0,"href":"https:\/\/www.anamt.org.br\/portal\/wp-json\/wp\/v2\/pages\/12213\/revisions"}],"wp:attachment":[{"href":"https:\/\/www.anamt.org.br\/portal\/wp-json\/wp\/v2\/media?parent=12213"}],"curies":[{"name":"wp","href":"https:\/\/api.w.org\/{rel}","templated":true}]}}