{"id":12192,"date":"2017-02-20T23:28:14","date_gmt":"2017-02-21T02:28:14","guid":{"rendered":"https:\/\/www.anamt.org.br\/portal\/?page_id=12192"},"modified":"2026-02-23T18:59:43","modified_gmt":"2026-02-23T21:59:43","slug":"secretaria","status":"publish","type":"page","link":"https:\/\/www.anamt.org.br\/portal\/contato\/secretaria\/","title":{"rendered":"Secretaria"},"content":{"rendered":"<p>A Secretaria da ANAMT articula o contato entre os associados e a diretoria da entidade. \u00c9 de compet\u00eancia desta \u00e1rea suportar o N\u00facleo Executivo na condu\u00e7\u00e3o de suas responsabilidades, verificando e conciliando informa\u00e7\u00f5es, redigindo correspond\u00eancias, relat\u00f3rios e demais ferramentas gerenciais.<\/p>\n<h5>Sede pr\u00f3pria<\/h5>\n<p>Rua Peixoto Gomide, n\u00ba 996, sala 350<br \/>\nJardim Paulista &#8211; S\u00e3o Paulo (SP)<br \/>\nCEP: 01409-900<\/p>\n<h5>Contato<\/h5>\n<p>E-mail: <a href=\"mailto:secretaria@anamt.org.br\">secretaria@anamt.org.br<\/a><\/p>\n<blockquote><p>A ANAMT informa que a \u00e1rea administrativa da associa\u00e7\u00e3o vai trabalhar no esquema de home office, como parte do combate ao avan\u00e7o do novo coronav\u00edrus. Os associados poder\u00e3o ser atendidos via telefone ou WhatsApp atrav\u00e9s do n\u00famero: (11) 95658-7462. Hor\u00e1rio de atendimento: 9h \u00e0s 16h<\/p><\/blockquote>\n<h5>Atividades e documentos da secretaria dispon\u00edveis na internet<\/h5>\n<ul>\n<li><a href=\"https:\/\/www.anamt.org.br\/portal\/seja-associado\/\">Seja associado<\/a><\/li>\n<li><a href=\"https:\/\/sistemasanamt.org.br\/anamt\/associados\/cad_inscricao.aspx\" target=\"_blank\" rel=\"noopener noreferrer\">Proposta de s\u00f3cio<\/a><\/li>\n<li><a href=\"https:\/\/www.anamt.org.br\/portal\/titulo-de-especialista\/\">Informa\u00e7\u00f5es sobre T\u00edtulo de Especialista<\/a><\/li>\n<li><a title=\"Emiss\u00e3o da 2\u00ba via do boleto\" href=\"https:\/\/www.anamt.org.br\/portal\/painel-do-associado\/area-externa\/?url=https%3a%2f%2fsistemasanamt.org.br%2fanamt%2fassociados%2flista_faturas.aspx\" target=\"_parent\" rel=\"noopener\">Emiss\u00e3o da 2\u00aa via do boleto <\/a><\/li>\n<li><a href=\"http:\/\/www.anamt.org.br\/site\/upload_arquivos\/arquivos_diversos_24122013816262895625.pdf\" target=\"_blank\" rel=\"noopener noreferrer\">Modelo de requerimento para autorizar a divulga\u00e7\u00e3o do nome na rela\u00e7\u00e3o de especialistas do portal<\/a><\/li>\n<\/ul>\n<p>&nbsp;<\/p>\n<p>&nbsp;<\/p>\n<p><img decoding=\"async\" class=\"alignnone size-medium\" src=\"https:\/\/www.anamt.org.br\/portal\/wp-content\/uploads\/2026\/02\/ANUIDADE-ANAMT-2026-1.png\" width=\"1377\" height=\"470\" \/><\/p>\n<p>As categorias de <strong>M\u00e9dicos Aspirantes e M\u00e9dicos Acad\u00eamicos t\u00eam direito a 50% de desconto na anuidade<\/strong>, com c\u00e1lculo pro rata temporis (proporcional aos 12 meses).<\/p>\n<p><strong>M\u00e9dicos Aspirantes:<\/strong> m\u00e9dicos que estejam cursando p\u00f3s-gradua\u00e7\u00e3o e resid\u00eancia em Medicina do Trabalho;<\/p>\n<p><strong>M\u00e9dicos Acad\u00eamicos:<\/strong> estudantes de Medicina.<\/p>\n<p>Para concess\u00e3o do desconto, \u00e9 obrigat\u00f3ria a comprova\u00e7\u00e3o de que est\u00e3o cursando, por meio de declara\u00e7\u00e3o de matr\u00edcula da institui\u00e7\u00e3o.<\/p>\n<p><strong><br \/>\nPARCELAMENTO<br \/>\n<\/strong>As anuidades podem ser parceladas em at\u00e9 doze vezes no cart\u00e3o. A solicita\u00e7\u00e3o dever\u00e1 ser feita diretamente na<strong><a href=\"https:\/\/www.anamt.org.br\/portal\/painel-do-associado\/area-externa\/?url=https%3a%2f%2fsistemasanamt.org.br%2fanamt%2fassociados%2flista_faturas.aspx\" target=\"_blank\" rel=\"noopener\"> \u00e1rea do associado<\/a><\/strong> e n\u00e3o h\u00e1 desconto para quem solicita parcelamento,<strong> atentar-se a taxa de seu cart\u00e3o e n\u00e3o efetuamos parcelamento em boleto<\/strong>.<\/p>\n<p><strong><br \/>\nPAGAMENTO<br \/>\n<\/strong>Ap\u00f3s a escolha da forma de pagamento na \u00c1rea do Associado, o prazo para confirma\u00e7\u00e3o \u00e9 de: at\u00e9 48 horas para boletos;\u00a0imediato para cart\u00e3o de cr\u00e9dito.<\/p>\n<p>Por quest\u00f5es operacionais, a ANAMT n\u00e3o envia boletos impressos pelos Correios.<\/p>\n<p>As anuidades s\u00e3o disponibilizadas para emiss\u00e3o na \u00c1rea do Associado.<\/p>\n<p><strong>ISEN\u00c7\u00d5ES<\/strong><\/p>\n<p>S\u00e3o isentos do pagamento da anuidade os m\u00e9dicos que tenham completado 25 (vinte e cinco) anos de contribui\u00e7\u00e3o comprovada junto \u00e0 Secretaria da ANAMT, tornando-se Membros Jubilados.<\/p>\n<p>Conforme previsto no Estatuto, Art. 7, os Membros Jubilados ter\u00e3o os mesmos direitos da categoria \u00e0 qual pertenciam anteriormente, ficando isentos do pagamento da taxa associativa, ap\u00f3s homologa\u00e7\u00e3o de sua condi\u00e7\u00e3o pela Diretoria.<\/p>\n<p><strong><br \/>\nMANTENHA SEU CADASTRO ATUALIZADO<\/strong><\/p>\n<p>\u00c9 essencial manter o cadastro atualizado na ANAMT para\u00a0solicitar descontos em eventos e campanhas;\u00a0emitir declara\u00e7\u00f5es;\u00a0acessar outros servi\u00e7os da associa\u00e7\u00e3o;\u00a0manter seus dados de contato atualizados, como telefone, e-mail e endere\u00e7o.<\/p>\n<p>A atualiza\u00e7\u00e3o tamb\u00e9m possibilita o recebimento de informativos e boletins eletr\u00f4nicos com\u00a0not\u00edcias, comunicados,\u00a0alertas,\u00a0eventos de Educa\u00e7\u00e3o M\u00e9dica Continuada e demais informa\u00e7\u00f5es de interesse da classe.<\/p>\n<p><strong><br \/>\nA atualiza\u00e7\u00e3o pode ser feita online:<\/strong> basta acessar a \u00c1rea do Associado e conferir se seus dados est\u00e3o corretos.<\/p>\n<p>Para saber mais, entre em contato com a <strong>Secretaria da ANAMT pelos telefones: (11) 3251-0849 ou WhatsApp (11) 95658-7462<\/strong>, ou pelo <strong>e-mail: secretaria@anamt.org.br.<\/strong><\/p>\n","protected":false},"excerpt":{"rendered":"<p>A Secretaria da ANAMT articula o contato entre os associados e a diretoria da entidade. \u00c9 de compet\u00eancia desta \u00e1rea suportar o N\u00facleo Executivo na condu\u00e7\u00e3o de suas responsabilidades, verificando e conciliando informa\u00e7\u00f5es, redigindo correspond\u00eancias, relat\u00f3rios e demais ferramentas gerenciais. Sede pr\u00f3pria Rua Peixoto Gomide, n\u00ba 996, sala 350 Jardim Paulista &#8211; S\u00e3o Paulo (SP) [&hellip;]<\/p>\n","protected":false},"author":1,"featured_media":0,"parent":10353,"menu_order":0,"comment_status":"closed","ping_status":"closed","template":"","meta":{"footnotes":""},"_links":{"self":[{"href":"https:\/\/www.anamt.org.br\/portal\/wp-json\/wp\/v2\/pages\/12192"}],"collection":[{"href":"https:\/\/www.anamt.org.br\/portal\/wp-json\/wp\/v2\/pages"}],"about":[{"href":"https:\/\/www.anamt.org.br\/portal\/wp-json\/wp\/v2\/types\/page"}],"author":[{"embeddable":true,"href":"https:\/\/www.anamt.org.br\/portal\/wp-json\/wp\/v2\/users\/1"}],"replies":[{"embeddable":true,"href":"https:\/\/www.anamt.org.br\/portal\/wp-json\/wp\/v2\/comments?post=12192"}],"version-history":[{"count":4,"href":"https:\/\/www.anamt.org.br\/portal\/wp-json\/wp\/v2\/pages\/12192\/revisions"}],"predecessor-version":[{"id":53597,"href":"https:\/\/www.anamt.org.br\/portal\/wp-json\/wp\/v2\/pages\/12192\/revisions\/53597"}],"up":[{"embeddable":true,"href":"https:\/\/www.anamt.org.br\/portal\/wp-json\/wp\/v2\/pages\/10353"}],"wp:attachment":[{"href":"https:\/\/www.anamt.org.br\/portal\/wp-json\/wp\/v2\/media?parent=12192"}],"curies":[{"name":"wp","href":"https:\/\/api.w.org\/{rel}","templated":true}]}}