{"id":12164,"date":"2017-02-20T14:05:49","date_gmt":"2017-02-20T17:05:49","guid":{"rendered":"https:\/\/www.anamt.org.br\/portal\/?page_id=12164"},"modified":"2017-02-20T14:18:20","modified_gmt":"2017-02-20T17:18:20","slug":"estatuto-comissoes-tecnicas","status":"publish","type":"page","link":"https:\/\/www.anamt.org.br\/portal\/documentos-institucionais\/estatuto-comissoes-tecnicas\/","title":{"rendered":"Estatuto &#8211; Comiss\u00f5es t\u00e9cnicas"},"content":{"rendered":"<h5>II &#8211; DO CONSELHO T\u00c9CNICO E DAS COMISS\u00d5ES T\u00c9CNICAS<\/h5>\n<p>1 &#8211; Do Conselho t\u00e9cnico<br \/>\n1.1 &#8211; O Conselho T\u00e9cnico ser\u00e1 formado pelos Presidentes das Comiss\u00f5es T\u00e9cnicas e ser\u00e1 o \u00f3rg\u00e3o de planejamento e execu\u00e7\u00e3o das atividades cient\u00edficas da Associa\u00e7\u00e3o Nacional de Medicina do Trabalho &#8211; ANAMT, com compet\u00eancia para programar e executar as atividades da ANAMT.<\/p>\n<p>1.2 &#8211; O Conselho T\u00e9cnico ser\u00e1 presidido pelo Diretor Cient\u00edfico, a quem cabe indicar, entre os Presidentes das Comiss\u00f5es T\u00e9cnicas, um m\u00e9dico do trabalho como Secret\u00e1rio que ser\u00e1 seu substituto em casos de impedimentos.<\/p>\n<p>1.3 &#8211; O programa de atividades do Conselho T\u00e9cnico dever\u00e1 ser aprovado pela Diretoria.<\/p>\n<p>2 &#8211; Das Comiss\u00f5es T\u00e9cnicas:<\/p>\n<p>2.1 &#8211; As Comiss\u00f5es T\u00e9cnicas s\u00e3o criadas pela Diretoria com prazo m\u00e1ximo de dura\u00e7\u00e3o igual ao seu mandato.<br \/>\n2.2 &#8211; Cada Comiss\u00e3o T\u00e9cnica ser\u00e1 composta de um N\u00facleo Executivo constitu\u00eddo pelo Presidente, Secret\u00e1rio e tr\u00eas Membros titulares. Estes componentes dever\u00e3o ser associados da ANAMT em pleno gozo de seus direitos como associado.<br \/>\n2.3 &#8211; Os Presidentes das Comiss\u00f5es T\u00e9cnicas, escolhidos preferencialmente nos v\u00e1rios Estados brasileiros, ser\u00e3o nomeados pela Diretoria e referendados pelo Conselho Deliberativo, gozando do status de Diretores, por\u00e9m sem direito a voto na Diretoria.<br \/>\n2.4 &#8211; Os demais quatro membros do N\u00facleo Executivo das Comiss\u00f5es, ser\u00e3o indicados pelos respectivos Presidentes e aprovados pelo Diretor Cient\u00edfico.<br \/>\n2.5 &#8211; Cada Comiss\u00e3o ter\u00e1 um Secret\u00e1rio designado entre seus membros pelo Presidente da respectiva Comiss\u00e3o, que ser\u00e1 seu eventual substituto.<br \/>\n2.6 &#8211; Os Presidentes das Comiss\u00f5es T\u00e9cnicas e respectivos Secret\u00e1rios n\u00e3o poder\u00e3o ser membros da Diretoria.<br \/>\n2.7 &#8211; Os Presidentes das Comiss\u00f5es T\u00e9cnicas e Secret\u00e1rios poder\u00e3o ser de qualquer categoria de associados.<br \/>\n2.8 &#8211; Os Presidentes e Secret\u00e1rios das Comiss\u00f5es T\u00e9cnicas n\u00e3o poder\u00e3o presidir e, ou secretariar mais de uma Comiss\u00e3o.<br \/>\n2.9 &#8211; As Comiss\u00f5es poder\u00e3o conter Membros Colaboradores que ser\u00e3o associados de qualquer das categorias em pleno gozo de seus direitos.<br \/>\n2.10 &#8211; Nas Comiss\u00f5es tamb\u00e9m poder\u00e3o fazer parte profissionais especialistas e de not\u00f3rio saber de outras \u00e1reas relacionadas \u00e0 Sa\u00fade do Trabalhador, n\u00e3o associados da ANAMT, como Membros Convidados.<\/p>\n<p>3 &#8211; Cabe ao N\u00facleo Executivo das Comiss\u00f5es T\u00e9cnicas:<\/p>\n<p>3.1 &#8211; Consolidar as contribui\u00e7\u00f5es de todos os participantes da respectiva Comiss\u00e3o T\u00e9cnica e das demais pessoas que colaborarem nas suas atividades<br \/>\n3.2 &#8211; Produzir no m\u00ednimo um documento do tipo &#8220;estado da arte&#8221; de atualiza\u00e7\u00e3o sobre mat\u00e9ria de responsabilidade da Comiss\u00e3o para ser publicado na Revista Brasileira de Medicina do Trabalho e, ou Jornal da ANAMT.<br \/>\n3.3 &#8211; Produzir documentos do tipo &#8220;Consenso&#8221;,<br \/>\n&#8220;Diretrizes&#8221; ou &#8220;Normaliza\u00e7\u00f5es&#8221;, para serem publicados na RBMT e, ou Jornal da ANAMT, ap\u00f3s serem submetidos a consulta p\u00fablica junto aos associados e aprovados pela Diretoria.<br \/>\n3.4 &#8211; Promover no m\u00ednimo um evento de atualiza\u00e7\u00e3o do tipo Semin\u00e1rio, Simp\u00f3sio, Jornada, de atualiza\u00e7\u00e3o de tema referente a Comiss\u00e3o.<br \/>\n3.5 &#8211; Responsabilizar-se pela inser\u00e7\u00e3o de tema da Comiss\u00e3o nos Congressos da ANAMT sob a forma de Cursos, Mesas Redondas, Confer\u00eancia e de outras formas de apresenta\u00e7\u00e3o.<br \/>\n3.6 &#8211; Elaborar pareceres e relat\u00f3rios t\u00e9cnico-cient\u00edfico em resposta a consultas dirigidas \u00e0 ANAMT, encaminhando-os ao Diretor Cient\u00edfico para serem respondidas.<br \/>\n3.7 &#8211; Criar Sub-Comiss\u00f5es no \u00e2mbito da Comiss\u00e3o para desenvolver temas espec\u00edficos, cabendo a coordena\u00e7\u00e3o dessas Sub-Comiss\u00f5es a um dos membros do N\u00facleo Executivo da Comiss\u00e3o.<\/p>\n<p>4 &#8211; Compete aos Presidentes das Comiss\u00f5es T\u00e9cnicas:<\/p>\n<p>4.1 &#8211; Coordenar a equipe no desenvolvimento das atividades da Comiss\u00e3o.<br \/>\n4.2 &#8211; Indicar os componentes da Comiss\u00e3o T\u00e9cnica e escolher entre um dos seus membros o Secret\u00e1rio, no prazo de trinta dias ap\u00f3s sua nomea\u00e7\u00e3o.<br \/>\n4.3 &#8211; Apresentar semestralmente ao Diretor Cient\u00edfico relat\u00f3rio contendo as atividades desenvolvidas no per\u00edodo e respectivos resultados e conclus\u00f5es.<br \/>\n4.4 &#8211; Implementar as a\u00e7\u00f5es sob a responsabilidade do N\u00facleo Executivo da Comiss\u00e3o.<br \/>\n4.5 &#8211; Manter o Diretor Cient\u00edfico e a Diretoria da ANAMT informada sempre que fatos relevantes referentes \u00e0 Comiss\u00e3o necessitarem serem divulgados aos associados.<br \/>\n4.6 &#8211; Apresentar ao Diretor Cient\u00edfico no prazo de 90 (noventa) dias ap\u00f3s a nomea\u00e7\u00e3o, Plano de Trabalho para o tri\u00eanio.<\/p>\n<p>5 &#8211; Compete aos Secret\u00e1rios das Comiss\u00f5es T\u00e9cnicas.<\/p>\n<p>5.1 &#8211; Substituir o Presidente nos seus impedimentos.<br \/>\n5.2 &#8211; Preparar todas as atas de reuni\u00f5es e demais documentos gerados pela Comiss\u00e3o, para serem encaminhados \u00e0 Diretoria e posteriormente publicados.<br \/>\n5.3 &#8211; Atuar como relator da Comiss\u00e3o T\u00e9cnica nas apresenta\u00e7\u00f5es dos documentos gerados pela mesma.<\/p>\n","protected":false},"excerpt":{"rendered":"<p>II &#8211; DO CONSELHO T\u00c9CNICO E DAS COMISS\u00d5ES T\u00c9CNICAS 1 &#8211; Do Conselho t\u00e9cnico 1.1 &#8211; O Conselho T\u00e9cnico ser\u00e1 formado pelos Presidentes das Comiss\u00f5es T\u00e9cnicas e ser\u00e1 o \u00f3rg\u00e3o de planejamento e execu\u00e7\u00e3o das atividades cient\u00edficas da Associa\u00e7\u00e3o Nacional de Medicina do Trabalho &#8211; ANAMT, com compet\u00eancia para programar e executar as atividades da [&hellip;]<\/p>\n","protected":false},"author":1,"featured_media":0,"parent":12155,"menu_order":0,"comment_status":"closed","ping_status":"closed","template":"","meta":{"footnotes":""},"_links":{"self":[{"href":"https:\/\/www.anamt.org.br\/portal\/wp-json\/wp\/v2\/pages\/12164"}],"collection":[{"href":"https:\/\/www.anamt.org.br\/portal\/wp-json\/wp\/v2\/pages"}],"about":[{"href":"https:\/\/www.anamt.org.br\/portal\/wp-json\/wp\/v2\/types\/page"}],"author":[{"embeddable":true,"href":"https:\/\/www.anamt.org.br\/portal\/wp-json\/wp\/v2\/users\/1"}],"replies":[{"embeddable":true,"href":"https:\/\/www.anamt.org.br\/portal\/wp-json\/wp\/v2\/comments?post=12164"}],"version-history":[{"count":0,"href":"https:\/\/www.anamt.org.br\/portal\/wp-json\/wp\/v2\/pages\/12164\/revisions"}],"up":[{"embeddable":true,"href":"https:\/\/www.anamt.org.br\/portal\/wp-json\/wp\/v2\/pages\/12155"}],"wp:attachment":[{"href":"https:\/\/www.anamt.org.br\/portal\/wp-json\/wp\/v2\/media?parent=12164"}],"curies":[{"name":"wp","href":"https:\/\/api.w.org\/{rel}","templated":true}]}}