{"id":12059,"date":"2017-02-19T10:50:58","date_gmt":"2017-02-19T13:50:58","guid":{"rendered":"https:\/\/www.anamt.org.br\/portal\/?page_id=12059"},"modified":"2025-12-29T15:36:55","modified_gmt":"2025-12-29T18:36:55","slug":"diretores-da-anamt","status":"publish","type":"page","link":"https:\/\/www.anamt.org.br\/portal\/diretoria\/diretores-da-anamt\/","title":{"rendered":"Diretores da ANAMT"},"content":{"rendered":"<p>&nbsp;<\/p>\n<blockquote><p><strong><img decoding=\"async\" class=\"wp-image-39078 size-full alignleft\" src=\"https:\/\/www.anamt.org.br\/portal\/wp-content\/uploads\/2025\/12\/luizfernando.png\" alt=\"\" width=\"133\" height=\"200\" \/>Dr. Luis Fernando Gagliardi \u2013 Diretor de Patrim\u00f4nio<br \/>\n<\/strong><\/p>\n<p>M\u00e9dico pela Pontif\u00edcia Universidade Cat\u00f3lica de Campinas. P\u00f3s-graduado em Gest\u00e3o em Sa\u00fade, Medicina do Trabalho, Medicina de tr\u00e1fego e Pericia M\u00e9dica. Curso em transtornos mentais relacionados ao trabalho. Especializa\u00e7\u00e3o em Ergonomia aplicada ao trabalho, Medicina do Trabalho e Medicina de tr\u00e1fego. Diretor de Divulga\u00e7\u00e3o da ANAMT \u2013 Gest\u00e3o 2019\/2022. Membro da C\u00e2mara Tem\u00e1tica de Sa\u00fade e Meio Ambiente no Tr\u00e2nsito do CONTRAN &#8211; 2019\/2020. Membro da C\u00e2mara T\u00e9cnica de Medicina de Tr\u00e1fego do CFM. Diretor adjunto das Regionais\/SP da APMT &#8211; 2019-2021 e Diretor Regional da APMT &#8211; 2017-2018. Secret\u00e1rio do Departamento de Medicina do Trabalho da Sociedade de Medicina e Cirurgia de Campinas \u2013 2018-2020. Coordenador do Departamento de Medicina do Trabalho da Sociedade de Medicina e Cirurgia de Campinas \u2013 2021\/2023. Coordenador da Subcomiss\u00e3o de Higiene, Medicina e Seguran\u00e7a da ANFAVEA &#8211; 2016\/2017 e 2018\/2019.<\/p>\n<p>&nbsp;<\/p><\/blockquote>\n<blockquote><p><strong><img decoding=\"async\" class=\"wp-image-39078 size-full alignleft\" src=\"https:\/\/www.anamt.org.br\/portal\/wp-content\/uploads\/2025\/12\/leandroguimaraes.png\" alt=\"\" width=\"133\" height=\"200\" \/>Dr. Leandro Guimar\u00e3es \u2013 Diretor Administrativo<br \/>\n<\/strong><\/p>\n<p>M\u00e9dico pela UNOESTE. Especialista em Medicina do Trabalho (ANAMT\/AMB) e em Ortopedia e Traumatologia &#8211; (SBOT\/AMB). Sub especializa\u00e7\u00e3o em Ortopedia. Pedi\u00e1trica &#8211; Santa Casa de S\u00e3o Paulo e em Dist\u00farbios Neuromusculares \u2013 AACD\/SP. MBA em Gest\u00e3o Empresarial (FGV) FGV e MBA em Executivo Internacional (Ohio University). P\u00f3s-gradua\u00e7\u00e3o em Per\u00edcias M\u00e9dicas (IPOG) e em Ergonomia (SENAC\/SP). Especializa\u00e7\u00e3o em Higiene Industrial (Escola Polit\u00e9cnica USP). Ex-Presidente do Departamento de Medicina do Trabalho do Centro M\u00e9dico de RP\/SP. Ex-diretor e diretor adjunto das regionais da APMT\/SP (2016-2022). Ex-presidente da APMT\/SP (2022-2025).<\/p><\/blockquote>\n<p>&nbsp;<\/p>\n<blockquote><p><strong><img decoding=\"async\" class=\"wp-image-39078 size-full alignleft\" src=\"https:\/\/www.anamt.org.br\/portal\/wp-content\/uploads\/2025\/12\/ricardosebba.png\" alt=\"\" width=\"133\" height=\"200\" \/>Dr. Ricardo Sebba \u2013 Diretor Administrativo Adjunto<br \/>\n<\/strong><\/p>\n<p>M\u00e9dico pela Universidade Est\u00e1cio de S\u00e1 (RJ). Especialista em Medicina do Trabalho (ANAMT\/AMB). P\u00f3s Gradua\u00e7\u00e3o em Ginecologia\/Obstetr\u00edcia (Hospital Maternidade Carmela Dutra\/RJ). Ex-M\u00e9dico do Trabalho\/Coordenador operacional de sa\u00fade \u2013 Firjan; Gerente de sa\u00fade corporativa da FAPES\/BNDES; Respons\u00e1vel pela sa\u00fade corporativa na Light e Enel Green Power. Respons\u00e1vel pela Sa\u00fade Corporativa do Aeroporto RIOgale\u00e3o; Consultor em Sa\u00fade Corporativa da V.tal, NIO e da Beep Sa\u00fade; Diretor Cl\u00ednico da Cl\u00ednica San Charbel-RJ.<\/p><\/blockquote>\n<p>&nbsp;<\/p>\n<blockquote><p><strong><img decoding=\"async\" class=\"wp-image-39075 size-full alignleft\" src=\"https:\/\/www.anamt.org.br\/portal\/wp-content\/uploads\/2025\/12\/joyceferro.png\" alt=\"\" width=\"133\" height=\"200\" \/>Dra. Joyce Pessoa \u2013 Diretora Financeira<br \/>\n<\/strong><\/p>\n<p>M\u00e9dica pela Universidade do Rio de Janeiro (Unirio). P\u00f3s-gradua\u00e7\u00e3o em Medicina do Trabalho pela Faculdade S\u00e3o Camilo do Rio de Janeiro; em Valora\u00e7\u00e3o do Dano Corporal P\u00f3s-Traum\u00e1tico pela Universidade de Coimbra (Portugal); Est\u00e1gio em Dermatologia no Hospital Geral de Bras\u00edlia &#8211; Hospital do Ex\u00e9rcito Brasileiro. Especialista em Medicina do Trabalho pela ANAMT\/AMB e Especialista em Medicina Legal e Per\u00edcias M\u00e9dicas p\u00e9la ABMLPM\/AMB. M\u00e9dica do Trabalho da SEPLAD (Secretaria de Planejamento, Or\u00e7amento e Administra\u00e7\u00e3o do GDF); M\u00e9dica Perita da Junta M\u00e9dica Oficial do GDF.<\/p><\/blockquote>\n<p>&nbsp;<\/p>\n<blockquote><p><strong><img decoding=\"async\" class=\"wp-image-39075 size-full alignleft\" src=\"https:\/\/www.anamt.org.br\/portal\/wp-content\/uploads\/2025\/12\/rosaniaraujo.png\" alt=\"\" width=\"133\" height=\"200\" \/>Dra. Rosani de Ara\u00fajo \u2013 Diretora Financeira Adjunta<br \/>\n<\/strong><\/p>\n<p>M\u00e9dica pela Faculdade Federal de Ci\u00eancias M\u00e9dicas de Porto Alegre. Especialista em Medicina do Trabalho (ANAMT\/AMB) e em Medicina Legal e Per\u00edcia M\u00e9dica (ABMLPM\/AMB). MBA em Neg\u00f3cios em Sa\u00fade (Faculdade Unimed). P\u00f3s-Graduada em Medicina do Esporte (UCS). Vice-Presidente da ANAMT (2019-2022). Membro do Conselho Fiscal da ANAMT (2023\u20132025). Membro da Diretoria da SOGAMT (2012\u20132017). Presidente da SOGAMT (2018\u20132019). Conselheira da SOGAMT (2020 \u2013 atual). Presidente da ABMLPM\/RS (2012\u20132016). Tesoureira da ABMPM\/RS (2010\u20132012 e 2017 \u2013 atual). Vice-Presidente ABMLPM (2015-2018).<\/p><\/blockquote>\n<p>&nbsp;<\/p>\n<blockquote><p><img decoding=\"async\" class=\"wp-image-39880 size-full alignleft\" src=\"https:\/\/www.anamt.org.br\/portal\/wp-content\/uploads\/2025\/12\/ricardoturenko.png\" alt=\"\" width=\"133\" height=\"200\" \/><strong>Dr. Ricardo Turenko &#8211; Diretor Cient\u00edfico<br \/>\n<\/strong><\/p>\n<p>P\u00f3s-Graduado em Per\u00edcia M\u00e9dica \u2013 Ergonomista &#8211; M\u00e9dico do Trabalho, especialista pela ANAMT. Gerente S\u00eanior de Environment Health &amp; Safety da Samsung Eletr\u00f4nica da Amaz\u00f4nia. Membro da C\u00e2mara T\u00e9cnica de Medicina do Trabalho do CRM-AM. Coordenador da Comiss\u00e3o de Estudo Especial de Ergonomia \u2013 Antropometria e Biomec\u00e2nica (ABNT\/CEE-136) para a ABNT. Membro da EPMIES \u2013 Ergonomics International School, Mil\u00e3o-IT. Secret\u00e1rio Nacional do Brasil de 2022 a 2024 para a International Commission on Occupational Health \u2013 ICOH.<\/p><\/blockquote>\n<p>&nbsp;<\/p>\n<blockquote><p><img decoding=\"async\" class=\"wp-image-39880 size-full alignleft\" src=\"https:\/\/www.anamt.org.br\/portal\/wp-content\/uploads\/2025\/12\/rosylanerocha.png\" alt=\"\" width=\"133\" height=\"200\" \/><strong>Dra. Rosylane Rocha &#8211; Diretora Cient\u00edfica Adjunta<br \/>\n<\/strong><\/p>\n<p>M\u00e9dica pela UniRio. Cirurgi\u00e3 Geral. Especialista em Medicina do Trabalho. Especialista em Medicina Legal e Per\u00edcias M\u00e9dicas. P\u00f3s-gradua\u00e7\u00e3o em Valora\u00e7\u00e3o do Dano Corporal pela Universidade de Coimbra.\u00a0Doutoranda em Bio\u00e9tica pela Universidade do Porto. M\u00e9dica do Trabalho da Secretaria de Estado de Sa\u00fade do DF e Secretaria de Estado de Economia do DF.\u00a0M\u00e9dica Perita do TRT 10 e TJDFT. Supervisora do Programa de Resid\u00eancia em Medicina do Trabalho ESCS\/DF. Secret\u00e1ria Nacional da ICOH no Brasil. Presidente da ABRAMT. Conselheira Regional e Federal de Medicina.<\/p><\/blockquote>\n<p>&nbsp;<\/p>\n<blockquote><p><img decoding=\"async\" class=\"wp-image-39880 size-full alignleft\" src=\"https:\/\/www.anamt.org.br\/portal\/wp-content\/uploads\/2025\/12\/raffaello.png\" alt=\"\" width=\"133\" height=\"200\" \/><strong>Dr. Raffaello Popa di Bernardi &#8211; Comunica\u00e7\u00e3o e Marketing<br \/>\n<\/strong><\/p>\n<p>M\u00e9dico pela UFPR. Especialista em Medicina do Trabalho (ANAMT\/AMB). Especialista em Engenharia de Seguran\u00e7a do Trabalho (CAU). Especialista em Medicina Legal e Per\u00edcia M\u00e9dica (ABMLPM\/AMB). Mestre em Biologia Celular e Molecular (UFPR). Diretor Financeiro (2021-2022) e Presidente (2023-2024) da APAMT.<\/p>\n<p>&nbsp;<\/p><\/blockquote>\n<blockquote><p><strong><img decoding=\"async\" class=\"size-full wp-image-37771 alignleft\" src=\"https:\/\/www.anamt.org.br\/portal\/wp-content\/uploads\/2025\/11\/AMANT-0400-scaled.jpg\" alt=\"\" width=\"133\" height=\"200\" \/>Dra. Geiza Nu\u00f1ez &#8211; Diretora de Comunica\u00e7\u00e3o e Marketing Adjunta<br \/>\n<\/strong><\/p>\n<p>M\u00e9dica pela UFBA. Especialista em Medicina do Trabalho (ANAMT\/AMB). P\u00f3s-graduada em Pericias M\u00e9dicas pela Faculdade UNIMED. P\u00f3s-graduada em Ergonomia (FELUMA\/MG). Vice-Diretora Cient\u00edfica da SBMT. Membro da C\u00e2mara T\u00e9cnica de Medicina do Trabalho do CREMEB.<\/p>\n<p>&nbsp;<\/p><\/blockquote>\n<p>&nbsp;<\/p>\n<blockquote><p><strong><img decoding=\"async\" class=\"size-full wp-image-37771 alignleft\" src=\"https:\/\/www.anamt.org.br\/portal\/wp-content\/uploads\/2025\/12\/joaomarceloramalho.png\" alt=\"\" width=\"133\" height=\"200\" \/>Dr. Jo\u00e3o Marcelo Ramalho \u2013 Diretor de Rela\u00e7\u00f5es Internacionais<br \/>\n<\/strong><\/p>\n<p>M\u00e9dico pela UFCE. Especialista em Medicina do Trabalho (ANAMT\/AMB). Diretor Cient\u00edfico da ACEMT. Membro da Comiss\u00e3o da Prova de T\u00edtulo da ANAMT. ICOH &#8211; International Commission On Occupational Health Member.<\/p>\n<p>&nbsp;<\/p><\/blockquote>\n<p>&nbsp;<\/p>\n<p>&nbsp;<\/p>\n<blockquote><p><strong><img decoding=\"async\" class=\"wp-image-39088 size-full alignleft\" src=\"https:\/\/www.anamt.org.br\/portal\/wp-content\/uploads\/2025\/12\/gilvanacampos.png\" alt=\"\" width=\"133\" height=\"200\" \/><\/strong><\/p><\/blockquote>\n<blockquote><p><strong>Dra. Gilvana Campos \u2013 Diretora de Legisla\u00e7\u00e3o<br \/>\n<\/strong><\/p>\n<p>Graduada em Medicina pela Universidade Federal do Maranh\u00e3o. P\u00f3s-graduada em Per\u00edcias M\u00e9dicas, Medicina do Trabalho e Direito P\u00fablico. Especialista em Medicina Legal e Pericias M\u00e9dicas e em Medicina do Trabalho. M\u00e9dica do Trabalho da Subsecretaria de Seguran\u00e7a e Sa\u00fade no Trabalho &#8211; Secretaria de Estado de Planejamento, Or\u00e7amento e Gest\u00e3o do Distrito Federal, Advogada (OAB-DF). Doutoranda em Bio\u00e9tica \u2013 Universidade de Medicina do Porto (Portugal). Membro da C\u00e2mara T\u00e9cnica de Medicina Legal e Per\u00edcia M\u00e9dica do Conselho Federal de Medicina.<\/p><\/blockquote>\n<p>&nbsp;<\/p>\n<blockquote><p><strong><img decoding=\"async\" class=\"wp-image-37777 size-full alignleft\" src=\"https:\/\/www.anamt.org.br\/portal\/wp-content\/uploads\/2025\/12\/simoneassalie.png\" alt=\"\" width=\"133\" height=\"200\" \/>Dra. Simone Assalie \u2013 Diretora de \u00c9tica e Defesa Profissional<br \/>\n<\/strong><\/p>\n<p>M\u00e9dica pela UERJ (Universidade Estadual do Rio de Janeiro. M\u00e9dica do Trabalho e Otorrinolaringologista. Membro do Departamento de Doen\u00e7as Otorrinolaringol\u00f3gicas do Trabalho da ABORL-CCF. Vice-presidente sudeste da ANAMT (2019\/2022), M\u00e9dica do Trabalho Analista Pericial do Minist\u00e9rio P\u00fablico do Trabalho e M\u00e9dica Fiscal do CREMERJ.<\/p><\/blockquote>\n<p>&nbsp;<\/p>\n<blockquote><p><strong><img decoding=\"async\" class=\"wp-image-37777 size-full alignleft\" src=\"https:\/\/www.anamt.org.br\/portal\/wp-content\/uploads\/2025\/12\/marilurdesbarros.png\" alt=\"\" width=\"133\" height=\"200\" \/>Dra. Marilurdes Monteiro Barros \u2013 Diretora de T\u00edtulo de Especialista<br \/>\n<\/strong><\/p>\n<p>M\u00e9dica pela Universidade Federal de Alagoas. P\u00f3s-graduada em Sa\u00fade P\u00fablica, Medicina de Fam\u00edlia e Comunidade, Per\u00edcias M\u00e9dicas e Auditoria em Servi\u00e7os de Sa\u00fade. T\u00edtulo de Especialista em Medicina do Trabalho ANAMT\/AMB. Mestra em Pesquisa em Sa\u00fade. Ex-Servidora P\u00fablica da Secretaria de Estado da Sa\u00fade de Alagoas. Ex-Superintendente da Junta M\u00e9dica dos Servidores do Estado de Alagoas. Professora do Curso de Medicina do Centro Universit\u00e1rio Cesmac, Coordenadora da Comiss\u00e3o de Resid\u00eancia M\u00e9dica e Supervisora do Programa de Resid\u00eancia em Medicina do Trabalho do Centro Universit\u00e1rio Cesmac. Respons\u00e1vel pelo Programa de Controle M\u00e9dico e Sa\u00fade Ocupacional de Ind\u00fastria Aliment\u00edcia em Macei\u00f3.<\/p><\/blockquote>\n<p>&nbsp;<\/p>\n<blockquote><p><strong><img decoding=\"async\" class=\"wp-image-37777 size-full alignleft\" src=\"https:\/\/www.anamt.org.br\/portal\/wp-content\/uploads\/2025\/12\/andersonramos.png\" alt=\"\" width=\"133\" height=\"200\" \/>Dr. Anderson Grimminger Ramos \u2013 Diretor de Rela\u00e7\u00f5es Interinstitucionais<br \/>\n<\/strong><\/p>\n<p>M\u00e9dico pela PUCPR. Especialista em Medicina do Trabalho (ANAMT\/AMB). Secret\u00e1rio-Geral do CRMPR. Doutorando em Sa\u00fade P\u00fablica pela Universidad UCES (Argentina). P\u00f3s-gradua\u00e7\u00e3o e MBA em Auditoria M\u00e9dica. P\u00f3s Graduado na Uninter e Especializa\u00e7\u00e3o nos moldes de Resid\u00eancia M\u00e9dica em Geriatria pelo grupo Alian\u00e7a M\u00e9dica PUC\/PR (2010-2011). M\u00e9dico atuante no N\u00facleo de Apoio T\u00e9cnico ao Judici\u00e1rio no Tribunal de Justi\u00e7a do Paran\u00e1 (TJPR). M\u00e9dico Perito Judicial &#8211; Justi\u00e7a Federal Previdenci\u00e1ria.<\/p><\/blockquote>\n","protected":false},"excerpt":{"rendered":"<p>&nbsp; Dr. Luis Fernando Gagliardi \u2013 Diretor de Patrim\u00f4nio M\u00e9dico pela Pontif\u00edcia Universidade Cat\u00f3lica de Campinas. P\u00f3s-graduado em Gest\u00e3o em Sa\u00fade, Medicina do Trabalho, Medicina de tr\u00e1fego e Pericia M\u00e9dica. Curso em transtornos mentais relacionados ao trabalho. Especializa\u00e7\u00e3o em Ergonomia aplicada ao trabalho, Medicina do Trabalho e Medicina de tr\u00e1fego. Diretor de Divulga\u00e7\u00e3o da ANAMT [&hellip;]<\/p>\n","protected":false},"author":1,"featured_media":0,"parent":11996,"menu_order":0,"comment_status":"closed","ping_status":"closed","template":"","meta":{"footnotes":""},"_links":{"self":[{"href":"https:\/\/www.anamt.org.br\/portal\/wp-json\/wp\/v2\/pages\/12059"}],"collection":[{"href":"https:\/\/www.anamt.org.br\/portal\/wp-json\/wp\/v2\/pages"}],"about":[{"href":"https:\/\/www.anamt.org.br\/portal\/wp-json\/wp\/v2\/types\/page"}],"author":[{"embeddable":true,"href":"https:\/\/www.anamt.org.br\/portal\/wp-json\/wp\/v2\/users\/1"}],"replies":[{"embeddable":true,"href":"https:\/\/www.anamt.org.br\/portal\/wp-json\/wp\/v2\/comments?post=12059"}],"version-history":[{"count":2,"href":"https:\/\/www.anamt.org.br\/portal\/wp-json\/wp\/v2\/pages\/12059\/revisions"}],"predecessor-version":[{"id":53498,"href":"https:\/\/www.anamt.org.br\/portal\/wp-json\/wp\/v2\/pages\/12059\/revisions\/53498"}],"up":[{"embeddable":true,"href":"https:\/\/www.anamt.org.br\/portal\/wp-json\/wp\/v2\/pages\/11996"}],"wp:attachment":[{"href":"https:\/\/www.anamt.org.br\/portal\/wp-json\/wp\/v2\/media?parent=12059"}],"curies":[{"name":"wp","href":"https:\/\/api.w.org\/{rel}","templated":true}]}}