{"id":12021,"date":"2017-02-18T22:45:37","date_gmt":"2017-02-19T00:45:37","guid":{"rendered":"https:\/\/www.anamt.org.br\/portal\/?page_id=12021"},"modified":"2025-12-29T15:08:23","modified_gmt":"2025-12-29T18:08:23","slug":"vice-presidentes-das-regionais","status":"publish","type":"page","link":"https:\/\/www.anamt.org.br\/portal\/diretoria\/vice-presidentes-das-regionais\/","title":{"rendered":"Vice-presidentes das regionais"},"content":{"rendered":"<p>&nbsp;<\/p>\n<blockquote><p><strong><img decoding=\"async\" class=\"wp-image-39085 size-full alignleft\" src=\"https:\/\/www.anamt.org.br\/portal\/wp-content\/uploads\/2025\/12\/jenecruz.png\" alt=\"\" width=\"133\" height=\"200\" \/>Dra. Jene Greyce Oliveira da Cruz \u2013 Vice-Presidente Regi\u00e3o Norte<br \/>\n<\/strong><\/p>\n<p>M\u00e9dica pela UFAM. Especialista em Medicina do Trabalho (ANAMT\/AMB) e em Otorrinolaringologia (ABORL\/CCF). Doutora em Ci\u00eancias (USP). Mestre em Medicina e Sa\u00fade (UFBA). Docente do Curso de Medicina da Universidade Federal do Acre. Presidente da Associa\u00e7\u00e3o de Medicina do Trabalho &#8211; Federada Acre. 1\u00aa secret\u00e1ria da Associa\u00e7\u00e3o M\u00e9dica do Acre.<\/p><\/blockquote>\n<p>&nbsp;<\/p>\n<p>&nbsp;<\/p>\n<blockquote><p><strong><img decoding=\"async\" class=\"wp-image-39085 size-full alignleft\" src=\"https:\/\/www.anamt.org.br\/portal\/wp-content\/uploads\/2025\/12\/joaoanastaciodias2.png\" alt=\"\" width=\"133\" height=\"200\" \/>Dr. Jo\u00e3o Anast\u00e1cio Dias &#8211; Vice-Presidente Regi\u00e3o Centro-Oeste<br \/>\n<\/strong><\/p>\n<p>Especialista em Medicina Legal e Per\u00edcias M\u00e9dicas pela ABMLPM. Especialista em Medicina do Trabalho pela ANAMT. Perita Oficial da Justi\u00e7a C\u00edvel do Estado do RS. Perita Oficial da Justi\u00e7a Federal TRF 4\u00aa Regi\u00e3o. Assistente T\u00e9cnica em Per\u00edcias Trabalhistas e C\u00edveis. Diretora da Regulare Assessoria em Sa\u00fade. 1\u00aa Secret\u00e1ria da ABMLPM. Ex-presidente da ABMLPM-RS.<\/p><\/blockquote>\n<p>&nbsp;<\/p>\n<blockquote><p><strong><img decoding=\"async\" class=\"size-full wp-image-37768 alignleft\" src=\"https:\/\/www.anamt.org.br\/portal\/wp-content\/uploads\/2025\/12\/leonardosato-1.png\" alt=\"\" width=\"133\" height=\"200\" \/>Dr. Leonardo Sato \u2013 Vice-Presidente da Regi\u00e3o Sul<br \/>\n<\/strong><\/p>\n<p>M\u00e9dico pela PUC\/PR. Especialista em Medicina do Trabalho (ANAMT\/AMB). MBA em Gest\u00e3o de Sa\u00fade (FGV). Vice- Presidente Norte &#8211; ACAMT (2021-2023 e 2024-2026). Presidente do Departamento de Medicina do Trabalho da Sociedade Joinvilense de Medicina. Membro do N\u00facleo de Sa\u00fade e Seguran\u00e7a da Associa\u00e7\u00e3o Empresarial de Joinville. Perito Concursado (INSS).<\/p><\/blockquote>\n<p>&nbsp;<\/p>\n<p>&nbsp;<\/p>\n<blockquote><p><strong><img decoding=\"async\" class=\"wp-image-39074 size-full alignleft\" src=\"https:\/\/www.anamt.org.br\/portal\/wp-content\/uploads\/2025\/12\/leonardocabral.png\" alt=\"\" width=\"133\" height=\"200\" \/>Dr. Leonardo Cabral \u2013 Vice-Presidente da Regi\u00e3o Nordeste<br \/>\n<\/strong><\/p>\n<p>M\u00e9dico pelo Centro Universit\u00e1rio UniChristus (CE). Especialista em Medicina do Trabalho (ANAMT\/AMB). MBA em Gest\u00e3o de Sa\u00fade (FGV\/ RJ). P\u00f3s Gradua\u00e7\u00e3o em Ergonomia (UNIARA\/SP). Presidente da ACEMT (2020-2022 e 2023-2025). Diretor Administrativo Adjunto da ANAMT (2019-2025).<\/p><\/blockquote>\n<p>&nbsp;<\/p>\n<blockquote><p>&nbsp;<\/p>\n<p><img decoding=\"async\" class=\"wp-image-39081 size-full alignleft\" src=\"https:\/\/www.anamt.org.br\/portal\/wp-content\/uploads\/2019\/10\/FOTOS_Diretoria_ANAMT_2019_V15.jpg\" alt=\"\" width=\"133\" height=\"200\" \/><strong>Dr. Vin\u00edcio Moreira \u2013 Vice-Presidente Regi\u00e3o Sudeste<\/strong><\/p>\n<p>Especialista em Medicina Do Trabalho. Especialista em Cirurgia Geral M\u00e9dico Coordenador Corporativo do PCMSO nas empresas Magnesita Service\/ Itamb\u00e9\/ Sumitomo Riko Hose. Professor da P\u00f3s-Gradua\u00e7\u00e3o em Medicina do Trabalho da Faculdade de Ci\u00eancias M\u00e9dicas de Minas Gerais. Perito Judicial. Consultor da Prolavor Assessoria Ocupacional. Ex-presidente da AMIMT. Ex-diretor de Exerc\u00edcio Profissional, de Educa\u00e7\u00e3o Continuada e Financeiro da AMIMT. Diretor Cient\u00edfico da AMIMT. Ex-diretor de \u00c9tica e Defesa Profissional ANAMT.<\/p><\/blockquote>\n<p>&nbsp;<\/p>\n","protected":false},"excerpt":{"rendered":"<p>&nbsp; Dra. Jene Greyce Oliveira da Cruz \u2013 Vice-Presidente Regi\u00e3o Norte M\u00e9dica pela UFAM. Especialista em Medicina do Trabalho (ANAMT\/AMB) e em Otorrinolaringologia (ABORL\/CCF). Doutora em Ci\u00eancias (USP). Mestre em Medicina e Sa\u00fade (UFBA). Docente do Curso de Medicina da Universidade Federal do Acre. Presidente da Associa\u00e7\u00e3o de Medicina do Trabalho &#8211; Federada Acre. 1\u00aa [&hellip;]<\/p>\n","protected":false},"author":1,"featured_media":0,"parent":11996,"menu_order":0,"comment_status":"closed","ping_status":"closed","template":"","meta":{"footnotes":""},"_links":{"self":[{"href":"https:\/\/www.anamt.org.br\/portal\/wp-json\/wp\/v2\/pages\/12021"}],"collection":[{"href":"https:\/\/www.anamt.org.br\/portal\/wp-json\/wp\/v2\/pages"}],"about":[{"href":"https:\/\/www.anamt.org.br\/portal\/wp-json\/wp\/v2\/types\/page"}],"author":[{"embeddable":true,"href":"https:\/\/www.anamt.org.br\/portal\/wp-json\/wp\/v2\/users\/1"}],"replies":[{"embeddable":true,"href":"https:\/\/www.anamt.org.br\/portal\/wp-json\/wp\/v2\/comments?post=12021"}],"version-history":[{"count":2,"href":"https:\/\/www.anamt.org.br\/portal\/wp-json\/wp\/v2\/pages\/12021\/revisions"}],"predecessor-version":[{"id":53497,"href":"https:\/\/www.anamt.org.br\/portal\/wp-json\/wp\/v2\/pages\/12021\/revisions\/53497"}],"up":[{"embeddable":true,"href":"https:\/\/www.anamt.org.br\/portal\/wp-json\/wp\/v2\/pages\/11996"}],"wp:attachment":[{"href":"https:\/\/www.anamt.org.br\/portal\/wp-json\/wp\/v2\/media?parent=12021"}],"curies":[{"name":"wp","href":"https:\/\/api.w.org\/{rel}","templated":true}]}}