{"id":11970,"date":"2017-02-18T17:23:10","date_gmt":"2017-02-18T19:23:10","guid":{"rendered":"https:\/\/www.anamt.org.br\/portal\/?page_id=11970"},"modified":"2022-09-11T13:45:06","modified_gmt":"2022-09-11T16:45:06","slug":"sobre-a-anamt","status":"publish","type":"page","link":"https:\/\/www.anamt.org.br\/portal\/sobre-a-anamt\/","title":{"rendered":"Sobre a ANAMT"},"content":{"rendered":"<p>Fundada em 1968, a ANAMT \u00e9 uma sociedade civil de car\u00e1ter cient\u00edfico e profissional sem fins lucrativos. \u00c9 a maior associa\u00e7\u00e3o de M\u00e9dicos do Trabalho da Am\u00e9rica Latina, destinada a congregar e coordenar a atua\u00e7\u00e3o conjunta de profissionais interessados na promo\u00e7\u00e3o da sa\u00fade dos trabalhadores.<\/p>\n<p>Entre seus pilares fundamentais, est\u00e3o a defesa da sa\u00fade do trabalhador, o aprimoramento e a divulga\u00e7\u00e3o cient\u00edfica, a defesa e a valoriza\u00e7\u00e3o profissional, al\u00e9m da promo\u00e7\u00e3o da educa\u00e7\u00e3o continuada. A entidade organiza periodicamente eventos que discutem os principais assuntos ligados \u00e0 especialidade, como o F\u00f3rum Presen\u00e7a ANAMT,\u00a0 o Congresso Nacional da ANAMT, os semin\u00e1rios regionais e cursos presenciais e a dist\u00e2ncia.<\/p>\n<p>As <a href=\"https:\/\/www.anamt.org.br\/portal\/federadas-da-anamt\/\">27 federadas<\/a>, localizadas em todos os estados brasileiros, trabalham em conjunto com a ANAMT para disseminar as melhores pr\u00e1ticas da Medicina do Trabalho e a atualiza\u00e7\u00e3o profissional. As entidades regionais organizam eventos de car\u00e1ter educacional, como cursos de atualiza\u00e7\u00e3o, congressos e semin\u00e1rios, e disseminam as quest\u00f5es abordadas pela ANAMT para todo o Brasil.<\/p>\n<p>Para dar ainda mais visibilidade ao trabalho de promover a sa\u00fade e a seguran\u00e7a do trabalhador em um cen\u00e1rio internacional, a Associa\u00e7\u00e3o mant\u00e9m parcerias com importantes universidades, \u00f3rg\u00e3os p\u00fablicos e da sociedade civil pelo mundo (veja em <a href=\"https:\/\/www.anamt.org.br\/portal\/entidades-parceiras\/\"><em>Entidades parceiras<\/em><\/a>).<\/p>\n<h3>Miss\u00e3o<\/h3>\n<p>Agregar os M\u00e9dicos do Trabalho, proporcionando capacita\u00e7\u00e3o de excel\u00eancia em assist\u00eancia \u00e0 sa\u00fade do trabalhador, readapta\u00e7\u00e3o laboral e atuar na defesa profissional.<\/p>\n<h3>Vis\u00e3o<\/h3>\n<p>Ser refer\u00eancia em Sa\u00fade do Trabalhador (SST) por meio de uma associa\u00e7\u00e3o forte e representativa dos M\u00e9dicos do Trabalho, com express\u00e3o nacional e internacional.<\/p>\n<h3>Valores<\/h3>\n<ul>\n<li>\u00c9tica sem vi\u00e9s ideol\u00f3gico de qualquer natureza;<\/li>\n<li>Melhor evid\u00eancia cient\u00edfica;<\/li>\n<li>Respeito ao paciente trabalhador;<\/li>\n<li>Otimiza\u00e7\u00e3o de resultados;<\/li>\n<li>Mudan\u00e7a de paradigmas;<\/li>\n<li>Moderniza\u00e7\u00e3o e inova\u00e7\u00e3o;<\/li>\n<li>Uni\u00e3o e integralidade;<\/li>\n<li>Transpar\u00eancia;<\/li>\n<li>Orgulho de ser M\u00e9dico do Trabalho.<\/li>\n<\/ul>\n","protected":false},"excerpt":{"rendered":"<p>Fundada em 1968, a ANAMT \u00e9 uma sociedade civil de car\u00e1ter cient\u00edfico e profissional sem fins lucrativos. \u00c9 a maior associa\u00e7\u00e3o de M\u00e9dicos do Trabalho da Am\u00e9rica Latina, destinada a congregar e coordenar a atua\u00e7\u00e3o conjunta de profissionais interessados na promo\u00e7\u00e3o da sa\u00fade dos trabalhadores. Entre seus pilares fundamentais, est\u00e3o a defesa da sa\u00fade do [&hellip;]<\/p>\n","protected":false},"author":1,"featured_media":0,"parent":0,"menu_order":0,"comment_status":"closed","ping_status":"closed","template":"","meta":{"footnotes":""},"_links":{"self":[{"href":"https:\/\/www.anamt.org.br\/portal\/wp-json\/wp\/v2\/pages\/11970"}],"collection":[{"href":"https:\/\/www.anamt.org.br\/portal\/wp-json\/wp\/v2\/pages"}],"about":[{"href":"https:\/\/www.anamt.org.br\/portal\/wp-json\/wp\/v2\/types\/page"}],"author":[{"embeddable":true,"href":"https:\/\/www.anamt.org.br\/portal\/wp-json\/wp\/v2\/users\/1"}],"replies":[{"embeddable":true,"href":"https:\/\/www.anamt.org.br\/portal\/wp-json\/wp\/v2\/comments?post=11970"}],"version-history":[{"count":1,"href":"https:\/\/www.anamt.org.br\/portal\/wp-json\/wp\/v2\/pages\/11970\/revisions"}],"predecessor-version":[{"id":45876,"href":"https:\/\/www.anamt.org.br\/portal\/wp-json\/wp\/v2\/pages\/11970\/revisions\/45876"}],"wp:attachment":[{"href":"https:\/\/www.anamt.org.br\/portal\/wp-json\/wp\/v2\/media?parent=11970"}],"curies":[{"name":"wp","href":"https:\/\/api.w.org\/{rel}","templated":true}]}}