{"id":11955,"date":"2017-02-18T16:31:18","date_gmt":"2017-02-18T18:31:18","guid":{"rendered":"https:\/\/www.anamt.org.br\/portal\/?page_id=11955"},"modified":"2021-06-09T09:55:13","modified_gmt":"2021-06-09T12:55:13","slug":"legislacao","status":"publish","type":"page","link":"https:\/\/www.anamt.org.br\/portal\/legislacao\/","title":{"rendered":"Legisla\u00e7\u00e3o"},"content":{"rendered":"<ul>\n<li><a href=\"https:\/\/www.anamt.org.br\/portal\/legislacao\/leis\/\">Leis<\/a><\/li>\n<li><a href=\"https:\/\/www.anamt.org.br\/portal\/legislacao\/decretos\/\">Decretos<\/a><\/li>\n<li><a href=\"https:\/\/www.anamt.org.br\/portal\/legislacao\/instrucoes-normativas\/\">Instru\u00e7\u00f5es normativas<\/a><\/li>\n<li><a href=\"https:\/\/www.anamt.org.br\/portal\/legislacao\/normas-regulamentadoras\/\">Normas regulamentadoras<\/a><\/li>\n<li><a href=\"https:\/\/www.anamt.org.br\/portal\/legislacao\/outras-resolucoes\/\">Resolu\u00e7\u00f5es<\/a><\/li>\n<li><a href=\"https:\/\/www.anamt.org.br\/portal\/legislacao\/resolucoes-do-cfm\/\">Resolu\u00e7\u00f5es do CFM<\/a><\/li>\n<li><a href=\"https:\/\/www.anamt.org.br\/portal\/comissao-de-assuntos-parlamentares-da-anamt\/\" target=\"_blank\" rel=\"noopener\">Comiss\u00e3o de Assuntos Parlamentares da ANAMT<\/a><\/li>\n<\/ul>\n","protected":false},"excerpt":{"rendered":"<p>Leis Decretos Instru\u00e7\u00f5es normativas Normas regulamentadoras Resolu\u00e7\u00f5es Resolu\u00e7\u00f5es do CFM Comiss\u00e3o de Assuntos Parlamentares da ANAMT<\/p>\n","protected":false},"author":1,"featured_media":0,"parent":0,"menu_order":0,"comment_status":"closed","ping_status":"closed","template":"","meta":{"footnotes":""},"_links":{"self":[{"href":"https:\/\/www.anamt.org.br\/portal\/wp-json\/wp\/v2\/pages\/11955"}],"collection":[{"href":"https:\/\/www.anamt.org.br\/portal\/wp-json\/wp\/v2\/pages"}],"about":[{"href":"https:\/\/www.anamt.org.br\/portal\/wp-json\/wp\/v2\/types\/page"}],"author":[{"embeddable":true,"href":"https:\/\/www.anamt.org.br\/portal\/wp-json\/wp\/v2\/users\/1"}],"replies":[{"embeddable":true,"href":"https:\/\/www.anamt.org.br\/portal\/wp-json\/wp\/v2\/comments?post=11955"}],"version-history":[{"count":0,"href":"https:\/\/www.anamt.org.br\/portal\/wp-json\/wp\/v2\/pages\/11955\/revisions"}],"wp:attachment":[{"href":"https:\/\/www.anamt.org.br\/portal\/wp-json\/wp\/v2\/media?parent=11955"}],"curies":[{"name":"wp","href":"https:\/\/api.w.org\/{rel}","templated":true}]}}