{"id":11935,"date":"2017-02-16T17:28:50","date_gmt":"2017-02-16T19:28:50","guid":{"rendered":"https:\/\/www.anamt.org.br\/portal\/?page_id=11935"},"modified":"2024-02-09T10:21:22","modified_gmt":"2024-02-09T13:21:22","slug":"associacao-catarinense-de-medicina-do-trabalho-acamt","status":"publish","type":"page","link":"https:\/\/www.anamt.org.br\/portal\/federadas-da-anamt\/associacao-catarinense-de-medicina-do-trabalho-acamt\/","title":{"rendered":"Associa\u00e7\u00e3o Catarinense de Medicina do Trabalho (Acamt)"},"content":{"rendered":"<h5>Funda\u00e7\u00e3o<\/h5>\n<p>29 de mar\u00e7o de 1980<\/p>\n<h5>Diretoria da ACAMT<\/h5>\n<p>Gest\u00e3o: Tri\u00eanio 2023\/2026<\/p>\n<p><strong>Presidente<\/strong><br \/>\nDenise F\u00e1tima Brzozowski<\/p>\n<p><strong>Vice-presidente<\/strong><br \/>\nMariana de Oliveira Presado Macarini de Souza<\/p>\n<p><strong>1\u00aa Secret\u00e1ria<\/strong><br \/>\nAna Carolina de Oliveira Presado Nunes<\/p>\n<p><strong>2\u00aa Secret\u00e1rio<\/strong><br \/>\nDaniel Petkov<\/p>\n<p><strong>1\u00aa Tesoureira<\/strong><br \/>\nLilian Brillinger Novello<\/p>\n<p><strong>2\u00aa Tesoureira<\/strong><br \/>\nAna Maria Amorim Ribeiro<\/p>\n<p><strong>Diretora Cient\u00edfica<\/strong><br \/>\nElisa Margarete Gon\u00e7alves de Oliveira Martinez<\/p>\n<p><strong>Vice-presidentes Regionais<\/strong><\/p>\n<p><strong>Vice-presidente Norte<\/strong><br \/>\nLeonardo Costenaro Sato<\/p>\n<p><strong>Vice-presidente Oeste<\/strong><br \/>\nTabajara Cordeiro Vidal<\/p>\n<p><strong>Vice-presidente Vale do Itaja\u00ed<\/strong><br \/>\nSandro da Silva<\/p>\n<p><strong>Vice-presidente Sul<\/strong><br \/>\nJeanine Rovaris<\/p>\n<p><strong>Vice-presidente Planalto<\/strong><br \/>\nCarla Rejane Pereira Maurano<\/p>\n<p><strong>Conselho Fiscal Titular<\/strong><\/p>\n<p>Casimiro Pereira Junior<br \/>\nAlfredo Jorge Cherem<br \/>\nTatiana Rigotti<\/p>\n<p><strong>Conselho Fiscal Suplente<\/strong><\/p>\n<p>Miguel Artur Weber<br \/>\nDalton Nuernberg<br \/>\nPatr\u00edcia Bernardo de Figueiredo<\/p>\n<h5>Endere\u00e7o<\/h5>\n<p>Rodovia SC 401, KM 04, n\u00ba 3854<br \/>\nSaco Grande &#8211; Florian\u00f3polis &#8211; SC<br \/>\nCEP: 88032-005<\/p>\n<p>Telefone: (48) 3231-0334<br \/>\nSite: <a href=\"http:\/\/www.acm.org.br\/acamt\/\" target=\"_blank\" rel=\"noopener noreferrer\">http:\/\/www.acm.org.br\/acamt\/<\/a><br \/>\nE-mail: <a href=\"mailto:acamt@acm.org.br\">acamt@acm.org.br<\/a><\/p>\n","protected":false},"excerpt":{"rendered":"<p>Funda\u00e7\u00e3o 29 de mar\u00e7o de 1980 Diretoria da ACAMT Gest\u00e3o: Tri\u00eanio 2023\/2026 Presidente Denise F\u00e1tima Brzozowski Vice-presidente Mariana de Oliveira Presado Macarini de Souza 1\u00aa Secret\u00e1ria Ana Carolina de Oliveira Presado Nunes 2\u00aa Secret\u00e1rio Daniel Petkov 1\u00aa Tesoureira Lilian Brillinger Novello 2\u00aa Tesoureira Ana Maria Amorim Ribeiro Diretora Cient\u00edfica Elisa Margarete Gon\u00e7alves de Oliveira Martinez [&hellip;]<\/p>\n","protected":false},"author":1,"featured_media":0,"parent":11762,"menu_order":0,"comment_status":"closed","ping_status":"closed","template":"","meta":{"footnotes":""},"_links":{"self":[{"href":"https:\/\/www.anamt.org.br\/portal\/wp-json\/wp\/v2\/pages\/11935"}],"collection":[{"href":"https:\/\/www.anamt.org.br\/portal\/wp-json\/wp\/v2\/pages"}],"about":[{"href":"https:\/\/www.anamt.org.br\/portal\/wp-json\/wp\/v2\/types\/page"}],"author":[{"embeddable":true,"href":"https:\/\/www.anamt.org.br\/portal\/wp-json\/wp\/v2\/users\/1"}],"replies":[{"embeddable":true,"href":"https:\/\/www.anamt.org.br\/portal\/wp-json\/wp\/v2\/comments?post=11935"}],"version-history":[{"count":2,"href":"https:\/\/www.anamt.org.br\/portal\/wp-json\/wp\/v2\/pages\/11935\/revisions"}],"predecessor-version":[{"id":49568,"href":"https:\/\/www.anamt.org.br\/portal\/wp-json\/wp\/v2\/pages\/11935\/revisions\/49568"}],"up":[{"embeddable":true,"href":"https:\/\/www.anamt.org.br\/portal\/wp-json\/wp\/v2\/pages\/11762"}],"wp:attachment":[{"href":"https:\/\/www.anamt.org.br\/portal\/wp-json\/wp\/v2\/media?parent=11935"}],"curies":[{"name":"wp","href":"https:\/\/api.w.org\/{rel}","templated":true}]}}