{"id":11915,"date":"2017-02-15T17:17:16","date_gmt":"2017-02-15T19:17:16","guid":{"rendered":"https:\/\/www.anamt.org.br\/portal\/?page_id=11915"},"modified":"2025-07-29T17:13:55","modified_gmt":"2025-07-29T20:13:55","slug":"associacao-paulista-de-medicina-do-trabalho-apmt","status":"publish","type":"page","link":"https:\/\/www.anamt.org.br\/portal\/federadas-da-anamt\/associacao-paulista-de-medicina-do-trabalho-apmt\/","title":{"rendered":"Associa\u00e7\u00e3o Paulista de Medicina do Trabalho (APMT)"},"content":{"rendered":"<p>Presidente<br \/>\nDr. Alexander Buarque Costa Cardoso<\/p>\n<p>Vice-presidente<br \/>\nDr. Jo\u00e3o Silvestre da Silva J\u00fanior<\/p>\n<p>Diretora Administrativo\/Financeiro<br \/>\nDr. Leonardo Piovesan<\/p>\n<p>Diretora Administrativa\/Financeira Adjunta<br \/>\nDra. \u00c9lide Correia Cervantes<\/p>\n<p>Diretora Cient\u00edfica<br \/>\nDra. Adriana Jardim Arias Pereira<\/p>\n<p>Diretor Cient\u00edfico Adjunto<br \/>\nDr. Oct\u00e1vio Augusto Camilo de Oliveira<\/p>\n<p>Diretor de Comunica\u00e7\u00e3o<br \/>\nDr. Jos\u00e9 Miranda<\/p>\n<p>Diretora de Comunica\u00e7\u00e3o Adjunta<br \/>\nDra. Nathalia Caterina<\/p>\n<p>Diretor de Regionais<br \/>\nDr. Dem\u00e9trius Paiva Ar\u00e7ari<\/p>\n<p>Conselho Titular:<br \/>\nDra. Fl\u00e1via Souza e Silva de Almeida<br \/>\nDra. Edenilza Campos de Assis e Mendes<br \/>\nDr. Mario Bonciani<\/p>\n<p>Conselho Fiscal Suplente:<br \/>\nDr. Newton Dias Lara<br \/>\nDra. Maria de F\u00e1tima Tavares Ramos<br \/>\nDra. Regina Cristina Sabatier M. Leite<\/p>\n<p>Endere\u00e7o<br \/>\nAv. Brigadeiro Luiz Ant\u00f4nio, 278, 6\u00ba andar<br \/>\nCEP: 01318-901 \u2013 S\u00e3o Paulo \u2013 SP<\/p>\n<p>Tel.\/Fax: (11) 3107-7979<\/p>\n<p><strong>Site:<\/strong> <a href=\"https:\/\/apmtsp.org.br\/\" target=\"_blank\" rel=\"noopener\">https:\/\/apmtsp.org.br\/<\/a><\/p>\n","protected":false},"excerpt":{"rendered":"<p>Presidente Dr. Alexander Buarque Costa Cardoso Vice-presidente Dr. Jo\u00e3o Silvestre da Silva J\u00fanior Diretora Administrativo\/Financeiro Dr. Leonardo Piovesan Diretora Administrativa\/Financeira Adjunta Dra. \u00c9lide Correia Cervantes Diretora Cient\u00edfica Dra. Adriana Jardim Arias Pereira Diretor Cient\u00edfico Adjunto Dr. Oct\u00e1vio Augusto Camilo de Oliveira Diretor de Comunica\u00e7\u00e3o Dr. Jos\u00e9 Miranda Diretora de Comunica\u00e7\u00e3o Adjunta Dra. Nathalia Caterina Diretor [&hellip;]<\/p>\n","protected":false},"author":1,"featured_media":0,"parent":11762,"menu_order":0,"comment_status":"closed","ping_status":"closed","template":"","meta":{"footnotes":""},"_links":{"self":[{"href":"https:\/\/www.anamt.org.br\/portal\/wp-json\/wp\/v2\/pages\/11915"}],"collection":[{"href":"https:\/\/www.anamt.org.br\/portal\/wp-json\/wp\/v2\/pages"}],"about":[{"href":"https:\/\/www.anamt.org.br\/portal\/wp-json\/wp\/v2\/types\/page"}],"author":[{"embeddable":true,"href":"https:\/\/www.anamt.org.br\/portal\/wp-json\/wp\/v2\/users\/1"}],"replies":[{"embeddable":true,"href":"https:\/\/www.anamt.org.br\/portal\/wp-json\/wp\/v2\/comments?post=11915"}],"version-history":[{"count":2,"href":"https:\/\/www.anamt.org.br\/portal\/wp-json\/wp\/v2\/pages\/11915\/revisions"}],"predecessor-version":[{"id":52058,"href":"https:\/\/www.anamt.org.br\/portal\/wp-json\/wp\/v2\/pages\/11915\/revisions\/52058"}],"up":[{"embeddable":true,"href":"https:\/\/www.anamt.org.br\/portal\/wp-json\/wp\/v2\/pages\/11762"}],"wp:attachment":[{"href":"https:\/\/www.anamt.org.br\/portal\/wp-json\/wp\/v2\/media?parent=11915"}],"curies":[{"name":"wp","href":"https:\/\/api.w.org\/{rel}","templated":true}]}}