{"id":11909,"date":"2017-02-15T16:51:26","date_gmt":"2017-02-15T18:51:26","guid":{"rendered":"https:\/\/www.anamt.org.br\/portal\/?page_id=11909"},"modified":"2026-03-11T14:06:36","modified_gmt":"2026-03-11T17:06:36","slug":"associacao-brasileira-de-medicina-do-trabalho-abmt","status":"publish","type":"page","link":"https:\/\/www.anamt.org.br\/portal\/federadas-da-anamt\/associacao-brasileira-de-medicina-do-trabalho-abmt\/","title":{"rendered":"Associa\u00e7\u00e3o Brasileira de Medicina do Trabalho (ABMT)"},"content":{"rendered":"<h5>Ano de Funda\u00e7\u00e3o<\/h5>\n<p>1944<\/p>\n<h5>Gest\u00e3o 2022-2025<\/h5>\n<h5>Presidente<\/h5>\n<p>Dr. Gualter Nunes Maia<\/p>\n<h5>Diretora Administrativa<\/h5>\n<p>Dra. Georgia Saldanha de Souza<\/p>\n<h5>Diretor Financeiro<\/h5>\n<p>Dr. Ricardo Rodrigues da Cunha<\/p>\n<h5>Diretora T\u00e9cnico-Cient\u00edfica<\/h5>\n<p>Dra. Nadja de Sousa Ferreira<\/p>\n<h5>Diretor de Rela\u00e7\u00f5es Institucionais<\/h5>\n<p>Dr. Paulo Ant\u00f4nio de Paiva Rebelo<\/p>\n<h5>Adjuntos da Diretoria Executiva<\/h5>\n<p><strong>Financeira:<\/strong> Dra. Laura Maria Campelollo Martins<br \/>\n<strong>Rela\u00e7\u00f5es Institucionais:<\/strong> Dra. Monica Machado Martins Ferreira<\/p>\n<h5>Conselho Superior<\/h5>\n<p>Dra. Elisabeth Fialho Cantarelli<br \/>\nDra. Silvia Regina Fernandes Matheus<br \/>\nDra. Elizabeth Mota Schiavo<br \/>\nDr. Sandro Albertini dos Santos<br \/>\nDra. T\u00e1vira Tavares Sucupira<br \/>\nDr. Luiz Carlos Carnevalli<\/p>\n<h5>Adjuntos do Conselho Fiscal<\/h5>\n<p>Dra. Carla de Matos Queiros Saavedra<br \/>\nDra. Eliane Monteiro Raposo<\/p>\n<h5>Conselho Fiscal<\/h5>\n<p>Dr. Tomasso Di Martino<br \/>\nDra. Lumena Tereza Gandra<br \/>\nDr. Eduardo Leal Souto<\/p>\n<h5>Suplente do Conselho Fiscal<\/h5>\n<p>Dra. Vera L\u00facia Santos Nogueira Pinto<br \/>\nDra. Raquel Bruno Kalile<\/p>\n<h5>Conselho T\u00e9cnico-Cient\u00edfico<\/h5>\n<p>Dr. Jorge da Cunha Barbosa Leite<br \/>\nDra. Laura Maria de Povina Cavalcanti<br \/>\nDr. Augusto Paulo Marques Linhares Pinto<br \/>\nDr. Hugo Fraga Barbosa Leite<\/p>\n<h5><a href=\"https:\/\/www.anamt.org.br\/portal\/wp-content\/uploads\/2026\/03\/ATA-ELEICAO-DIRETORIA-JUL-2025-A-2028.pdf\">ATA ELEICAO DIRETORIA\u00a0 JUL 2025 A 2028<\/a><\/h5>\n<h5>Endere\u00e7o<\/h5>\n<p>Av. Almirante Barroso, 63, sala 301<br \/>\nCentro &#8211; Rio de Janeiro Cep: 20031-003<br \/>\nTelefones: (21) 2240-8519 \/ (21) 2240-8469<\/p>\n<p>E-mail: <a href=\"mailto:abmt@abmt.org.br\">abmt@abmt.org.br<\/a><\/p>\n<p>Site: <a href=\"http:\/\/www.abmt.org.br\" target=\"_blank\" rel=\"noopener noreferrer\">www.abmt.org.br<\/a><\/p>\n","protected":false},"excerpt":{"rendered":"<p>Ano de Funda\u00e7\u00e3o 1944 Gest\u00e3o 2022-2025 Presidente Dr. Gualter Nunes Maia Diretora Administrativa Dra. Georgia Saldanha de Souza Diretor Financeiro Dr. Ricardo Rodrigues da Cunha Diretora T\u00e9cnico-Cient\u00edfica Dra. Nadja de Sousa Ferreira Diretor de Rela\u00e7\u00f5es Institucionais Dr. Paulo Ant\u00f4nio de Paiva Rebelo Adjuntos da Diretoria Executiva Financeira: Dra. Laura Maria Campelollo Martins Rela\u00e7\u00f5es Institucionais: Dra. [&hellip;]<\/p>\n","protected":false},"author":1,"featured_media":0,"parent":11762,"menu_order":0,"comment_status":"closed","ping_status":"closed","template":"","meta":{"footnotes":""},"_links":{"self":[{"href":"https:\/\/www.anamt.org.br\/portal\/wp-json\/wp\/v2\/pages\/11909"}],"collection":[{"href":"https:\/\/www.anamt.org.br\/portal\/wp-json\/wp\/v2\/pages"}],"about":[{"href":"https:\/\/www.anamt.org.br\/portal\/wp-json\/wp\/v2\/types\/page"}],"author":[{"embeddable":true,"href":"https:\/\/www.anamt.org.br\/portal\/wp-json\/wp\/v2\/users\/1"}],"replies":[{"embeddable":true,"href":"https:\/\/www.anamt.org.br\/portal\/wp-json\/wp\/v2\/comments?post=11909"}],"version-history":[{"count":3,"href":"https:\/\/www.anamt.org.br\/portal\/wp-json\/wp\/v2\/pages\/11909\/revisions"}],"predecessor-version":[{"id":53643,"href":"https:\/\/www.anamt.org.br\/portal\/wp-json\/wp\/v2\/pages\/11909\/revisions\/53643"}],"up":[{"embeddable":true,"href":"https:\/\/www.anamt.org.br\/portal\/wp-json\/wp\/v2\/pages\/11762"}],"wp:attachment":[{"href":"https:\/\/www.anamt.org.br\/portal\/wp-json\/wp\/v2\/media?parent=11909"}],"curies":[{"name":"wp","href":"https:\/\/api.w.org\/{rel}","templated":true}]}}