{"id":11897,"date":"2017-02-15T16:05:10","date_gmt":"2017-02-15T18:05:10","guid":{"rendered":"https:\/\/www.anamt.org.br\/portal\/?page_id=11897"},"modified":"2023-11-28T15:19:56","modified_gmt":"2023-11-28T18:19:56","slug":"associacao-dos-medicos-do-trabalho-de-mato-grosso-do-sul-asmet","status":"publish","type":"page","link":"https:\/\/www.anamt.org.br\/portal\/federadas-da-anamt\/associacao-dos-medicos-do-trabalho-de-mato-grosso-do-sul-asmet\/","title":{"rendered":"Associa\u00e7\u00e3o dos M\u00e9dicos do Trabalho de Mato Grosso do Sul (ASMET MS)"},"content":{"rendered":"<h5>Per\u00edodo de Gest\u00e3o<\/h5>\n<p>2023 \/ 2025<\/p>\n<p>Presidente<br \/>\nDr. Alexandre de Abreu Lima<\/p>\n<p>Vice Presidente<br \/>\nDr. Alberto Cabral de Almeida<\/p>\n<p>Diretoria Administrativa<br \/>\nJo\u00e9 M\u00e1rcio Martins Faria<\/p>\n<p>Diretoria Administrativa Adjunto<br \/>\nEltes de Castro Paulino<\/p>\n<p>Diretoria Financeira<br \/>\nDra. Adriana Rossignoli Sato<\/p>\n<p>Diretoria Financeira Adjunta<br \/>\nDra. Paola Oliveira Cavalcante de Brito<\/p>\n<p>Diretoria de Rela\u00e7\u00f5es Institucionais<br \/>\nDr. Kamil Farah Said<\/p>\n<p>Diretoria S\u00f3cio Cultural<br \/>\nDr. Kamil Farah Said<\/p>\n<p>Conselho Fiscal &#8211; Titular<br \/>\nDr. Diogenes Jose de Carvalho<br \/>\nDr. Aldo Moacir Grande Filho<br \/>\nDr. Carlos Roberto Tognini<\/p>\n<p>Conselho Fiscal &#8211; Suplentes<br \/>\nDr. Daniel Henrique Mauro Pontes<br \/>\nDr. Delane da Silva Borges<br \/>\nDr. Rodrigo Hostalacio Arantes<\/p>\n<p>Endere\u00e7o: Avenida Desembargador Le\u00e3o Neto do Carmo 155; CEP 79037-100 &#8211; Jardim Veraneio<br \/>\nTelefone: 67 3327-4110<br \/>\nFundada em 16\/09\/2002<\/p>\n<p>Principais contatos:<\/p>\n<p>Alexandre Abreu 67 99224-9143<br \/>\nAdriana Sato 67 98183-1331<\/p>\n","protected":false},"excerpt":{"rendered":"<p>Per\u00edodo de Gest\u00e3o 2023 \/ 2025 Presidente Dr. Alexandre de Abreu Lima Vice Presidente Dr. Alberto Cabral de Almeida Diretoria Administrativa Jo\u00e9 M\u00e1rcio Martins Faria Diretoria Administrativa Adjunto Eltes de Castro Paulino Diretoria Financeira Dra. Adriana Rossignoli Sato Diretoria Financeira Adjunta Dra. Paola Oliveira Cavalcante de Brito Diretoria de Rela\u00e7\u00f5es Institucionais Dr. Kamil Farah Said [&hellip;]<\/p>\n","protected":false},"author":1,"featured_media":0,"parent":11762,"menu_order":0,"comment_status":"closed","ping_status":"closed","template":"","meta":{"footnotes":""},"_links":{"self":[{"href":"https:\/\/www.anamt.org.br\/portal\/wp-json\/wp\/v2\/pages\/11897"}],"collection":[{"href":"https:\/\/www.anamt.org.br\/portal\/wp-json\/wp\/v2\/pages"}],"about":[{"href":"https:\/\/www.anamt.org.br\/portal\/wp-json\/wp\/v2\/types\/page"}],"author":[{"embeddable":true,"href":"https:\/\/www.anamt.org.br\/portal\/wp-json\/wp\/v2\/users\/1"}],"replies":[{"embeddable":true,"href":"https:\/\/www.anamt.org.br\/portal\/wp-json\/wp\/v2\/comments?post=11897"}],"version-history":[{"count":3,"href":"https:\/\/www.anamt.org.br\/portal\/wp-json\/wp\/v2\/pages\/11897\/revisions"}],"predecessor-version":[{"id":48734,"href":"https:\/\/www.anamt.org.br\/portal\/wp-json\/wp\/v2\/pages\/11897\/revisions\/48734"}],"up":[{"embeddable":true,"href":"https:\/\/www.anamt.org.br\/portal\/wp-json\/wp\/v2\/pages\/11762"}],"wp:attachment":[{"href":"https:\/\/www.anamt.org.br\/portal\/wp-json\/wp\/v2\/media?parent=11897"}],"curies":[{"name":"wp","href":"https:\/\/api.w.org\/{rel}","templated":true}]}}