{"id":11890,"date":"2017-02-15T14:42:52","date_gmt":"2017-02-15T16:42:52","guid":{"rendered":"https:\/\/www.anamt.org.br\/portal\/?page_id=11890"},"modified":"2019-09-27T17:05:18","modified_gmt":"2019-09-27T20:05:18","slug":"associacao-mato-grossense-de-medicina-do-trabalho-amant","status":"publish","type":"page","link":"https:\/\/www.anamt.org.br\/portal\/federadas-da-anamt\/associacao-mato-grossense-de-medicina-do-trabalho-amant\/","title":{"rendered":"Associa\u00e7\u00e3o Mato Grossense de Medicina do Trabalho (Amant)"},"content":{"rendered":"\t\t\t\t\t<script type=\"text\/javascript\">\n\t\t\t\t\t\tvar map_fusion_map_69ec9aefcb458;\n\t\t\t\t\t\tvar markers = [];\n\t\t\t\t\t\tvar counter = 0;\n\t\t\t\t\t\t\t\t\t\t\t\t\t\t\t\t\t\t\t\tvar fusionMapNonce = 'b3dc660aee';\n\t\t\t\t\t\t\t\t\t\t\t\tfunction fusion_run_map_fusion_map_69ec9aefcb458() {\n\t\t\t\t\t\t\tjQuery('#fusion_map_69ec9aefcb458').fusion_maps({\n\t\t\t\t\t\t\t\taddresses: [{\"address\":\"Rua 24 de outubro, 950 - Goiabeiras - 78045-740 - Cuiab\\u00e1 \\\/MT\",\"infobox_content\":\"Rua 24 de outubro, 950 - Goiabeiras \\\/ Cuiab\\u00e1-MT, CEP:78045-740\",\"marker\":\"https:\\\/\\\/www.anamt.org.br\\\/portal\\\/wp-content\\\/plugins\\\/fusion-builder\\\/images\\\/avada_map_marker.png\",\"coordinates\":false,\"cache\":true,\"latitude\":\"-15.5917387\",\"longitude\":\"-56.105517599999985\"}],\n\t\t\t\t\t\t\t\tanimations: false,\n\t\t\t\t\t\t\t\tinfobox_background_color: '#227374',\n\t\t\t\t\t\t\t\tinfobox_styling: 'custom',\n\t\t\t\t\t\t\t\tinfobox_text_color: '#fffff',\n\t\t\t\t\t\t\t\tmap_style: 'custom',\n\t\t\t\t\t\t\t\tmap_type: 'roadmap',\n\t\t\t\t\t\t\t\tmarker_icon: 'theme',\n\t\t\t\t\t\t\t\toverlay_color: '#41bfc2',\n\t\t\t\t\t\t\t\toverlay_color_hsl: {\"hue\":181,\"sat\":51,\"lum\":51},\n\t\t\t\t\t\t\t\tpan_control: true,\n\t\t\t\t\t\t\t\tshow_address: true,\n\t\t\t\t\t\t\t\tscale_control: true,\n\t\t\t\t\t\t\t\tscrollwheel: false,\n\t\t\t\t\t\t\t\tzoom: 16,\n\t\t\t\t\t\t\t\tzoom_control: true,\n\t\t\t\t\t\t\t});\n\t\t\t\t\t\t}\n\n\t\t\t\t\t\tgoogle.maps.event.addDomListener(window, 'load', fusion_run_map_fusion_map_69ec9aefcb458);\n\t\t\t\t\t<\/script>\n\t\t\t\t\t<div class=\"shortcode-map fusion-google-map fusion-maps-js-type\" style=\"--awb-height:200px;\" id=\"fusion_map_69ec9aefcb458\"><\/div>\n<h5>Data de Funda\u00e7\u00e3o<\/h5>\n<p>28 de setembro de 1995<\/p>\n<h5>Federada em processo de reestrutura\u00e7\u00e3o<\/h5>\n<h5>Endere\u00e7o<\/h5>\n<p>Rua 24 de outubro, 950 &#8211; Goiabeiras &#8211; 78045-740 &#8211; Cuiab\u00e1 \/MT<br \/>\nTelefax: (65) 3623-1696<\/p>\n<p><strong>E-mail:<\/strong> <a href=\"mailto:imocmt@terra.com.br\">imocmt@terra.com.br<\/a><\/p>\n","protected":false},"excerpt":{"rendered":"<p>Data de Funda\u00e7\u00e3o 28 de setembro de 1995 Federada em processo de reestrutura\u00e7\u00e3o Endere\u00e7o Rua 24 de outubro, 950 &#8211; Goiabeiras &#8211; 78045-740 &#8211; Cuiab\u00e1 \/MT Telefax: (65) 3623-1696 E-mail: imocmt@terra.com.br<\/p>\n","protected":false},"author":1,"featured_media":0,"parent":11762,"menu_order":0,"comment_status":"closed","ping_status":"closed","template":"","meta":{"footnotes":""},"_links":{"self":[{"href":"https:\/\/www.anamt.org.br\/portal\/wp-json\/wp\/v2\/pages\/11890"}],"collection":[{"href":"https:\/\/www.anamt.org.br\/portal\/wp-json\/wp\/v2\/pages"}],"about":[{"href":"https:\/\/www.anamt.org.br\/portal\/wp-json\/wp\/v2\/types\/page"}],"author":[{"embeddable":true,"href":"https:\/\/www.anamt.org.br\/portal\/wp-json\/wp\/v2\/users\/1"}],"replies":[{"embeddable":true,"href":"https:\/\/www.anamt.org.br\/portal\/wp-json\/wp\/v2\/comments?post=11890"}],"version-history":[{"count":0,"href":"https:\/\/www.anamt.org.br\/portal\/wp-json\/wp\/v2\/pages\/11890\/revisions"}],"up":[{"embeddable":true,"href":"https:\/\/www.anamt.org.br\/portal\/wp-json\/wp\/v2\/pages\/11762"}],"wp:attachment":[{"href":"https:\/\/www.anamt.org.br\/portal\/wp-json\/wp\/v2\/media?parent=11890"}],"curies":[{"name":"wp","href":"https:\/\/api.w.org\/{rel}","templated":true}]}}