{"id":11877,"date":"2017-02-15T13:54:50","date_gmt":"2017-02-15T15:54:50","guid":{"rendered":"https:\/\/www.anamt.org.br\/portal\/?page_id=11877"},"modified":"2019-09-27T16:49:21","modified_gmt":"2019-09-27T19:49:21","slug":"associacao-norte-riograndense-de-medicina-do-trabalho-anamtrn","status":"publish","type":"page","link":"https:\/\/www.anamt.org.br\/portal\/federadas-da-anamt\/associacao-norte-riograndense-de-medicina-do-trabalho-anamtrn\/","title":{"rendered":"Associa\u00e7\u00e3o Norte Riograndense de Medicina do Trabalho (Anamt\/RN)"},"content":{"rendered":"\t\t\t\t\t<script type=\"text\/javascript\">\n\t\t\t\t\t\tvar map_fusion_map_69ec9ae416a15;\n\t\t\t\t\t\tvar markers = [];\n\t\t\t\t\t\tvar counter = 0;\n\t\t\t\t\t\t\t\t\t\t\t\t\t\t\t\t\t\t\t\tvar fusionMapNonce = 'b3dc660aee';\n\t\t\t\t\t\t\t\t\t\t\t\tfunction fusion_run_map_fusion_map_69ec9ae416a15() {\n\t\t\t\t\t\t\tjQuery('#fusion_map_69ec9ae416a15').fusion_maps({\n\t\t\t\t\t\t\t\taddresses: [{\"address\":\"Rua Maria Quit\\u00e9ria 3573, Candel\\u00e1ria - Natal\",\"infobox_content\":\"Rua Maria Quit\\u00e9ria, 3573, Candel\\u00e1ria - Natal \\\/ CEP: 90610-001\",\"marker\":\"https:\\\/\\\/www.anamt.org.br\\\/portal\\\/wp-content\\\/plugins\\\/fusion-builder\\\/images\\\/avada_map_marker.png\",\"coordinates\":false,\"cache\":true,\"latitude\":\"-5.8423129\",\"longitude\":\"-35.21587150000005\"}],\n\t\t\t\t\t\t\t\tanimations: false,\n\t\t\t\t\t\t\t\tinfobox_background_color: '#227374',\n\t\t\t\t\t\t\t\tinfobox_styling: 'custom',\n\t\t\t\t\t\t\t\tinfobox_text_color: '#fffff',\n\t\t\t\t\t\t\t\tmap_style: 'custom',\n\t\t\t\t\t\t\t\tmap_type: 'roadmap',\n\t\t\t\t\t\t\t\tmarker_icon: 'theme',\n\t\t\t\t\t\t\t\toverlay_color: '#41bfc2',\n\t\t\t\t\t\t\t\toverlay_color_hsl: {\"hue\":181,\"sat\":51,\"lum\":51},\n\t\t\t\t\t\t\t\tpan_control: true,\n\t\t\t\t\t\t\t\tshow_address: true,\n\t\t\t\t\t\t\t\tscale_control: true,\n\t\t\t\t\t\t\t\tscrollwheel: false,\n\t\t\t\t\t\t\t\tzoom: 16,\n\t\t\t\t\t\t\t\tzoom_control: true,\n\t\t\t\t\t\t\t});\n\t\t\t\t\t\t}\n\n\t\t\t\t\t\tgoogle.maps.event.addDomListener(window, 'load', fusion_run_map_fusion_map_69ec9ae416a15);\n\t\t\t\t\t<\/script>\n\t\t\t\t\t<div class=\"shortcode-map fusion-google-map fusion-maps-js-type\" style=\"--awb-height:200px;\" id=\"fusion_map_69ec9ae416a15\"><\/div>\n<h5>Federada em processo de reestrutura\u00e7\u00e3o<\/h5>\n<h5>Endere\u00e7o<\/h5>\n<p>Rua Maria Quit\u00e9ria, 3573, Candel\u00e1ria &#8211; Natal<br \/>\nCEP: 90610-001<br \/>\n<strong>E-mail:<\/strong> <a href=\"mailto:juliaothadeu@uol.com.br\">juliaothadeu@uol.com.br<\/a><\/p>\n","protected":false},"excerpt":{"rendered":"<p>Federada em processo de reestrutura\u00e7\u00e3o Endere\u00e7o Rua Maria Quit\u00e9ria, 3573, Candel\u00e1ria &#8211; Natal CEP: 90610-001 E-mail: juliaothadeu@uol.com.br<\/p>\n","protected":false},"author":1,"featured_media":0,"parent":11762,"menu_order":0,"comment_status":"closed","ping_status":"closed","template":"","meta":{"footnotes":""},"_links":{"self":[{"href":"https:\/\/www.anamt.org.br\/portal\/wp-json\/wp\/v2\/pages\/11877"}],"collection":[{"href":"https:\/\/www.anamt.org.br\/portal\/wp-json\/wp\/v2\/pages"}],"about":[{"href":"https:\/\/www.anamt.org.br\/portal\/wp-json\/wp\/v2\/types\/page"}],"author":[{"embeddable":true,"href":"https:\/\/www.anamt.org.br\/portal\/wp-json\/wp\/v2\/users\/1"}],"replies":[{"embeddable":true,"href":"https:\/\/www.anamt.org.br\/portal\/wp-json\/wp\/v2\/comments?post=11877"}],"version-history":[{"count":0,"href":"https:\/\/www.anamt.org.br\/portal\/wp-json\/wp\/v2\/pages\/11877\/revisions"}],"up":[{"embeddable":true,"href":"https:\/\/www.anamt.org.br\/portal\/wp-json\/wp\/v2\/pages\/11762"}],"wp:attachment":[{"href":"https:\/\/www.anamt.org.br\/portal\/wp-json\/wp\/v2\/media?parent=11877"}],"curies":[{"name":"wp","href":"https:\/\/api.w.org\/{rel}","templated":true}]}}