{"id":11843,"date":"2017-02-15T11:06:02","date_gmt":"2017-02-15T13:06:02","guid":{"rendered":"https:\/\/www.anamt.org.br\/portal\/?page_id=11843"},"modified":"2019-12-02T14:36:38","modified_gmt":"2019-12-02T17:36:38","slug":"sociedade-bahiana-de-medicina-do-trabalho-sbamt","status":"publish","type":"page","link":"https:\/\/www.anamt.org.br\/portal\/federadas-da-anamt\/sociedade-bahiana-de-medicina-do-trabalho-sbamt\/","title":{"rendered":"Sociedade Bahiana de Medicina do Trabalho (SBAMT)"},"content":{"rendered":"\t\t\t\t\t<script type=\"text\/javascript\">\n\t\t\t\t\t\tvar map_fusion_map_69ec9af0d6e0b;\n\t\t\t\t\t\tvar markers = [];\n\t\t\t\t\t\tvar counter = 0;\n\t\t\t\t\t\t\t\t\t\t\t\t\t\t\t\t\t\t\t\tvar fusionMapNonce = 'b3dc660aee';\n\t\t\t\t\t\t\t\t\t\t\t\tfunction fusion_run_map_fusion_map_69ec9af0d6e0b() {\n\t\t\t\t\t\t\tjQuery('#fusion_map_69ec9af0d6e0b').fusion_maps({\n\t\t\t\t\t\t\t\taddresses: [{\"address\":\"Rua Baependi, 162 Ondina - Salvador - BA 41.170-070\",\"infobox_content\":\"Rua Baependi, 162, 3\\u00ba Andar, Sala 309<br \\\/>\\nOndina - Salvador - BA \\\/ CEP: 41.170-070\",\"marker\":\"https:\\\/\\\/www.anamt.org.br\\\/portal\\\/wp-content\\\/plugins\\\/fusion-builder\\\/images\\\/avada_map_marker.png\",\"coordinates\":false,\"cache\":true,\"latitude\":\"-13.009045\",\"longitude\":\"-38.510188700000015\"}],\n\t\t\t\t\t\t\t\tanimations: false,\n\t\t\t\t\t\t\t\tinfobox_background_color: '#227374',\n\t\t\t\t\t\t\t\tinfobox_styling: 'custom',\n\t\t\t\t\t\t\t\tinfobox_text_color: '#fffff',\n\t\t\t\t\t\t\t\tmap_style: 'custom',\n\t\t\t\t\t\t\t\tmap_type: 'roadmap',\n\t\t\t\t\t\t\t\tmarker_icon: 'theme',\n\t\t\t\t\t\t\t\toverlay_color: '#41bfc2',\n\t\t\t\t\t\t\t\toverlay_color_hsl: {\"hue\":181,\"sat\":51,\"lum\":51},\n\t\t\t\t\t\t\t\tpan_control: true,\n\t\t\t\t\t\t\t\tshow_address: true,\n\t\t\t\t\t\t\t\tscale_control: true,\n\t\t\t\t\t\t\t\tscrollwheel: false,\n\t\t\t\t\t\t\t\tzoom: 16,\n\t\t\t\t\t\t\t\tzoom_control: true,\n\t\t\t\t\t\t\t});\n\t\t\t\t\t\t}\n\n\t\t\t\t\t\tgoogle.maps.event.addDomListener(window, 'load', fusion_run_map_fusion_map_69ec9af0d6e0b);\n\t\t\t\t\t<\/script>\n\t\t\t\t\t<div class=\"shortcode-map fusion-google-map fusion-maps-js-type\" style=\"--awb-height:200px;\" id=\"fusion_map_69ec9af0d6e0b\"><\/div>\n<h5>Data de Funda\u00e7\u00e3o<\/h5>\n<p>7 de junho de 1974<\/p>\n<h5>Gest\u00e3o<\/h5>\n<p>2017-2019<\/p>\n<h5>Presidente<\/h5>\n<p>Dr. Augusto Di Tullio Santos Reis<\/p>\n<h5>Vice-Presidente<\/h5>\n<p>Dr. Emerson Jos\u00e9 Moreira de Oliveira<\/p>\n<h5>Tesoureiro<\/h5>\n<p>Dr. Jos\u00e9 Carlos Duarte Ribeiro<\/p>\n<h5>Vice Diretor Tesoureiro<\/h5>\n<p>Dra. Liane P\u00f3voas Garcez de Aguiar<\/p>\n<h5>Diretor de Secretaria<\/h5>\n<p>Dr. Luiz Carlos Alcaya da Silva<\/p>\n<h5>Vice Diretor de Secretaria<\/h5>\n<p>Dr. Paulo Marcelo de Oliveira Barbosa<\/p>\n<h5>Diretor Cient\u00edfico<\/h5>\n<p>Dr. Carlos Fernando de S\u00e1 Santana<\/p>\n<h5>Diretor de Rela\u00e7\u00f5es Institucionais<\/h5>\n<p>Dr. Eduardo Atonio Jesuino dos Santos<\/p>\n<h5>Vice Diretora de Rela\u00e7\u00f5es Institucionais<\/h5>\n<p>Dra. Cristina de S\u00e1 Pacheco Rocha<\/p>\n<h5>Diretor de \u00c9tica<\/h5>\n<p>Dr. Jos\u00e9 Carlos Petronilo Passos Souza<\/p>\n<h5>Vice Diretor de \u00c9tica<\/h5>\n<p>Dr. Edelmiro Francisco dos Santos<\/p>\n<h5>Diretora de Defesa Profissional<\/h5>\n<p>Dra. Maria Rita Pinheiro<\/p>\n<h5>Vice Diretor de Defesa Profissional<\/h5>\n<p>Dr. Newton Augusto Novis de Figueiredo<\/p>\n<h5>Conselho Fiscal<\/h5>\n<p>Dr. Enadio da Costa Moraes Filho<br \/>\nDr. Helton de Souza Rosa<br \/>\nDr. William de Carvalho Regis<\/p>\n<h5>Endere\u00e7o<\/h5>\n<p>Rua Baependi,\u00a0162, 3\u00ba Andar, Sala 309<br \/>\nOndina &#8211; Salvador &#8211; BA<br \/>\nCEP: 41.170-070<br \/>\nFone: (71) 3649-5127 \/ 2104-4518<\/p>\n<p><strong>E-mail: <\/strong><a href=\"mailto:secretaria.sbamt@gmail.com\">secretaria.sbamt@gmail.com<\/a><\/p>\n<p><strong>Site:<\/strong> <a href=\"http:\/\/www.sbamt.org.br\/\">www.sbamt.org.br<\/a><\/p>\n","protected":false},"excerpt":{"rendered":"<p>Data de Funda\u00e7\u00e3o 7 de junho de 1974 Gest\u00e3o 2017-2019 Presidente Dr. Augusto Di Tullio Santos Reis Vice-Presidente Dr. Emerson Jos\u00e9 Moreira de Oliveira Tesoureiro Dr. Jos\u00e9 Carlos Duarte Ribeiro Vice Diretor Tesoureiro Dra. Liane P\u00f3voas Garcez de Aguiar Diretor de Secretaria Dr. Luiz Carlos Alcaya da Silva Vice Diretor de Secretaria Dr. Paulo Marcelo [&hellip;]<\/p>\n","protected":false},"author":1,"featured_media":0,"parent":11762,"menu_order":0,"comment_status":"closed","ping_status":"closed","template":"","meta":{"footnotes":""},"_links":{"self":[{"href":"https:\/\/www.anamt.org.br\/portal\/wp-json\/wp\/v2\/pages\/11843"}],"collection":[{"href":"https:\/\/www.anamt.org.br\/portal\/wp-json\/wp\/v2\/pages"}],"about":[{"href":"https:\/\/www.anamt.org.br\/portal\/wp-json\/wp\/v2\/types\/page"}],"author":[{"embeddable":true,"href":"https:\/\/www.anamt.org.br\/portal\/wp-json\/wp\/v2\/users\/1"}],"replies":[{"embeddable":true,"href":"https:\/\/www.anamt.org.br\/portal\/wp-json\/wp\/v2\/comments?post=11843"}],"version-history":[{"count":0,"href":"https:\/\/www.anamt.org.br\/portal\/wp-json\/wp\/v2\/pages\/11843\/revisions"}],"up":[{"embeddable":true,"href":"https:\/\/www.anamt.org.br\/portal\/wp-json\/wp\/v2\/pages\/11762"}],"wp:attachment":[{"href":"https:\/\/www.anamt.org.br\/portal\/wp-json\/wp\/v2\/media?parent=11843"}],"curies":[{"name":"wp","href":"https:\/\/api.w.org\/{rel}","templated":true}]}}