{"id":11839,"date":"2017-02-15T10:40:07","date_gmt":"2017-02-15T12:40:07","guid":{"rendered":"https:\/\/www.anamt.org.br\/portal\/?page_id=11839"},"modified":"2019-12-02T14:34:45","modified_gmt":"2019-12-02T17:34:45","slug":"associacao-alagoana-de-medicina-do-trabalho-almet","status":"publish","type":"page","link":"https:\/\/www.anamt.org.br\/portal\/federadas-da-anamt\/associacao-alagoana-de-medicina-do-trabalho-almet\/","title":{"rendered":"Associa\u00e7\u00e3o Alagoana de Medicina do Trabalho (ALMET)"},"content":{"rendered":"\t\t\t\t\t<script type=\"text\/javascript\">\n\t\t\t\t\t\tvar map_fusion_map_69ecae30e389d;\n\t\t\t\t\t\tvar markers = [];\n\t\t\t\t\t\tvar counter = 0;\n\t\t\t\t\t\t\t\t\t\t\t\t\t\t\t\t\t\t\t\tvar fusionMapNonce = '850aabf2fe';\n\t\t\t\t\t\t\t\t\t\t\t\tfunction fusion_run_map_fusion_map_69ecae30e389d() {\n\t\t\t\t\t\t\tjQuery('#fusion_map_69ecae30e389d').fusion_maps({\n\t\t\t\t\t\t\t\taddresses: [{\"address\":\"Av. Paulina Maria Mendon\\u00e7a, 310 Mangabeiras - Macei\\u00f3 - AL CEP: 57.037-110\",\"infobox_content\":\"Av. Paulina Maria Mendon\\u00e7a 310 \\\/ 501. Mangabeiras - Macei\\u00f3 - AL \\\/ CEP: 57.037-110\",\"marker\":\"https:\\\/\\\/www.anamt.org.br\\\/portal\\\/wp-content\\\/plugins\\\/fusion-builder\\\/images\\\/avada_map_marker.png\",\"coordinates\":false,\"cache\":true,\"latitude\":\"-9.6443151\",\"longitude\":\"-35.709055000000035\"}],\n\t\t\t\t\t\t\t\tanimations: false,\n\t\t\t\t\t\t\t\tinfobox_background_color: '#227374',\n\t\t\t\t\t\t\t\tinfobox_styling: 'custom',\n\t\t\t\t\t\t\t\tinfobox_text_color: '#fffff',\n\t\t\t\t\t\t\t\tmap_style: 'custom',\n\t\t\t\t\t\t\t\tmap_type: 'roadmap',\n\t\t\t\t\t\t\t\tmarker_icon: 'theme',\n\t\t\t\t\t\t\t\toverlay_color: '#41bfc2',\n\t\t\t\t\t\t\t\toverlay_color_hsl: {\"hue\":181,\"sat\":51,\"lum\":51},\n\t\t\t\t\t\t\t\tpan_control: true,\n\t\t\t\t\t\t\t\tshow_address: true,\n\t\t\t\t\t\t\t\tscale_control: true,\n\t\t\t\t\t\t\t\tscrollwheel: false,\n\t\t\t\t\t\t\t\tzoom: 16,\n\t\t\t\t\t\t\t\tzoom_control: true,\n\t\t\t\t\t\t\t});\n\t\t\t\t\t\t}\n\n\t\t\t\t\t\tgoogle.maps.event.addDomListener(window, 'load', fusion_run_map_fusion_map_69ecae30e389d);\n\t\t\t\t\t<\/script>\n\t\t\t\t\t<div class=\"shortcode-map fusion-google-map fusion-maps-js-type\" style=\"--awb-height:200px;\" id=\"fusion_map_69ecae30e389d\"><\/div>\n<h3>Gest\u00e3o<\/h3>\n<p>2019-2022<\/p>\n<h3>Presidente<\/h3>\n<p>Marilurdes Monteiro Barros<\/p>\n<h3>Vice-presidente<\/h3>\n<p>Juraci Roberto de Lima<\/p>\n<h3>Diretor administrativo<\/h3>\n<p>Irapuan Medeiros Barros J\u00fanior<\/p>\n<h3>Diretor financeiro<\/h3>\n<p>Jos\u00e9 Gon\u00e7alo da Silva Filho<\/p>\n<h3>Diretora cient\u00edfica<\/h3>\n<p>Maria Madalena Feitosa Soares<\/p>\n<h3>Diretora Social<\/h3>\n<p>Maria Teresa Feitosa Soares<\/p>\n<h3>Conselho Fiscal<\/h3>\n<p>Juliana Monteiro Vitorino<br \/>\nYaskara Maria Cantarelli Cunha<br \/>\nAdriana Monteiro de Ara\u00fajo Lins Machado<\/p>\n<h5>Endere\u00e7o<\/h5>\n<p>Av. Paulina Maria Mendon\u00e7a 310\u00a0\/\u00a0501.<br \/>\nMangabeiras &#8211;\u00a0Macei\u00f3 &#8211; AL<br \/>\nCEP: 57.037-110<\/p>\n<p><strong>Telefone:<\/strong> (82) 3355-8123<br \/>\n<strong>Fax:<\/strong> (82) 3218-2303<\/p>\n<p><strong>E-mail:<\/strong> <a href=\"mailto:madalena-grimaldi@ig.com.br\">madalena-grimaldi@ig.com.br<\/a><\/p>\n","protected":false},"excerpt":{"rendered":"<p>Gest\u00e3o 2019-2022 Presidente Marilurdes Monteiro Barros Vice-presidente Juraci Roberto de Lima Diretor administrativo Irapuan Medeiros Barros J\u00fanior Diretor financeiro Jos\u00e9 Gon\u00e7alo da Silva Filho Diretora cient\u00edfica Maria Madalena Feitosa Soares Diretora Social Maria Teresa Feitosa Soares Conselho Fiscal Juliana Monteiro Vitorino Yaskara Maria Cantarelli Cunha Adriana Monteiro de Ara\u00fajo Lins Machado Endere\u00e7o Av. Paulina Maria [&hellip;]<\/p>\n","protected":false},"author":1,"featured_media":0,"parent":11762,"menu_order":0,"comment_status":"closed","ping_status":"closed","template":"","meta":{"footnotes":""},"_links":{"self":[{"href":"https:\/\/www.anamt.org.br\/portal\/wp-json\/wp\/v2\/pages\/11839"}],"collection":[{"href":"https:\/\/www.anamt.org.br\/portal\/wp-json\/wp\/v2\/pages"}],"about":[{"href":"https:\/\/www.anamt.org.br\/portal\/wp-json\/wp\/v2\/types\/page"}],"author":[{"embeddable":true,"href":"https:\/\/www.anamt.org.br\/portal\/wp-json\/wp\/v2\/users\/1"}],"replies":[{"embeddable":true,"href":"https:\/\/www.anamt.org.br\/portal\/wp-json\/wp\/v2\/comments?post=11839"}],"version-history":[{"count":0,"href":"https:\/\/www.anamt.org.br\/portal\/wp-json\/wp\/v2\/pages\/11839\/revisions"}],"up":[{"embeddable":true,"href":"https:\/\/www.anamt.org.br\/portal\/wp-json\/wp\/v2\/pages\/11762"}],"wp:attachment":[{"href":"https:\/\/www.anamt.org.br\/portal\/wp-json\/wp\/v2\/media?parent=11839"}],"curies":[{"name":"wp","href":"https:\/\/api.w.org\/{rel}","templated":true}]}}