{"id":11824,"date":"2017-02-15T10:13:37","date_gmt":"2017-02-15T12:13:37","guid":{"rendered":"https:\/\/www.anamt.org.br\/portal\/?page_id=11824"},"modified":"2023-12-21T12:18:53","modified_gmt":"2023-12-21T15:18:53","slug":"sociedade-paraense-de-medicina-do-trabalho-spmt","status":"publish","type":"page","link":"https:\/\/www.anamt.org.br\/portal\/federadas-da-anamt\/sociedade-paraense-de-medicina-do-trabalho-spmt\/","title":{"rendered":"Sociedade Paraense de Medicina do Trabalho (SPMT)"},"content":{"rendered":"\t\t\t\t\t<script type=\"text\/javascript\">\n\t\t\t\t\t\tvar map_fusion_map_69ecae38a4c33;\n\t\t\t\t\t\tvar markers = [];\n\t\t\t\t\t\tvar counter = 0;\n\t\t\t\t\t\t\t\t\t\t\t\t\t\t\t\t\t\t\t\tvar fusionMapNonce = '850aabf2fe';\n\t\t\t\t\t\t\t\t\t\t\t\tfunction fusion_run_map_fusion_map_69ecae38a4c33() {\n\t\t\t\t\t\t\tjQuery('#fusion_map_69ecae38a4c33').fusion_maps({\n\t\t\t\t\t\t\t\taddresses: [{\"address\":\"Passagem Bolonha, 134 - Bairro Nazar\\u00e9 Bel\\u00e9m\",\"infobox_content\":\"Passagem Bolonha, 134 - Bairro Nazar\\u00e9 \\\/<br \\\/>\\nBel\\u00e9m - PA \\\/ CEP: 66053-060\",\"marker\":\"https:\\\/\\\/www.anamt.org.br\\\/portal\\\/wp-content\\\/plugins\\\/fusion-builder\\\/images\\\/avada_map_marker.png\",\"coordinates\":false,\"cache\":true,\"latitude\":\"-1.4509001\",\"longitude\":\"-48.49088169999999\"}],\n\t\t\t\t\t\t\t\tanimations: false,\n\t\t\t\t\t\t\t\tinfobox_background_color: '#227374',\n\t\t\t\t\t\t\t\tinfobox_styling: 'custom',\n\t\t\t\t\t\t\t\tinfobox_text_color: '#fffff',\n\t\t\t\t\t\t\t\tmap_style: 'custom',\n\t\t\t\t\t\t\t\tmap_type: 'roadmap',\n\t\t\t\t\t\t\t\tmarker_icon: 'theme',\n\t\t\t\t\t\t\t\toverlay_color: '#41bfc2',\n\t\t\t\t\t\t\t\toverlay_color_hsl: {\"hue\":181,\"sat\":51,\"lum\":51},\n\t\t\t\t\t\t\t\tpan_control: true,\n\t\t\t\t\t\t\t\tshow_address: true,\n\t\t\t\t\t\t\t\tscale_control: true,\n\t\t\t\t\t\t\t\tscrollwheel: false,\n\t\t\t\t\t\t\t\tzoom: 16,\n\t\t\t\t\t\t\t\tzoom_control: true,\n\t\t\t\t\t\t\t});\n\t\t\t\t\t\t}\n\n\t\t\t\t\t\tgoogle.maps.event.addDomListener(window, 'load', fusion_run_map_fusion_map_69ecae38a4c33);\n\t\t\t\t\t<\/script>\n\t\t\t\t\t<div class=\"shortcode-map fusion-google-map fusion-maps-js-type\" style=\"--awb-height:200px;\" id=\"fusion_map_69ecae38a4c33\"><\/div>\n<h5>Ano de Funda\u00e7\u00e3o<\/h5>\n<p>3 de setembro de 1974<\/p>\n<h5>Gest\u00e3o<\/h5>\n<p>2022 -2025<\/p>\n<h5>Presidente<\/h5>\n<p>Benones de Carvalho<\/p>\n<h5>Vice-presidente<\/h5>\n<p>Leine Gleide Barbosa Le\u00e3o<\/p>\n<h5>Secret\u00e1rio<\/h5>\n<p>Claudia Sheila Carvalho Nazareth Dias<\/p>\n<h5>Secret\u00e1rio Adjunto<\/h5>\n<p>Cust\u00f3dio Maciel Mendes J\u00fanior<\/p>\n<h5>Diretor Financeiro<\/h5>\n<p>Marlon Cazeiro Teixeira<\/p>\n<h5>Diretor Financeiro Adjunto<\/h5>\n<p>Jos\u00e9 Geraldo Velloso da Silva<\/p>\n<h5>Diretor do Departamento Cient\u00edfico e S\u00f3cio Cultural<\/h5>\n<p>Jos\u00e9 Cincur\u00e1 Siqueira Santos<\/p>\n<h5>Diretor Adjunto do Departamento Cient\u00edfico e S\u00f3cio Cultural<\/h5>\n<p>Petrine Hermione de Carvalho Fonseca Salmen<\/p>\n<h5>Diretor de Interc\u00e2mbio e Imprensa e Divulga\u00e7\u00e3o<\/h5>\n<p>Leia Dantas Guimar\u00e3es<\/p>\n<h5>Diretor Adjunto de Interc\u00e2mbio, Imprensa e Divulga\u00e7\u00e3o<\/h5>\n<p>Danilo Magalh\u00e3es Rezegue<\/p>\n<h3>C\u00e2mara T\u00e9cnica<\/h3>\n<h5>Presidente<\/h5>\n<p>Francisco Ferreira de Sousa Filho<\/p>\n<h5>1\u00ba Conselheiro<\/h5>\n<p>Oderlan Rodrigues da Silva<\/p>\n<h5>2\u00ba Conselheiro<\/h5>\n<p>Jos\u00e9 Walter Lima Prado<\/p>\n<h3>Conselho Fiscal<\/h3>\n<h5>Presidente<\/h5>\n<p>Fl\u00e1via Nunes Vieira<\/p>\n<h5>1\u00ba Conselheiro<\/h5>\n<p>Luiz Felipe de Fran\u00e7a<\/p>\n<h5>2\u00ba Conselheiro<\/h5>\n<p>Magaly Molina Ara\u00fajo<\/p>\n<h3>Assembleia Geral<\/h3>\n<h5>Presidente<\/h5>\n<p>Lisio Eduardo Capela Hermes<\/p>\n<h5>1\u00ba Secret\u00e1rio<\/h5>\n<p>Paulo Humberto de Figueiredo Jr.<\/p>\n<h5>2\u00aa Secret\u00e1ria<\/h5>\n<p>Dayene Baia Silva<\/p>\n<h5>Endere\u00e7o<\/h5>\n<p>Passagem Bolonha, 134 &#8211; Bairro Nazar\u00e9<br \/>\nBel\u00e9m &#8211; PA CEP: 66053-060<br \/>\n<strong>Telefone:<\/strong> (91) 3241-2604<\/p>\n<p>&nbsp;<\/p>\n","protected":false},"excerpt":{"rendered":"<p>Ano de Funda\u00e7\u00e3o 3 de setembro de 1974 Gest\u00e3o 2022 -2025 Presidente Benones de Carvalho Vice-presidente Leine Gleide Barbosa Le\u00e3o Secret\u00e1rio Claudia Sheila Carvalho Nazareth Dias Secret\u00e1rio Adjunto Cust\u00f3dio Maciel Mendes J\u00fanior Diretor Financeiro Marlon Cazeiro Teixeira Diretor Financeiro Adjunto Jos\u00e9 Geraldo Velloso da Silva Diretor do Departamento Cient\u00edfico e S\u00f3cio Cultural Jos\u00e9 Cincur\u00e1 Siqueira [&hellip;]<\/p>\n","protected":false},"author":1,"featured_media":0,"parent":11762,"menu_order":0,"comment_status":"closed","ping_status":"closed","template":"","meta":{"footnotes":""},"_links":{"self":[{"href":"https:\/\/www.anamt.org.br\/portal\/wp-json\/wp\/v2\/pages\/11824"}],"collection":[{"href":"https:\/\/www.anamt.org.br\/portal\/wp-json\/wp\/v2\/pages"}],"about":[{"href":"https:\/\/www.anamt.org.br\/portal\/wp-json\/wp\/v2\/types\/page"}],"author":[{"embeddable":true,"href":"https:\/\/www.anamt.org.br\/portal\/wp-json\/wp\/v2\/users\/1"}],"replies":[{"embeddable":true,"href":"https:\/\/www.anamt.org.br\/portal\/wp-json\/wp\/v2\/comments?post=11824"}],"version-history":[{"count":2,"href":"https:\/\/www.anamt.org.br\/portal\/wp-json\/wp\/v2\/pages\/11824\/revisions"}],"predecessor-version":[{"id":48901,"href":"https:\/\/www.anamt.org.br\/portal\/wp-json\/wp\/v2\/pages\/11824\/revisions\/48901"}],"up":[{"embeddable":true,"href":"https:\/\/www.anamt.org.br\/portal\/wp-json\/wp\/v2\/pages\/11762"}],"wp:attachment":[{"href":"https:\/\/www.anamt.org.br\/portal\/wp-json\/wp\/v2\/media?parent=11824"}],"curies":[{"name":"wp","href":"https:\/\/api.w.org\/{rel}","templated":true}]}}