{"id":11821,"date":"2017-02-15T10:08:15","date_gmt":"2017-02-15T12:08:15","guid":{"rendered":"https:\/\/www.anamt.org.br\/portal\/?page_id=11821"},"modified":"2020-02-20T15:26:07","modified_gmt":"2020-02-20T18:26:07","slug":"associacao-amazonense-de-medicina-do-trabalho","status":"publish","type":"page","link":"https:\/\/www.anamt.org.br\/portal\/federadas-da-anamt\/associacao-amazonense-de-medicina-do-trabalho\/","title":{"rendered":"Associa\u00e7\u00e3o Amazonense de Medicina do Trabalho"},"content":{"rendered":"\t\t\t\t\t<script type=\"text\/javascript\">\n\t\t\t\t\t\tvar map_fusion_map_69ec9af1a33be;\n\t\t\t\t\t\tvar markers = [];\n\t\t\t\t\t\tvar counter = 0;\n\t\t\t\t\t\t\t\t\t\t\t\t\t\t\t\t\t\t\t\tvar fusionMapNonce = 'b3dc660aee';\n\t\t\t\t\t\t\t\t\t\t\t\tfunction fusion_run_map_fusion_map_69ec9af1a33be() {\n\t\t\t\t\t\t\tjQuery('#fusion_map_69ec9af1a33be').fusion_maps({\n\t\t\t\t\t\t\t\taddresses: [{\"address\":\"Av. Tancredo Neves 31, Manaus\",\"infobox_content\":\"Av. Tancredo Neves, 31, Altos, Manaus-AM.<br \\\/>\\nCEP 69057-700\",\"marker\":\"https:\\\/\\\/www.anamt.org.br\\\/portal\\\/wp-content\\\/plugins\\\/fusion-builder\\\/images\\\/avada_map_marker.png\",\"coordinates\":false,\"cache\":true,\"latitude\":\"-3.0748184\",\"longitude\":\"-60.007981900000004\"}],\n\t\t\t\t\t\t\t\tanimations: false,\n\t\t\t\t\t\t\t\tinfobox_background_color: '#227374',\n\t\t\t\t\t\t\t\tinfobox_styling: 'custom',\n\t\t\t\t\t\t\t\tinfobox_text_color: '#fffff',\n\t\t\t\t\t\t\t\tmap_style: 'custom',\n\t\t\t\t\t\t\t\tmap_type: 'roadmap',\n\t\t\t\t\t\t\t\tmarker_icon: 'theme',\n\t\t\t\t\t\t\t\toverlay_color: '#41bfc2',\n\t\t\t\t\t\t\t\toverlay_color_hsl: {\"hue\":181,\"sat\":51,\"lum\":51},\n\t\t\t\t\t\t\t\tpan_control: true,\n\t\t\t\t\t\t\t\tshow_address: true,\n\t\t\t\t\t\t\t\tscale_control: true,\n\t\t\t\t\t\t\t\tscrollwheel: false,\n\t\t\t\t\t\t\t\tzoom: 16,\n\t\t\t\t\t\t\t\tzoom_control: true,\n\t\t\t\t\t\t\t});\n\t\t\t\t\t\t}\n\n\t\t\t\t\t\tgoogle.maps.event.addDomListener(window, 'load', fusion_run_map_fusion_map_69ec9af1a33be);\n\t\t\t\t\t<\/script>\n\t\t\t\t\t<div class=\"shortcode-map fusion-google-map fusion-maps-js-type\" style=\"--awb-height:200px;\" id=\"fusion_map_69ec9af1a33be\"><\/div>\n<h5>Ano da Funda\u00e7\u00e3o<\/h5>\n<p>2019<\/p>\n<h5>Presidente<\/h5>\n<p>Cleverson Redivo<\/p>\n<h5>Secret\u00e1rio<\/h5>\n<p>Thiago de Souza Machado<\/p>\n<h5>Secret\u00e1rio Adjunto<\/h5>\n<p>Joaber Jer\u00f4nimo de Oliveira<\/p>\n<h5>Diretor Financeiro<\/h5>\n<p>Ricardo Ant\u00f4nio Turenko Be\u00e7a<\/p>\n<h5>Diretora do Dep. Cient\u00edfico e Sociocultural<\/h5>\n<p>Morgana da Silva Miller<\/p>\n<h5>Dir. Adjunta do Dep. Cient\u00edfico e Sociocultural<\/h5>\n<p>Vanessa de Souza Carioca<\/p>\n<h5>Diretora do Dep. de Interc\u00e2mbio, Imprensa e Divulga\u00e7\u00e3o<\/h5>\n<p>Karanna Loureiro Caram Menezes<\/p>\n<h5>Conselho Fiscal &#8211; Presidente<\/h5>\n<p>Denir Cruz Fernandes Junior<\/p>\n<h5>Conselho Fiscal &#8211; 1\u00ba Conselheiro<\/h5>\n<p>Cristiano Ferraz Moreira<\/p>\n<h5>Conselho Fiscal &#8211; 2\u00ba Conselheiro<\/h5>\n<p>Karen Cinara Miranda Pinheiro de Campos<\/p>\n<h5>Site:<\/h5>\n<p><a href=\"http:\/\/www.aamt.com.br\/\"> http:\/\/www.aamt.com.br\/<\/a> <em>(sob constru\u00e7\u00e3o)<\/em><\/p>\n","protected":false},"excerpt":{"rendered":"<p>Ano da Funda\u00e7\u00e3o 2019 Presidente Cleverson Redivo Secret\u00e1rio Thiago de Souza Machado Secret\u00e1rio Adjunto Joaber Jer\u00f4nimo de Oliveira Diretor Financeiro Ricardo Ant\u00f4nio Turenko Be\u00e7a Diretora do Dep. Cient\u00edfico e Sociocultural Morgana da Silva Miller Dir. Adjunta do Dep. Cient\u00edfico e Sociocultural Vanessa de Souza Carioca Diretora do Dep. de Interc\u00e2mbio, Imprensa e Divulga\u00e7\u00e3o Karanna Loureiro [&hellip;]<\/p>\n","protected":false},"author":1,"featured_media":0,"parent":11762,"menu_order":0,"comment_status":"closed","ping_status":"closed","template":"","meta":{"footnotes":""},"_links":{"self":[{"href":"https:\/\/www.anamt.org.br\/portal\/wp-json\/wp\/v2\/pages\/11821"}],"collection":[{"href":"https:\/\/www.anamt.org.br\/portal\/wp-json\/wp\/v2\/pages"}],"about":[{"href":"https:\/\/www.anamt.org.br\/portal\/wp-json\/wp\/v2\/types\/page"}],"author":[{"embeddable":true,"href":"https:\/\/www.anamt.org.br\/portal\/wp-json\/wp\/v2\/users\/1"}],"replies":[{"embeddable":true,"href":"https:\/\/www.anamt.org.br\/portal\/wp-json\/wp\/v2\/comments?post=11821"}],"version-history":[{"count":0,"href":"https:\/\/www.anamt.org.br\/portal\/wp-json\/wp\/v2\/pages\/11821\/revisions"}],"up":[{"embeddable":true,"href":"https:\/\/www.anamt.org.br\/portal\/wp-json\/wp\/v2\/pages\/11762"}],"wp:attachment":[{"href":"https:\/\/www.anamt.org.br\/portal\/wp-json\/wp\/v2\/media?parent=11821"}],"curies":[{"name":"wp","href":"https:\/\/api.w.org\/{rel}","templated":true}]}}