{"id":11546,"date":"2017-02-10T22:43:36","date_gmt":"2017-02-11T00:43:36","guid":{"rendered":"https:\/\/www.anamt.org.br\/portal\/?page_id=11546"},"modified":"2017-02-10T22:59:17","modified_gmt":"2017-02-11T00:59:17","slug":"baixe-o-app-do-jornal-da-anamt-e-leia-no-celular-ou-tablet","status":"publish","type":"page","link":"https:\/\/www.anamt.org.br\/portal\/publicacoes\/jornais\/baixe-o-app-do-jornal-da-anamt-e-leia-no-celular-ou-tablet\/","title":{"rendered":"Baixe o app do Jornal da Anamt e leia no celular, ou tablet"},"content":{"rendered":"<p>A Anamt\u00a0lan\u00e7ou no in\u00edcio deste m\u00eas vers\u00f5es do Jornal da Anamt para os sistemas iOS e Android. A iniciativa tem como objetivo facilitar o acesso do p\u00fablico a um tema relevante a todos os brasileiros: sa\u00fade e seguran\u00e7a no trabalho. Para consolidar o compromisso de representar os m\u00e9dicos do trabalho e, ao mesmo tempo, promover debates sobre SST, a Anamt\u00a0aposta na mobilidade como uma importante estrat\u00e9gia de comunica\u00e7\u00e3o, que\u00a0reflete, tamb\u00e9m, a vis\u00e3o participativa e agregadora da institui\u00e7\u00e3o<\/p>\n<p>\u00c9 poss\u00edvel baixar o aplicativo do Jornal da Anamt\u00a0na:<\/p>\n<p><a href=\"https:\/\/www.anamt.org.br\/portal\/wp-content\/uploads\/2017\/02\/ico_rest_apple.png\"><img decoding=\"async\" class=\"size-full wp-image-11552 alignleft\" src=\"https:\/\/www.anamt.org.br\/portal\/wp-content\/uploads\/2017\/02\/ico_rest_apple.png\" alt=\"\" width=\"64\" height=\"64\" \/><\/a>\u00a0<a href=\"https:\/\/itunes.apple.com\/pt\/app\/jornal-da-anamt\/id819375973?mt=8\">Apple Store<br \/>\n<\/a>(para dispositivos iOS &#8211; iPhone, iPad e iPod)<\/p>\n<p>&nbsp;<\/p>\n<p><a href=\"https:\/\/www.anamt.org.br\/portal\/wp-content\/uploads\/2017\/02\/ico_rest_android_64.png\"><img decoding=\"async\" class=\"size-full wp-image-11553 alignleft\" src=\"https:\/\/www.anamt.org.br\/portal\/wp-content\/uploads\/2017\/02\/ico_rest_android_64.png\" alt=\"\" width=\"64\" height=\"64\" \/><\/a><a href=\"https:\/\/play.google.com\/store\/apps\/details?id=br.org.anamt\">Google Play<br \/>\n<\/a>para aparelhos Android.<\/p>\n<p><em><br \/>\nO download \u00e9 gr\u00e1tis.<\/em><\/p>\n","protected":false},"excerpt":{"rendered":"<p>A Anamt\u00a0lan\u00e7ou no in\u00edcio deste m\u00eas vers\u00f5es do Jornal da Anamt para os sistemas iOS e Android. A iniciativa tem como objetivo facilitar o acesso do p\u00fablico a um tema relevante a todos os brasileiros: sa\u00fade e seguran\u00e7a no trabalho. Para consolidar o compromisso de representar os m\u00e9dicos do trabalho e, ao mesmo tempo, promover [&hellip;]<\/p>\n","protected":false},"author":1,"featured_media":0,"parent":10706,"menu_order":0,"comment_status":"closed","ping_status":"closed","template":"","meta":{"footnotes":""},"_links":{"self":[{"href":"https:\/\/www.anamt.org.br\/portal\/wp-json\/wp\/v2\/pages\/11546"}],"collection":[{"href":"https:\/\/www.anamt.org.br\/portal\/wp-json\/wp\/v2\/pages"}],"about":[{"href":"https:\/\/www.anamt.org.br\/portal\/wp-json\/wp\/v2\/types\/page"}],"author":[{"embeddable":true,"href":"https:\/\/www.anamt.org.br\/portal\/wp-json\/wp\/v2\/users\/1"}],"replies":[{"embeddable":true,"href":"https:\/\/www.anamt.org.br\/portal\/wp-json\/wp\/v2\/comments?post=11546"}],"version-history":[{"count":0,"href":"https:\/\/www.anamt.org.br\/portal\/wp-json\/wp\/v2\/pages\/11546\/revisions"}],"up":[{"embeddable":true,"href":"https:\/\/www.anamt.org.br\/portal\/wp-json\/wp\/v2\/pages\/10706"}],"wp:attachment":[{"href":"https:\/\/www.anamt.org.br\/portal\/wp-json\/wp\/v2\/media?parent=11546"}],"curies":[{"name":"wp","href":"https:\/\/api.w.org\/{rel}","templated":true}]}}